{"id":322529,"date":"2023-01-05T22:31:16","date_gmt":"2024-03-20T11:00:48","guid":{"rendered":"https:\/\/www.moskito.cz\/produkt\/cuchillo-de-cierre-andre-de-villiers-bowie-copper-acid-rain-frag\/"},"modified":"2025-05-07T11:07:13","modified_gmt":"2025-05-07T10:07:13","slug":"cuchillo-de-cierre-andre-de-villiers-bowie-copper-acid-rain-frag","status":"publish","type":"product","link":"https:\/\/www.moskito.cz\/es\/produkt\/cuchillo-de-cierre-andre-de-villiers-bowie-copper-acid-rain-frag\/","title":{"rendered":"Cuchillo de cierre Andre De Villiers BOWIE COPPER ACID RAIN FRAG"},"content":{"rendered":"<p>Cuchillo de cierre <strong>Andre De Villiers<\/strong> BOWIE COPPER ACID RAIN FRAG.<\/p>\n<p>Bowie es lo m\u00e1s amenazador que puede llegar a ser una navaja. Viene no s\u00f3lo con una apariencia intimidante, sino tambi\u00e9n con un conjunto de caracter\u00edsticas que le permiten brillar como una herramienta t\u00e1ctica y\/o de supervivencia. Una vez que superas la hoja Bowie que da nombre a Badlands, tienes un conjunto de aletas dobles, como el DF Pathfinder, lo que lo convierte en un verdadero cuchillo de combate. Al igual que el Emerson Wave, la aleta en la parte posterior de la hoja abre autom\u00e1ticamente el cuchillo cuando se saca del bolsillo, pero no fue dise\u00f1ado para hacerlo. El Wave fue dise\u00f1ado originalmente para la lucha real con cuchillo, protegiendo el dorso de tu mano si la espada de tu oponente sigue tu columna.<\/p>\n<p>Otra cosa que distingue a este cuchillo de otros dise\u00f1os t\u00e1cticos es la ergonom\u00eda. Por supuesto, muchos pu\u00f1os ADV son similares, pero este es, con diferencia, el m\u00e1s c\u00f3modo que jam\u00e1s hayamos sentido. La adici\u00f3n de una segunda ranura para el dedo y una ligera curva en la forma general (ambas no se encuentran en el Butcher original) hacen que este cuchillo sea extremadamente c\u00f3modo de sostener y usar. Cuenta con un pasador de rodamiento de bolas, un clip de bolsillo para bola, un inserto de bloqueo\/amortiguador de recorrido reemplazable y un pasador de tornillo Torx insertado, una caracter\u00edstica distintiva del trabajo de Andre. Paul Hogan estar\u00eda de acuerdo; \u00ab\u00a1Esto es un cuchillo!\u00bb<\/p>\n<p>Especificaciones<br \/>\nLongitud total: 23 cm<br \/>\nLongitud de la hoja: 10 cm<br \/>\nGrosor de la hoja: 0,5 cm.<br \/>\nMaterial de la hoja:: CPM S35VN<br \/>\nMaterial del mango:: Titanio<br \/>\nPeso: 8,62 onzas.<br \/>\nUsuario: mano derecha, mano izquierda<br \/>\nClip de bolsillo: reversible en 3 direcciones<br \/>\nTipo de cuchillo: Manual<br \/>\nAbridor: Flipper, Nail Nick<br \/>\nTipo de bloqueo: bloqueo de marco<br \/>\nMarca: Andr\u00e9 de Villiers<br \/>\nMejores usos: transporte diario, t\u00e1ctico<\/p>\n<p>&nbsp;<\/p>\n","protected":false},"excerpt":{"rendered":"<p>La navaja <strong>AdV<\/strong> tiene una apertura suave con un cierre de marco de titanio.<\/p>\n","protected":false},"featured_media":322535,"comment_status":"open","ping_status":"closed","template":"","meta":[],"pwb-brand":[3823],"product_brand":[],"product_cat":[3730,3726],"product_tag":[3756],"class_list":{"0":"post-322529","1":"product","2":"type-product","3":"status-publish","4":"has-post-thumbnail","6":"pwb-brand-andre-de-villiers-es","7":"product_cat-cuchillas-de-cierre","8":"product_cat-cuchillos","9":"product_tag-b2b-es","11":"first","12":"instock","13":"taxable","14":"shipping-taxable","15":"purchasable","16":"product-type-simple"},"brands":[{"id":3823,"name":"Andr\u00e9 De Villiers","slug":"andre-de-villiers-es"}],"_links":{"self":[{"href":"https:\/\/www.moskito.cz\/es\/wp-json\/wp\/v2\/product\/322529","targetHints":{"allow":["GET"]}}],"collection":[{"href":"https:\/\/www.moskito.cz\/es\/wp-json\/wp\/v2\/product"}],"about":[{"href":"https:\/\/www.moskito.cz\/es\/wp-json\/wp\/v2\/types\/product"}],"replies":[{"embeddable":true,"href":"https:\/\/www.moskito.cz\/es\/wp-json\/wp\/v2\/comments?post=322529"}],"wp:featuredmedia":[{"embeddable":true,"href":"https:\/\/www.moskito.cz\/es\/wp-json\/wp\/v2\/media\/322535"}],"wp:attachment":[{"href":"https:\/\/www.moskito.cz\/es\/wp-json\/wp\/v2\/media?parent=322529"}],"wp:term":[{"taxonomy":"pwb-brand","embeddable":true,"href":"https:\/\/www.moskito.cz\/es\/wp-json\/wp\/v2\/pwb-brand?post=322529"},{"taxonomy":"product_brand","embeddable":true,"href":"https:\/\/www.moskito.cz\/es\/wp-json\/wp\/v2\/product_brand?post=322529"},{"taxonomy":"product_cat","embeddable":true,"href":"https:\/\/www.moskito.cz\/es\/wp-json\/wp\/v2\/product_cat?post=322529"},{"taxonomy":"product_tag","embeddable":true,"href":"https:\/\/www.moskito.cz\/es\/wp-json\/wp\/v2\/product_tag?post=322529"}],"curies":[{"name":"wp","href":"https:\/\/api.w.org\/{rel}","templated":true}]}}