{"id":322881,"date":"2023-04-17T22:18:07","date_gmt":"2024-03-20T12:25:44","guid":{"rendered":"https:\/\/www.moskito.cz\/produkt\/cuchillo-cierre-cuchillos-chaves-tak-flipper-ultramar-satinado-tak-rdp-bg10-bf\/"},"modified":"2025-05-07T11:07:23","modified_gmt":"2025-05-07T10:07:23","slug":"cuchillo-cierre-cuchillos-chaves-tak-flipper-ultramar-satinado-tak-rdp-bg10-bf","status":"publish","type":"product","link":"https:\/\/www.moskito.cz\/es\/produkt\/cuchillo-cierre-cuchillos-chaves-tak-flipper-ultramar-satinado-tak-rdp-bg10-bf\/","title":{"rendered":"Cuchillo Cierre Cuchillos Chaves TAK Flipper Ultramar Satinado TAK\/RDP\/BG10\/BF"},"content":{"rendered":"<p>Cuchillo Cierre <strong>Cuchillos Chaves<\/strong> TAK Flipper Ultramar Satinado TAK\/RDP\/BG10\/BF<\/p>\n<p>Los cuchillos <strong>Chaves Ultramar<\/strong> de Ram\u00f3n Ch\u00e1vez son fabricados por Reate Knives, cuyo objetivo es llevar sus incre\u00edbles cuchillos a una audiencia m\u00e1s amplia. Cada dise\u00f1o presenta su exclusivo clip de bolsillo con forma de calavera de titanio y una construcci\u00f3n s\u00f3lida como una roca. \u00a1Son perfectos para el uso diario y Reate ha replicado perfectamente la incre\u00edble acci\u00f3n de Ram\u00f3n para que giren como si fueran reales!<\/p>\n<p>Este cuchillo TAK Tiny Ass es una versi\u00f3n a\u00fan m\u00e1s peque\u00f1a del Redencion Street y podr\u00eda ser el cuchillo EDC compacto perfecto. Es fant\u00e1stico para cortar r\u00e1pidamente con una acci\u00f3n ultrarr\u00e1pida y un c\u00f3modo agarre con tres dedos. La forma cuadrada es realmente \u00fatil aqu\u00ed y crea un agarre m\u00e1s firme para este peque\u00f1o. Quedamos muy impresionados con este dise\u00f1o de Ramon, parece que puede ser demasiado peque\u00f1o pero realmente funciona cuando lo presionas. No necesita m\u00e1s que esto para llevar todos los d\u00edas, y si est\u00e1 buscando una navaja con clip para billetes, esta podr\u00eda ser la mejor que tenemos. Es asombroso.<\/p>\n<p>Especificaciones<br \/>\nLongitud de la hoja: 6,87 cm<br \/>\nFilo: 6,5 cm.<br \/>\nLargo cerrado: 8,7 cm<br \/>\nLongitud total: 15,57 cm.<br \/>\nMaterial de la hoja: acero inoxidable Bohler M390<br \/>\nGrosor de la hoja: 0,37 cm.<br \/>\nEstilo de hoja: Punto de ca\u00edda<br \/>\nRectificado de cuchillas: Mezcla<br \/>\nAcabado de la pala: Cintur\u00f3n Satinado<br \/>\nMaterial del mango: negro G10<br \/>\nGrosor del mango: 1,27 cm.<br \/>\nMaterial de inserci\u00f3n: Titanio<br \/>\nMecanismo de bloqueo: Liner Lock<br \/>\nConjunto de pasador: rodamientos<br \/>\nClip de bolsillo: Titanio (plegable, uso derecho\/izquierdo)<br \/>\nPeso: 2,96 onzas.<br \/>\nDise\u00f1ador: Ram\u00f3n Ch\u00e1vez<\/p>\n","protected":false},"excerpt":{"rendered":"<p><strong>Los cuchillos Chaves est\u00e1n dise\u00f1ados para un uso intensivo y est\u00e1n fabricados con los mejores materiales para mayor durabilidad y retenci\u00f3n de los bordes. M\u00e1s que un simple cuchillo funcional, una herramienta de corte seria que durar\u00e1 toda la vida.<\/strong><\/p>\n<p><strong>Ram\u00f3n y Lorrie Ch\u00e1vez.<\/strong><\/p>\n","protected":false},"featured_media":322886,"comment_status":"open","ping_status":"closed","template":"","meta":[],"pwb-brand":[3832],"product_brand":[],"product_cat":[3730,3726],"product_tag":[3756],"class_list":{"0":"post-322881","1":"product","2":"type-product","3":"status-publish","4":"has-post-thumbnail","6":"pwb-brand-cuchillos-chaves","7":"product_cat-cuchillas-de-cierre","8":"product_cat-cuchillos","9":"product_tag-b2b-es","11":"first","12":"instock","13":"taxable","14":"shipping-taxable","15":"purchasable","16":"product-type-simple"},"brands":[{"id":3832,"name":"Cuchillos Chaves","slug":"cuchillos-chaves"}],"_links":{"self":[{"href":"https:\/\/www.moskito.cz\/es\/wp-json\/wp\/v2\/product\/322881","targetHints":{"allow":["GET"]}}],"collection":[{"href":"https:\/\/www.moskito.cz\/es\/wp-json\/wp\/v2\/product"}],"about":[{"href":"https:\/\/www.moskito.cz\/es\/wp-json\/wp\/v2\/types\/product"}],"replies":[{"embeddable":true,"href":"https:\/\/www.moskito.cz\/es\/wp-json\/wp\/v2\/comments?post=322881"}],"wp:featuredmedia":[{"embeddable":true,"href":"https:\/\/www.moskito.cz\/es\/wp-json\/wp\/v2\/media\/322886"}],"wp:attachment":[{"href":"https:\/\/www.moskito.cz\/es\/wp-json\/wp\/v2\/media?parent=322881"}],"wp:term":[{"taxonomy":"pwb-brand","embeddable":true,"href":"https:\/\/www.moskito.cz\/es\/wp-json\/wp\/v2\/pwb-brand?post=322881"},{"taxonomy":"product_brand","embeddable":true,"href":"https:\/\/www.moskito.cz\/es\/wp-json\/wp\/v2\/product_brand?post=322881"},{"taxonomy":"product_cat","embeddable":true,"href":"https:\/\/www.moskito.cz\/es\/wp-json\/wp\/v2\/product_cat?post=322881"},{"taxonomy":"product_tag","embeddable":true,"href":"https:\/\/www.moskito.cz\/es\/wp-json\/wp\/v2\/product_tag?post=322881"}],"curies":[{"name":"wp","href":"https:\/\/api.w.org\/{rel}","templated":true}]}}