{"id":323165,"date":"2024-03-20T15:15:21","date_gmt":"2024-03-20T14:53:04","guid":{"rendered":"https:\/\/www.moskito.cz\/produkt\/spartan-blades-ronin-shinto-sb47debkkytn-cuchillo-fijo\/"},"modified":"2025-05-07T11:07:28","modified_gmt":"2025-05-07T10:07:28","slug":"spartan-blades-ronin-shinto-sb47debkkytn-cuchillo-fijo","status":"publish","type":"product","link":"https:\/\/www.moskito.cz\/es\/produkt\/spartan-blades-ronin-shinto-sb47debkkytn-cuchillo-fijo\/","title":{"rendered":"Spartan Blades Ronin Shinto SB47DEBKKYTN Cuchillo fijo"},"content":{"rendered":"<p><strong>Spartan Blades<\/strong> Ronin Shinto SB47DEBKKYTN Cuchillo fijo<\/p>\n<p>Spartan-R\u014dnin Shint\u014d: forjado en la tradici\u00f3n, dise\u00f1ado para la acci\u00f3n<\/p>\n<p>Abrace el esp\u00edritu del Spartan-R\u014dnin Shint\u014d, un cuchillo de combate que equilibra maravillosamente la esencia del dise\u00f1o antiguo y nuevo. Dise\u00f1ado por Tu Lam y Curtis Iovite, este cuchillo est\u00e1 inspirado en la filosof\u00eda del \u00abShinto\u00bb, que significa combinar las costumbres antiguas con las nuevas, como testimonio de la funcionalidad y la artesan\u00eda.<\/p>\n<p>Propiedades clave:<\/p>\n<p>Ra\u00edces filos\u00f3ficas: \u00abShinto\u00bb encarna la pr\u00e1ctica de vincular tradiciones con enfoques contempor\u00e1neos. Spartan-R\u014dnin Shint\u014d rinde homenaje a esta filosof\u00eda, creando una espada que combina a la perfecci\u00f3n elementos de dise\u00f1o nuevos y antiguos.<\/p>\n<p>Dise\u00f1ador de renombre: codise\u00f1ado por Tu Lam, un soldado retirado de las fuerzas especiales de los fundadores de Spartan Blades. Los antecedentes de Tu Lam como \u00abBoina Verde\u00bb y su amplia experiencia en entrenamiento militar y policial lo convierten en una autoridad respetada en el campo.<\/p>\n<p>Entrenamiento militar y policial: Tu Lam es la fuerza impulsora detr\u00e1s de RONIN Tactics, Inc., una organizaci\u00f3n que entrena unidades militares y policiales de \u00e9lite en todo el mundo en combate cuerpo a cuerpo y t\u00e9cnicas con cuchillo. Su experiencia se muestra a\u00fan m\u00e1s como copresentador de la serie de televisi\u00f3n de The History Channel \u00abForged in Fire, Knife or Death\u00bb.<\/p>\n<p>Construcci\u00f3n de la hoja: El Spartan-R\u014dnin Shint\u014d cuenta con una s\u00f3lida hoja curvada hecha de acero CPM S45VN de alto rendimiento. Un doble tratamiento t\u00e9rmico crio profundo garantiza durabilidad, mientras que un acabado de deposici\u00f3n f\u00edsica de vapor (PVD), disponible en Flat Black o Flat Dark Earth, agrega una ventaja t\u00e1ctica.<\/p>\n<p>Mango Excellence: El mango est\u00e1 fabricado en Black CE Canvas Micarta\u00ae, que proporciona un agarre seguro y c\u00f3modo incluso en condiciones exigentes.<\/p>\n<p>Opciones de funda: elija entre una funda MOLLE de nailon acolchado (disponible en negro, Coyote Tan o MultiCam) para opciones de transporte vers\u00e1tiles o una funda con cintur\u00f3n Kydex (disponible en negro o Coyote Tan) para un transporte seguro y eficiente.<\/p>\n<p>Especificaciones:<\/p>\n<p>Nombre del cuchillo: Spartan-R\u014dnin Shint\u014d<br \/>\nDise\u00f1adores: Tu Lam \/ Curtis Iovito<br \/>\nLongitud de la hoja: 14,6 cm<br \/>\nGrosor de la hoja: 0,48 cm.<br \/>\nLongitud del cuchillo: 26,75 cm<br \/>\nAcero de la hoja: CPM S45VN<br \/>\nDureza de la hoja: 59-61 HRC<br \/>\nEstilo de hoja: curvatura fija<br \/>\nRecubrimiento: PVD \u2013 Tungsteno DLC (Flat Black) o ZrN (Flat Dark Earth)<br \/>\nMaterial del mango: Lona CE negra Micarta\u00ae<br \/>\nFunda: Forro de nailon MOLLE (negro, marr\u00f3n coyote o MultiCam) o Kydex con presilla para cintur\u00f3n (negro o marr\u00f3n coyote)<br \/>\nPeso: 0,558 libras<\/p>\n<p><iframe title=\"Spartan Blades Company Knife Company Story with Co-Founders Mark Carey and Curtis Iovito.\" width=\"800\" height=\"450\" src=\"https:\/\/www.youtube.com\/embed\/S-EVJgZR57Y?feature=oembed\" frameborder=\"0\" allow=\"accelerometer; autoplay; clipboard-write; encrypted-media; gyroscope; picture-in-picture; web-share\" allowfullscreen><\/iframe><\/p>\n<p>&nbsp;<\/p>\n<p>&nbsp;<\/p>\n","protected":false},"excerpt":{"rendered":"<p><strong>Abrace el esp\u00edritu del Spartan-R\u014dnin Shint\u014d, un cuchillo de combate que equilibra maravillosamente la esencia del dise\u00f1o antiguo y nuevo. Dise\u00f1ado por Tu Lam y Curtis Iovite, este cuchillo est\u00e1 inspirado en la filosof\u00eda del \u00abShinto\u00bb, que significa combinar las costumbres antiguas con las nuevas, como testimonio de la funcionalidad y la artesan\u00eda.<\/strong><\/p>\n<p><strong>Transporte gratuito.<\/strong><\/p>\n","protected":false},"featured_media":323097,"comment_status":"open","ping_status":"closed","template":"","meta":[],"pwb-brand":[3838],"product_brand":[],"product_cat":[3726,3727],"product_tag":[3756],"class_list":{"0":"post-323165","1":"product","2":"type-product","3":"status-publish","4":"has-post-thumbnail","6":"pwb-brand-espadas-espartanas","7":"product_cat-cuchillos","8":"product_cat-cuchillos-macizos","9":"product_tag-b2b-es","11":"first","12":"instock","13":"taxable","14":"shipping-taxable","15":"purchasable","16":"product-type-simple"},"brands":[{"id":3838,"name":"Espadas espartanas","slug":"espadas-espartanas"}],"_links":{"self":[{"href":"https:\/\/www.moskito.cz\/es\/wp-json\/wp\/v2\/product\/323165","targetHints":{"allow":["GET"]}}],"collection":[{"href":"https:\/\/www.moskito.cz\/es\/wp-json\/wp\/v2\/product"}],"about":[{"href":"https:\/\/www.moskito.cz\/es\/wp-json\/wp\/v2\/types\/product"}],"replies":[{"embeddable":true,"href":"https:\/\/www.moskito.cz\/es\/wp-json\/wp\/v2\/comments?post=323165"}],"wp:featuredmedia":[{"embeddable":true,"href":"https:\/\/www.moskito.cz\/es\/wp-json\/wp\/v2\/media\/323097"}],"wp:attachment":[{"href":"https:\/\/www.moskito.cz\/es\/wp-json\/wp\/v2\/media?parent=323165"}],"wp:term":[{"taxonomy":"pwb-brand","embeddable":true,"href":"https:\/\/www.moskito.cz\/es\/wp-json\/wp\/v2\/pwb-brand?post=323165"},{"taxonomy":"product_brand","embeddable":true,"href":"https:\/\/www.moskito.cz\/es\/wp-json\/wp\/v2\/product_brand?post=323165"},{"taxonomy":"product_cat","embeddable":true,"href":"https:\/\/www.moskito.cz\/es\/wp-json\/wp\/v2\/product_cat?post=323165"},{"taxonomy":"product_tag","embeddable":true,"href":"https:\/\/www.moskito.cz\/es\/wp-json\/wp\/v2\/product_tag?post=323165"}],"curies":[{"name":"wp","href":"https:\/\/api.w.org\/{rel}","templated":true}]}}