{"id":323177,"date":"2024-03-20T15:44:46","date_gmt":"2024-03-20T14:54:35","guid":{"rendered":"https:\/\/www.moskito.cz\/produkt\/cuchillo-fijo-spartan-blades-grado-profesional-machai-sbsl002bkbk\/"},"modified":"2025-05-07T11:07:30","modified_gmt":"2025-05-07T10:07:30","slug":"cuchillo-fijo-spartan-blades-grado-profesional-machai-sbsl002bkbk","status":"publish","type":"product","link":"https:\/\/www.moskito.cz\/es\/produkt\/cuchillo-fijo-spartan-blades-grado-profesional-machai-sbsl002bkbk\/","title":{"rendered":"Cuchillo Fijo Spartan Blades Grado Profesional Machai SBSL002BKBK"},"content":{"rendered":"<p>Cuchillo Fijo <strong>Spartan Blades<\/strong> Grado Profesional Machai SBSL002BKBK.<\/p>\n<p>Presentamos <strong>Machai<\/strong> , un nombre acorde con su papel como formidable herramienta de corte inspirada en los demonios de batalla de la mitolog\u00eda griega. Elaborado por los h\u00e1biles artesanos de KA-BAR Knives en Olean, Nueva York, EE. UU., el Machai rinde homenaje a sus ra\u00edces m\u00edticas con un dise\u00f1o que sobresale en combate y corte. La construcci\u00f3n de espiga completa y el equilibrio hacia adelante de esta hoja plana mejoran su capacidad de corte, convirti\u00e9ndola en el compa\u00f1ero ideal para quienes buscan una herramienta robusta y confiable.<\/p>\n<p>Propiedades clave:<\/p>\n<p>Dise\u00f1o de la hoja: El peso pesado y el perfil recurvado combinados con el afilado inverso duro\/recurvo\/plano crean una hoja optimizada para escenarios de corte y combate efectivos.<br \/>\nHoja de acero: forjada con acero Cro-Van 1095 de origen alem\u00e1n, la Machai garantiza durabilidad y resistencia. El recubrimiento en polvo negro no s\u00f3lo proporciona una apariencia discreta, sino que tambi\u00e9n aumenta la resistencia a la corrosi\u00f3n.<br \/>\nMango: El mango ergon\u00f3mico y texturizado de lona Micarta en negro o verde proporciona un agarre c\u00f3modo y seguro en una variedad de condiciones, ya sea h\u00famedas o secas.<br \/>\nConstrucci\u00f3n Full Tang: La construcci\u00f3n Full Tang aumenta la resistencia general y la durabilidad del cuchillo y contribuye a su rendimiento robusto en situaciones exigentes.<br \/>\nOrigen: Fabricado con orgullo en Estados Unidos por KA-BAR Knives, conocido por su compromiso con la artesan\u00eda de calidad.<\/p>\n<p>Especificaciones:<\/p>\n<p>Longitud de la hoja: <span id=\"cwos\" class=\"qv3Wpe\">16,55<\/span> m<br \/>\nLongitud del mango: <span id=\"cwos\" class=\"qv3Wpe\">12,32<\/span> cm<br \/>\nLongitud total: 29 cm<br \/>\nMaterial de la hoja: acero al carbono 1095 Cro-Van<br \/>\nDureza de la hoja: 56-58HRC<br \/>\nEstilo de hoja: recurvo<br \/>\nRectificado de la hoja: Plano<br \/>\nTratamiento superficial de la hoja: recubrimiento en polvo negro<br \/>\nMaterial del mango: Micarta de lona CE negra<br \/>\nMaterial de la carcasa: moldeado por inyecci\u00f3n con palanca activa para el pulgar<br \/>\nPeso: 10,8 onzas.<br \/>\nPeso con estuche: 15,7 oz.<br \/>\nDise\u00f1ador: Curtis Iovito<br \/>\nHecho en EE.UU<\/p>\n<p><iframe title=\"Spartan Blades Company Knife Company Story with Co-Founders Mark Carey and Curtis Iovito.\" width=\"800\" height=\"450\" src=\"https:\/\/www.youtube.com\/embed\/S-EVJgZR57Y?feature=oembed\" frameborder=\"0\" allow=\"accelerometer; autoplay; clipboard-write; encrypted-media; gyroscope; picture-in-picture; web-share\" allowfullscreen><\/iframe><\/p>\n<p>&nbsp;<\/p>\n","protected":false},"excerpt":{"rendered":"<p><strong>Presentamos Machai, un nombre acorde con su papel como formidable herramienta de corte inspirada en los demonios de batalla de la mitolog\u00eda griega.<\/strong><\/p>\n<p><strong>Transporte gratuito.<\/strong><\/p>\n","protected":false},"featured_media":323122,"comment_status":"open","ping_status":"closed","template":"","meta":[],"pwb-brand":[3838],"product_brand":[],"product_cat":[3726,3727],"product_tag":[3756],"class_list":{"0":"post-323177","1":"product","2":"type-product","3":"status-publish","4":"has-post-thumbnail","6":"pwb-brand-espadas-espartanas","7":"product_cat-cuchillos","8":"product_cat-cuchillos-macizos","9":"product_tag-b2b-es","11":"first","12":"instock","13":"taxable","14":"shipping-taxable","15":"purchasable","16":"product-type-simple"},"brands":[{"id":3838,"name":"Espadas espartanas","slug":"espadas-espartanas"}],"_links":{"self":[{"href":"https:\/\/www.moskito.cz\/es\/wp-json\/wp\/v2\/product\/323177","targetHints":{"allow":["GET"]}}],"collection":[{"href":"https:\/\/www.moskito.cz\/es\/wp-json\/wp\/v2\/product"}],"about":[{"href":"https:\/\/www.moskito.cz\/es\/wp-json\/wp\/v2\/types\/product"}],"replies":[{"embeddable":true,"href":"https:\/\/www.moskito.cz\/es\/wp-json\/wp\/v2\/comments?post=323177"}],"wp:featuredmedia":[{"embeddable":true,"href":"https:\/\/www.moskito.cz\/es\/wp-json\/wp\/v2\/media\/323122"}],"wp:attachment":[{"href":"https:\/\/www.moskito.cz\/es\/wp-json\/wp\/v2\/media?parent=323177"}],"wp:term":[{"taxonomy":"pwb-brand","embeddable":true,"href":"https:\/\/www.moskito.cz\/es\/wp-json\/wp\/v2\/pwb-brand?post=323177"},{"taxonomy":"product_brand","embeddable":true,"href":"https:\/\/www.moskito.cz\/es\/wp-json\/wp\/v2\/product_brand?post=323177"},{"taxonomy":"product_cat","embeddable":true,"href":"https:\/\/www.moskito.cz\/es\/wp-json\/wp\/v2\/product_cat?post=323177"},{"taxonomy":"product_tag","embeddable":true,"href":"https:\/\/www.moskito.cz\/es\/wp-json\/wp\/v2\/product_tag?post=323177"}],"curies":[{"name":"wp","href":"https:\/\/api.w.org\/{rel}","templated":true}]}}