{"id":323304,"date":"2024-03-20T20:46:05","date_gmt":"2024-03-20T19:47:21","guid":{"rendered":"https:\/\/www.moskito.cz\/produkt\/cuchillo-plegable-pro-tech-shot-show-2024-malibu\/"},"modified":"2025-05-07T11:07:31","modified_gmt":"2025-05-07T10:07:31","slug":"cuchillo-plegable-pro-tech-shot-show-2024-malibu","status":"publish","type":"product","link":"https:\/\/www.moskito.cz\/es\/produkt\/cuchillo-plegable-pro-tech-shot-show-2024-malibu\/","title":{"rendered":"Cuchillo plegable Pro-Tech SHOT Show 2024 Malibu"},"content":{"rendered":"<p>Cuchillo plegable <strong>Pro-Tech<\/strong> SHOT Show 2024 Malibu.<\/p>\n<p><strong>Malib\u00fa<\/strong>, destacado por su acci\u00f3n suave como la seda y su naturaleza liviana, es una fuerza EDC a tener en cuenta. La hoja tanto inversa es particularmente buena para tareas utilitarias con un vientre ligero y una punta utilitaria fuerte. El mango ergon\u00f3mico es de aluminio fresado con forma c\u00f3nica y ranuras para los dedos que realmente permiten un agarre firme y antideslizante. Hay un clip de transporte profundo configurado para transportarlo con la mano derecha con un pliegue hacia abajo, y un peque\u00f1o orificio para cord\u00f3n est\u00e1 integrado en el mango de peso\/espaciador trasero de una sola pieza. Nos recuerda un poco al Kershaw Leek y al Benchmade 940&#8230; dos de los mejores cuchillos EDC que existen, y creemos que encontrar\u00e1n un hogar junto a estos potentes en poco tiempo. Este modelo cuenta con una hoja tanto inversa DLC gris humo y cachas de aluminio negro con un bot\u00f3n blanco perla.  <strong>S\u00f3lo se produjeron 100 unidades.<\/strong><\/p>\n<p>Especificaciones:<br \/>\nLongitud de la hoja: 8,25 cm<br \/>\nLargo cerrado: 10,5 cm<br \/>\nLongitud total: 19 cm<br \/>\nMaterial de la hoja: CPM-20CV Acero inoxidable<br \/>\nGrosor de la hoja: 0,125&#8243;<br \/>\nEstilo de hoja: Tanto inverso<br \/>\nRectificado de la hoja: Plano<br \/>\nAcabado de la hoja: DLC Smokey Grey<br \/>\nMaterial del mango: aluminio negro T6-6061<br \/>\nGrosor del mango: 0,49&#8243;<br \/>\nMecanismo de bloqueo: Bot\u00f3n de n\u00e1car blanco.<br \/>\nConjunto de pasador: rodamientos<br \/>\nClip de bolsillo: abatible, para uso en la mano derecha<br \/>\nPeso: 3,1 onzas.<br \/>\nHecho en EE.UU<\/p>\n<p><iframe title=\"Meet Pro-Tech Knives\" width=\"800\" height=\"450\" src=\"https:\/\/www.youtube.com\/embed\/0TueVbHVDY4?feature=oembed\" frameborder=\"0\" allow=\"accelerometer; autoplay; clipboard-write; encrypted-media; gyroscope; picture-in-picture; web-share\" allowfullscreen><\/iframe><\/p>\n<p>&nbsp;<\/p>\n","protected":false},"excerpt":{"rendered":"<p><strong>Nuestros modelos de cuchillos de producci\u00f3n ofrecen el mejor dise\u00f1o, funci\u00f3n y valor de cualquier cuchillo del mercado actual. Nuestros cuchillos art\u00edsticos personalizados son obras de arte \u00fanicas. Cada uno de nuestros cuchillos personalizados de edici\u00f3n limitada ejemplifica una herencia de calidad. No importa cu\u00e1l de nuestros cuchillos elija, estamos seguros de que quedar\u00e1 muy satisfecho con su compra.<\/strong><\/p>\n<p><strong>Gracias por su inter\u00e9s en nuestros cuchillos de calidad.<\/strong><\/p>\n<p>Transporte gratuito.<\/p>\n","protected":false},"featured_media":323259,"comment_status":"open","ping_status":"closed","template":"","meta":[],"pwb-brand":[3815],"product_brand":[],"product_cat":[3730,3726],"product_tag":[3756],"class_list":{"0":"post-323304","1":"product","2":"type-product","3":"status-publish","4":"has-post-thumbnail","6":"pwb-brand-para-tecnologia","7":"product_cat-cuchillas-de-cierre","8":"product_cat-cuchillos","9":"product_tag-b2b-es","11":"first","12":"instock","13":"taxable","14":"shipping-taxable","15":"purchasable","16":"product-type-simple"},"brands":[{"id":3815,"name":"Para tecnolog\u00eda","slug":"para-tecnologia"}],"_links":{"self":[{"href":"https:\/\/www.moskito.cz\/es\/wp-json\/wp\/v2\/product\/323304","targetHints":{"allow":["GET"]}}],"collection":[{"href":"https:\/\/www.moskito.cz\/es\/wp-json\/wp\/v2\/product"}],"about":[{"href":"https:\/\/www.moskito.cz\/es\/wp-json\/wp\/v2\/types\/product"}],"replies":[{"embeddable":true,"href":"https:\/\/www.moskito.cz\/es\/wp-json\/wp\/v2\/comments?post=323304"}],"wp:featuredmedia":[{"embeddable":true,"href":"https:\/\/www.moskito.cz\/es\/wp-json\/wp\/v2\/media\/323259"}],"wp:attachment":[{"href":"https:\/\/www.moskito.cz\/es\/wp-json\/wp\/v2\/media?parent=323304"}],"wp:term":[{"taxonomy":"pwb-brand","embeddable":true,"href":"https:\/\/www.moskito.cz\/es\/wp-json\/wp\/v2\/pwb-brand?post=323304"},{"taxonomy":"product_brand","embeddable":true,"href":"https:\/\/www.moskito.cz\/es\/wp-json\/wp\/v2\/product_brand?post=323304"},{"taxonomy":"product_cat","embeddable":true,"href":"https:\/\/www.moskito.cz\/es\/wp-json\/wp\/v2\/product_cat?post=323304"},{"taxonomy":"product_tag","embeddable":true,"href":"https:\/\/www.moskito.cz\/es\/wp-json\/wp\/v2\/product_tag?post=323304"}],"curies":[{"name":"wp","href":"https:\/\/api.w.org\/{rel}","templated":true}]}}