{"id":323371,"date":"2023-03-30T20:58:26","date_gmt":"2023-03-30T19:58:26","guid":{"rendered":"https:\/\/www.moskito.cz\/produkt\/cuchillo-solido-cold-steel-mini-leatherneck-tanto-point\/"},"modified":"2025-05-07T11:07:34","modified_gmt":"2025-05-07T10:07:34","slug":"cuchillo-solido-cold-steel-mini-leatherneck-tanto-point","status":"publish","type":"product","link":"https:\/\/www.moskito.cz\/es\/produkt\/cuchillo-solido-cold-steel-mini-leatherneck-tanto-point\/","title":{"rendered":"Cuchillo S\u00f3lido Cold Steel MINI LEATHERNECK TANTO POINT"},"content":{"rendered":"<p>Cuchillo S\u00f3lido <strong>Cold Steel<\/strong> MINI LEATHERNECK TANTO POINT<\/p>\n<p>\u00a1El tama\u00f1o del perro en la pelea no importa tanto como el tama\u00f1o de la pelea del perro! La l\u00ednea Mini Leatherneck encarna absolutamente este dicho. Fabricadas en acero 8Cr13MoV y ofrecidas en tres estilos de hoja, cada una tiene una protecci\u00f3n de acero inoxidable con quillones anchos para proteger sus dedos. El mango est\u00e1 hecho de material Kray-Ex\u2122 y est\u00e1 dise\u00f1ado para parecerse a nuestros modelos Leatherneck m\u00e1s grandes. Estos cuchillos vienen con una funda Secure-Ex\u2122 fuerte y resistente que puede sostener una cuerda de cuentas o un clip en C Cold Steel\u00ae. Lo mejor de todo es que son asequibles.<\/p>\n<p>Material de la hoja: 8cr13mov<br \/>\nMaterial del mango: Krat\u00f3n<br \/>\nMaterial de la caja: Secure-Ex<br \/>\nLongitud de la hoja: 8,9 cm<br \/>\nLongitud total: 17,1 cm.<br \/>\nLongitud del mango: 8,3 cm<br \/>\nGrosor de la hoja: 3 mm<br \/>\nPeso: 94 gramos<br \/>\nTipo de hoja: Tanto<\/p>\n","protected":false},"excerpt":{"rendered":"<p><strong>La forma del Leatherneck peque\u00f1o se basa en su modelo grande. Gracias a su menor tama\u00f1o y peso, se convierte en una herramienta para el uso diario y no atraer\u00e1 atenci\u00f3n negativa innecesariamente.<\/strong><\/p>\n","protected":false},"featured_media":323372,"comment_status":"open","ping_status":"closed","template":"","meta":[],"pwb-brand":[3790],"product_brand":[],"product_cat":[3727,3726],"product_tag":[3756],"class_list":{"0":"post-323371","1":"product","2":"type-product","3":"status-publish","4":"has-post-thumbnail","6":"pwb-brand-arma-blanca","7":"product_cat-cuchillos-macizos","8":"product_cat-cuchillos","9":"product_tag-b2b-es","11":"first","12":"outofstock","13":"taxable","14":"shipping-taxable","15":"purchasable","16":"product-type-simple"},"brands":[{"id":3790,"name":"Arma blanca","slug":"arma-blanca"}],"_links":{"self":[{"href":"https:\/\/www.moskito.cz\/es\/wp-json\/wp\/v2\/product\/323371","targetHints":{"allow":["GET"]}}],"collection":[{"href":"https:\/\/www.moskito.cz\/es\/wp-json\/wp\/v2\/product"}],"about":[{"href":"https:\/\/www.moskito.cz\/es\/wp-json\/wp\/v2\/types\/product"}],"replies":[{"embeddable":true,"href":"https:\/\/www.moskito.cz\/es\/wp-json\/wp\/v2\/comments?post=323371"}],"wp:featuredmedia":[{"embeddable":true,"href":"https:\/\/www.moskito.cz\/es\/wp-json\/wp\/v2\/media\/323372"}],"wp:attachment":[{"href":"https:\/\/www.moskito.cz\/es\/wp-json\/wp\/v2\/media?parent=323371"}],"wp:term":[{"taxonomy":"pwb-brand","embeddable":true,"href":"https:\/\/www.moskito.cz\/es\/wp-json\/wp\/v2\/pwb-brand?post=323371"},{"taxonomy":"product_brand","embeddable":true,"href":"https:\/\/www.moskito.cz\/es\/wp-json\/wp\/v2\/product_brand?post=323371"},{"taxonomy":"product_cat","embeddable":true,"href":"https:\/\/www.moskito.cz\/es\/wp-json\/wp\/v2\/product_cat?post=323371"},{"taxonomy":"product_tag","embeddable":true,"href":"https:\/\/www.moskito.cz\/es\/wp-json\/wp\/v2\/product_tag?post=323371"}],"curies":[{"name":"wp","href":"https:\/\/api.w.org\/{rel}","templated":true}]}}