{"id":323431,"date":"2023-03-15T22:22:57","date_gmt":"2023-03-15T21:22:57","guid":{"rendered":"https:\/\/www.moskito.cz\/produkt\/cuchillo-de-tiro-microtech-bounty-hunter-combat-troodon-apocalyptic-hellhound-219-10bh\/"},"modified":"2025-05-07T11:07:37","modified_gmt":"2025-05-07T10:07:37","slug":"cuchillo-de-tiro-microtech-bounty-hunter-combat-troodon-apocalyptic-hellhound-219-10bh","status":"publish","type":"product","link":"https:\/\/www.moskito.cz\/es\/produkt\/cuchillo-de-tiro-microtech-bounty-hunter-combat-troodon-apocalyptic-hellhound-219-10bh\/","title":{"rendered":"Cuchillo de tiro Microtech Bounty Hunter Combat Troodon Apocalyptic Hellhound 219-10BH"},"content":{"rendered":"<p>Cuchillo de tiro <strong>Microtech<\/strong> Bounty Hunter Combat Troodon Apocalyptic Hellhound 219-10BH<\/p>\n<p><strong>El Combat Troodon<\/strong> es un cuchillo frontal t\u00e1ctico fabricado con precisi\u00f3n. Es un 25% m\u00e1s grande que su buque insignia, el Troodon. Ofrece un mango delgado, una forma contorneada, elementos de dise\u00f1o radicales y un sofisticado mecanismo interno que mejora la funcionalidad operativa y la confiabilidad a mayor escala. <strong>El Combat Troodon<\/strong> est\u00e1 dise\u00f1ado para una amplia gama de aplicaciones de utilidad y de combate cuerpo a cuerpo. La hoja Hellhound tanto de 3,75&#8243; presenta un acabado apocal\u00edptico acentuado con superficies satinadas cepilladas y un tradicional negro Marfione m\u00e1s completo. Las empu\u00f1aduras de aluminio tienen un acabado verde de emergencia con herrajes rojos y una trituradora de cr\u00e1neos personalizada que este modelo llama Combat Bounty Hunter, tambi\u00e9n conocido como Boba. Fett. Tambi\u00e9n presenta un logotipo de mitosaurio genial en el clip de bolsillo que era el s\u00edmbolo de la calavera de los verdaderos mandalorianos.<\/p>\n<p>Especificaciones:<br \/>\nTroodon &#8211; \u00abHerida de diente\u00bb (Edici\u00f3n Combat Bounty Hunter)<br \/>\nLongitud total: 21,55 cm.<br \/>\nLargo cerrado: 14.605 cm<br \/>\nLongitud de la hoja: 9,525 cm<br \/>\nLongitud del filo: 9,525 cm.<br \/>\nGrosor de la hoja: 0,323 cm.<br \/>\nTratamiento superficial de la hoja: Stonewash<br \/>\nEstilo de hoja: Hellhound Tanto<br \/>\nEstilo de borde: liso<br \/>\nMaterial del mango: Aluminio verde<br \/>\nGrosor del mango: 1.473 cm<br \/>\nClip de bolsillo: S\u00ed, mano derecha, punta hacia abajo<br \/>\nPeso: 155,93 gramos<br \/>\nTipo de bloqueo: bloqueo de inmersi\u00f3n<br \/>\nRef. del fabricante. #: 219-10BH<br \/>\nPa\u00eds de origen: EE.UU.<\/p>\n<p><iframe title=\"Microtech Combat Troodon Torture Test\" width=\"800\" height=\"450\" src=\"https:\/\/www.youtube.com\/embed\/xE9TeOFYEjg?feature=oembed\" frameborder=\"0\" allow=\"accelerometer; autoplay; clipboard-write; encrypted-media; gyroscope; picture-in-picture; web-share\" allowfullscreen><\/iframe><\/p>\n<p>&nbsp;<\/p>\n","protected":false},"excerpt":{"rendered":"<p>A lo largo de los a\u00f1os, Microtech\u00ae Knives ha llenado los cuchillos con pasi\u00f3n y habilidad para crear casi obras de arte que son el pin\u00e1culo de la funcionalidad. Todas las piezas se fabrican en los EE. UU.<br \/>\n<strong>Todos los cuchillos Microtech vienen con una garant\u00eda de por vida.<\/strong><\/p>\n<p><strong>Transporte gratuito.<\/strong><\/p>\n","protected":false},"featured_media":323432,"comment_status":"open","ping_status":"closed","template":"","meta":[],"pwb-brand":[3752],"product_brand":[],"product_cat":[3729,3726],"product_tag":[3756],"class_list":{"0":"post-323431","1":"product","2":"type-product","3":"status-publish","4":"has-post-thumbnail","6":"pwb-brand-microtecnologia","7":"product_cat-cuchillos-de-tiro","8":"product_cat-cuchillos","9":"product_tag-b2b-es","11":"first","12":"outofstock","13":"taxable","14":"shipping-taxable","15":"purchasable","16":"product-type-simple"},"brands":[{"id":3752,"name":"microtecnolog\u00eda","slug":"microtecnologia"}],"_links":{"self":[{"href":"https:\/\/www.moskito.cz\/es\/wp-json\/wp\/v2\/product\/323431","targetHints":{"allow":["GET"]}}],"collection":[{"href":"https:\/\/www.moskito.cz\/es\/wp-json\/wp\/v2\/product"}],"about":[{"href":"https:\/\/www.moskito.cz\/es\/wp-json\/wp\/v2\/types\/product"}],"replies":[{"embeddable":true,"href":"https:\/\/www.moskito.cz\/es\/wp-json\/wp\/v2\/comments?post=323431"}],"wp:featuredmedia":[{"embeddable":true,"href":"https:\/\/www.moskito.cz\/es\/wp-json\/wp\/v2\/media\/323432"}],"wp:attachment":[{"href":"https:\/\/www.moskito.cz\/es\/wp-json\/wp\/v2\/media?parent=323431"}],"wp:term":[{"taxonomy":"pwb-brand","embeddable":true,"href":"https:\/\/www.moskito.cz\/es\/wp-json\/wp\/v2\/pwb-brand?post=323431"},{"taxonomy":"product_brand","embeddable":true,"href":"https:\/\/www.moskito.cz\/es\/wp-json\/wp\/v2\/product_brand?post=323431"},{"taxonomy":"product_cat","embeddable":true,"href":"https:\/\/www.moskito.cz\/es\/wp-json\/wp\/v2\/product_cat?post=323431"},{"taxonomy":"product_tag","embeddable":true,"href":"https:\/\/www.moskito.cz\/es\/wp-json\/wp\/v2\/product_tag?post=323431"}],"curies":[{"name":"wp","href":"https:\/\/api.w.org\/{rel}","templated":true}]}}