{"id":323618,"date":"2023-10-31T15:24:28","date_gmt":"2024-03-22T14:42:38","guid":{"rendered":"https:\/\/www.moskito.cz\/produkt\/cuchillo-cierre-extrema-ratio-rao-c-negro\/"},"modified":"2025-05-07T11:07:40","modified_gmt":"2025-05-07T10:07:40","slug":"cuchillo-cierre-extrema-ratio-rao-c-negro","status":"publish","type":"product","link":"https:\/\/www.moskito.cz\/es\/produkt\/cuchillo-cierre-extrema-ratio-rao-c-negro\/","title":{"rendered":"Cuchillo Cierre Extrema Ratio RAO C NEGRO"},"content":{"rendered":"<p>Cuchillo Cierre <strong>Extrema Ratio<\/strong> RAO C NEGRO<\/p>\n<p>La Extrema Ratio RAO C es una navaja plegable compacta que deriva de la ic\u00f3nica RAO II.<\/p>\n<p>Por su estructura, el RAO \u200b\u200bC es una herramienta que, a pesar de sus reducidas dimensiones, puede garantizar las mismas cualidades de robustez y fiabilidad que su hermano mayor, ofreciendo al mismo tiempo una mejor portabilidad y control.<\/p>\n<p>El mango consta de 2 mangos de aluminio anodizado finamente mecanizados a los que Extrema Ratio aplica un tratamiento de oxidaci\u00f3n dura que hace que los mangos sean m\u00e1s resistentes al desgaste y la corrosi\u00f3n.<\/p>\n<p>Dos marcos de acero ayudan a aumentar la resistencia del mango para soportar incluso el uso m\u00e1s exigente.<\/p>\n<p>El mecanismo de bloqueo de apertura es especialmente duradero, ya que est\u00e1 respaldado por un sistema de seguridad que lo convierte en una aut\u00e9ntica hoja fija.<\/p>\n<p>El seguro principal de la hoja se activa subiendo y bajando el pasador de seguridad.<\/p>\n<p>Para garantizar al usuario la m\u00e1xima seguridad durante su uso, se ha utilizado un pr\u00e1ctico y r\u00e1pido dispositivo de seguridad secundario, que se activa simplemente moviendo el pasador de seguridad en sentido horizontal.<\/p>\n<p>El clip de doble cara est\u00e1 dise\u00f1ado para permitir su transporte oculto en un bolsillo, haciendo que el cuchillo sea invisible desde el exterior.<\/p>\n<p>La hoja est\u00e1 fabricada en acero B\u00f6hler N690 endurecido a 58 HRC con un acabado cl\u00e1sico negro Extrema Ratio MIL-C-13924.<\/p>\n<p>Para aligerar los marcos de acero, se cort\u00f3 con l\u00e1ser una forma del perfil RAO \u200b\u200bC, que luego se utiliz\u00f3 para crear el dispositivo que viene con el cuchillo.<\/p>\n<p>El Rao C est\u00e1 disponible en negro y gris t\u00e1ctico.<\/p>\n<p>&nbsp;<\/p>\n<p>LONGITUD DE LA HOJA (MM): 100<br \/>\nLONGITUD DE LA HOJA (PULG): 3,93<br \/>\nLONGITUD TOTAL (MM): 225<br \/>\nLONGITUD TOTAL (H): 8,85<br \/>\nGROSOR DE LA HOJA (MM): 4<br \/>\nGROSOR DE LA HOJA (PULG): 0,15<br \/>\nMATERIAL DE LA HOJA: ACERO B\u00f6HLER N690 (58HRC)<br \/>\nACABADO CUCHILLO: MIL-C-13924 COLOCACI\u00d3N<br \/>\nAFILADO DE CUCHILLOS: BORDE PLANO<br \/>\nMATERIAL MANGO: ALUMINIO ANODIZADO ANTICORRODAL<\/p>\n<p>&nbsp;<\/p>\n<p>&nbsp;<\/p>\n","protected":false},"excerpt":{"rendered":"<p><strong>La Extrema Ratio RAO C es una navaja plegable compacta que deriva de la ic\u00f3nica RAO II.<\/strong><\/p>\n","protected":false},"featured_media":323619,"comment_status":"open","ping_status":"closed","template":"","meta":[],"pwb-brand":[3766],"product_brand":[],"product_cat":[3730,3726],"product_tag":[3756],"class_list":{"0":"post-323618","1":"product","2":"type-product","3":"status-publish","4":"has-post-thumbnail","6":"pwb-brand-relacion-extrema","7":"product_cat-cuchillas-de-cierre","8":"product_cat-cuchillos","9":"product_tag-b2b-es","11":"first","12":"instock","13":"taxable","14":"shipping-taxable","15":"purchasable","16":"product-type-simple"},"brands":[{"id":3766,"name":"Relaci\u00f3n extrema","slug":"relacion-extrema"}],"_links":{"self":[{"href":"https:\/\/www.moskito.cz\/es\/wp-json\/wp\/v2\/product\/323618","targetHints":{"allow":["GET"]}}],"collection":[{"href":"https:\/\/www.moskito.cz\/es\/wp-json\/wp\/v2\/product"}],"about":[{"href":"https:\/\/www.moskito.cz\/es\/wp-json\/wp\/v2\/types\/product"}],"replies":[{"embeddable":true,"href":"https:\/\/www.moskito.cz\/es\/wp-json\/wp\/v2\/comments?post=323618"}],"wp:featuredmedia":[{"embeddable":true,"href":"https:\/\/www.moskito.cz\/es\/wp-json\/wp\/v2\/media\/323619"}],"wp:attachment":[{"href":"https:\/\/www.moskito.cz\/es\/wp-json\/wp\/v2\/media?parent=323618"}],"wp:term":[{"taxonomy":"pwb-brand","embeddable":true,"href":"https:\/\/www.moskito.cz\/es\/wp-json\/wp\/v2\/pwb-brand?post=323618"},{"taxonomy":"product_brand","embeddable":true,"href":"https:\/\/www.moskito.cz\/es\/wp-json\/wp\/v2\/product_brand?post=323618"},{"taxonomy":"product_cat","embeddable":true,"href":"https:\/\/www.moskito.cz\/es\/wp-json\/wp\/v2\/product_cat?post=323618"},{"taxonomy":"product_tag","embeddable":true,"href":"https:\/\/www.moskito.cz\/es\/wp-json\/wp\/v2\/product_tag?post=323618"}],"curies":[{"name":"wp","href":"https:\/\/api.w.org\/{rel}","templated":true}]}}