{"id":323728,"date":"2022-11-07T21:56:00","date_gmt":"2022-11-07T20:56:00","guid":{"rendered":"https:\/\/www.moskito.cz\/produkt\/cuchillo-plegable-cold-steel-finn-wolf-de-verde\/"},"modified":"2025-05-07T11:07:43","modified_gmt":"2025-05-07T10:07:43","slug":"cuchillo-plegable-cold-steel-finn-wolf-de-verde","status":"publish","type":"product","link":"https:\/\/www.moskito.cz\/es\/produkt\/cuchillo-plegable-cold-steel-finn-wolf-de-verde\/","title":{"rendered":"Cuchillo plegable Cold Steel FINN WOLF DE VERDE"},"content":{"rendered":"<p>Navaja plegable FINN WOLF <strong>de Cold Steel<\/strong> DE VERDE.<\/p>\n<p>Creado en colaboraci\u00f3n entre el fabricante de cuchillos personalizados Andrew Demke y la presidenta de Cold Steel, Lynn C. Thompson, el Cold Steel Finn Wolf es un cuchillo plegable multiusos y de campamento que se inspira en el cl\u00e1sico finland\u00e9s Pukko. Equipada con nuestro bloqueo Tri-Ad para mayor seguridad y protecci\u00f3n, la Finn Wolf es una plegadora en la que puede confiar incluso en las condiciones m\u00e1s exigentes. Su hoja japonesa AUS 8A con pulido satinado est\u00e1 lista para largas horas y trabajos duros, y su borde afilado sin afilado facilita su reafilado en el campo. Con tanta potencia en este paquete c\u00f3modo, resistente, pr\u00e1ctico y asequible, \u00a1simplemente no hay excusa para no agregar el Finn Wolf a tu colecci\u00f3n hoy!<\/p>\n<p>PARAMETROS DEL PRODUCTO<br \/>\nColor: verde\/plata<br \/>\nTipo de bloqueo: Bloqueo Tri-Ad<br \/>\nPeso: 96,38 gramos<br \/>\nGrosor de la hoja: 3 mm<br \/>\nLongitud del mango: 111 mm<br \/>\nMaterial de la funda: bolsillo ambidiestro\/clip para cintur\u00f3n<br \/>\nTama\u00f1o total: 205 mm<br \/>\nLongitud de la hoja: 89 mm<br \/>\nMaterial del mango: Griv-Ex\u2122 verde de di\u00e1metro exterior largo<br \/>\nAcero: Japon\u00e9s AUS 8A Inoxidable<\/p>\n<p>&nbsp;<\/p>\n","protected":false},"excerpt":{"rendered":"<p>La navaja plegable Finn Wolf de Cold Steel es una navaja de uso diario (EDC) dise\u00f1ada para cazadores, pescadores y actividades al aire libre en general.<\/p>\n","protected":false},"featured_media":323729,"comment_status":"open","ping_status":"closed","template":"","meta":[],"pwb-brand":[3790],"product_brand":[],"product_cat":[3730,3726],"product_tag":[3756],"class_list":{"0":"post-323728","1":"product","2":"type-product","3":"status-publish","4":"has-post-thumbnail","6":"pwb-brand-arma-blanca","7":"product_cat-cuchillas-de-cierre","8":"product_cat-cuchillos","9":"product_tag-b2b-es","11":"first","12":"instock","13":"taxable","14":"shipping-taxable","15":"purchasable","16":"product-type-simple"},"brands":[{"id":3790,"name":"Arma blanca","slug":"arma-blanca"}],"_links":{"self":[{"href":"https:\/\/www.moskito.cz\/es\/wp-json\/wp\/v2\/product\/323728","targetHints":{"allow":["GET"]}}],"collection":[{"href":"https:\/\/www.moskito.cz\/es\/wp-json\/wp\/v2\/product"}],"about":[{"href":"https:\/\/www.moskito.cz\/es\/wp-json\/wp\/v2\/types\/product"}],"replies":[{"embeddable":true,"href":"https:\/\/www.moskito.cz\/es\/wp-json\/wp\/v2\/comments?post=323728"}],"wp:featuredmedia":[{"embeddable":true,"href":"https:\/\/www.moskito.cz\/es\/wp-json\/wp\/v2\/media\/323729"}],"wp:attachment":[{"href":"https:\/\/www.moskito.cz\/es\/wp-json\/wp\/v2\/media?parent=323728"}],"wp:term":[{"taxonomy":"pwb-brand","embeddable":true,"href":"https:\/\/www.moskito.cz\/es\/wp-json\/wp\/v2\/pwb-brand?post=323728"},{"taxonomy":"product_brand","embeddable":true,"href":"https:\/\/www.moskito.cz\/es\/wp-json\/wp\/v2\/product_brand?post=323728"},{"taxonomy":"product_cat","embeddable":true,"href":"https:\/\/www.moskito.cz\/es\/wp-json\/wp\/v2\/product_cat?post=323728"},{"taxonomy":"product_tag","embeddable":true,"href":"https:\/\/www.moskito.cz\/es\/wp-json\/wp\/v2\/product_tag?post=323728"}],"curies":[{"name":"wp","href":"https:\/\/api.w.org\/{rel}","templated":true}]}}