{"id":323740,"date":"2023-03-25T14:30:44","date_gmt":"2024-03-25T14:11:41","guid":{"rendered":"https:\/\/www.moskito.cz\/produkt\/cuchillo-plegable-cold-steel-lynn-thompson-signature-spartan\/"},"modified":"2025-05-07T11:07:44","modified_gmt":"2025-05-07T10:07:44","slug":"cuchillo-plegable-cold-steel-lynn-thompson-signature-spartan","status":"publish","type":"product","link":"https:\/\/www.moskito.cz\/es\/produkt\/cuchillo-plegable-cold-steel-lynn-thompson-signature-spartan\/","title":{"rendered":"Cuchillo plegable Cold Steel LYNN THOMPSON SIGNATURE SPARTAN"},"content":{"rendered":"<p>Cuchillo plegable <strong>Cold Steel<\/strong> LYNN THOMPSON SIGNATURE SPARTAN<\/p>\n<p><strong>Cold Steel<\/strong> Lynn Thompson Signature Spartan con firma en el frente de la hoja y n\u00famero de serie de autenticidad. La hoja dentada s\u00faper afilada Spartans est\u00e1 hecha de acero S35VN y ha sido dise\u00f1ada para reflejar la est\u00e9tica y el rendimiento de corte del mundialmente famoso Kukri, con una hoja curva, un vientre grande y una punta afilada. La hoja de este cuchillo Cold Steel tiene una placa para el pulgar patentada \u00abDemko\u00bb para apertura con una sola mano y extracci\u00f3n. El mango ranurado OD Green G-10 presenta una curva distintiva de la cuchilla y la cabeza para un agarre seguro, inserciones de acero para mayor resistencia, un bloqueo Tri-Ad y un orificio para cord\u00f3n. Tiene un gran contorno para mayor comodidad y presenta un moleteado irregular y un acabado muy texturizado para un agarre excepcionalmente eficaz.<\/p>\n<p>Descripci\u00f3n:<br \/>\nMaterial de la hoja: CPM-S35VN<br \/>\nMaterial del mango: G-10<br \/>\nSeguridad: bloqueo Tri-Ad<br \/>\nLongitud de la hoja: 11,4 cm<br \/>\nLongitud total: 26,7 cm<br \/>\nLongitud del cuchillo plegado: 15,2 cm<br \/>\nGrosor de la hoja: 4 mm<br \/>\nPeso: 256 gramos<br \/>\nTipo de hoja: Kukri<\/p>\n<p><iframe title=\"Cold Steel Lynn Thompson Signature Series Spartan Knife 1 Available at Cold Steel Dealers Nationwide\" width=\"800\" height=\"450\" src=\"https:\/\/www.youtube.com\/embed\/P5zbdjBcmpI?feature=oembed\" frameborder=\"0\" allow=\"accelerometer; autoplay; clipboard-write; encrypted-media; gyroscope; picture-in-picture; web-share\" allowfullscreen><\/iframe><\/p>\n<p>&nbsp;<\/p>\n<p>&nbsp;<\/p>\n","protected":false},"excerpt":{"rendered":"<p><strong>LYNN THOMPSON SIGNATURE SPARTAN, navaja plegable con hoja dentada. Esta vez en una serie limitada y numerada, firmada por el fundador de Cold Steel.<\/strong><\/p>\n","protected":false},"featured_media":323741,"comment_status":"open","ping_status":"closed","template":"","meta":[],"pwb-brand":[3790],"product_brand":[],"product_cat":[3730,3726],"product_tag":[3756],"class_list":{"0":"post-323740","1":"product","2":"type-product","3":"status-publish","4":"has-post-thumbnail","6":"pwb-brand-arma-blanca","7":"product_cat-cuchillas-de-cierre","8":"product_cat-cuchillos","9":"product_tag-b2b-es","11":"first","12":"instock","13":"taxable","14":"shipping-taxable","15":"purchasable","16":"product-type-simple"},"brands":[{"id":3790,"name":"Arma blanca","slug":"arma-blanca"}],"_links":{"self":[{"href":"https:\/\/www.moskito.cz\/es\/wp-json\/wp\/v2\/product\/323740","targetHints":{"allow":["GET"]}}],"collection":[{"href":"https:\/\/www.moskito.cz\/es\/wp-json\/wp\/v2\/product"}],"about":[{"href":"https:\/\/www.moskito.cz\/es\/wp-json\/wp\/v2\/types\/product"}],"replies":[{"embeddable":true,"href":"https:\/\/www.moskito.cz\/es\/wp-json\/wp\/v2\/comments?post=323740"}],"wp:featuredmedia":[{"embeddable":true,"href":"https:\/\/www.moskito.cz\/es\/wp-json\/wp\/v2\/media\/323741"}],"wp:attachment":[{"href":"https:\/\/www.moskito.cz\/es\/wp-json\/wp\/v2\/media?parent=323740"}],"wp:term":[{"taxonomy":"pwb-brand","embeddable":true,"href":"https:\/\/www.moskito.cz\/es\/wp-json\/wp\/v2\/pwb-brand?post=323740"},{"taxonomy":"product_brand","embeddable":true,"href":"https:\/\/www.moskito.cz\/es\/wp-json\/wp\/v2\/product_brand?post=323740"},{"taxonomy":"product_cat","embeddable":true,"href":"https:\/\/www.moskito.cz\/es\/wp-json\/wp\/v2\/product_cat?post=323740"},{"taxonomy":"product_tag","embeddable":true,"href":"https:\/\/www.moskito.cz\/es\/wp-json\/wp\/v2\/product_tag?post=323740"}],"curies":[{"name":"wp","href":"https:\/\/api.w.org\/{rel}","templated":true}]}}