{"id":323815,"date":"2024-03-25T17:00:42","date_gmt":"2024-03-25T16:04:30","guid":{"rendered":"https:\/\/www.moskito.cz\/produkt\/cuchillo-fijo-spartan-blades-phrike-sb17bkgrkybk\/"},"modified":"2025-05-07T11:07:46","modified_gmt":"2025-05-07T10:07:46","slug":"cuchillo-fijo-spartan-blades-phrike-sb17bkgrkybk","status":"publish","type":"product","link":"https:\/\/www.moskito.cz\/es\/produkt\/cuchillo-fijo-spartan-blades-phrike-sb17bkgrkybk\/","title":{"rendered":"Cuchillo Fijo Spartan Blades Phrike SB17BKGRKYBK"},"content":{"rendered":"<p>Cuchillo Fijo <strong>Spartan Blades<\/strong> Phrike SB17BKGRKYBK.<\/p>\n<p><strong>El cuchillo de autodefensa\/utilidad Spartan Phrike<\/strong> se inspira en la mitolog\u00eda griega antigua, siendo Phrike una diosa asociada con el terror y el miedo. En el idioma griego, \u00abphrike\u00bb se traduce como \u00abtemblar\u00bb o \u00abtemblar\u00bb. A pesar de su tama\u00f1o compacto, el cuchillo de autodefensa personalizado Spartan Phrike es una herramienta impresionante y finamente elaborada, dise\u00f1ada tanto para defensa personal como para uso utilitario.<\/p>\n<p><strong>El Phrike<\/strong> tiene una hoja peque\u00f1a y liviana, que mide 4,25 pulgadas, dise\u00f1ada espec\u00edficamente para una f\u00e1cil portabilidad y aplicaciones vers\u00e1tiles como defensa personal y bushcraft. El mango m\u00ednimamente empotrado del cuchillo contribuye a su comodidad, perfil delgado y alta portabilidad.<\/p>\n<p>Como excelente cuchillo multiusos, el Phrike es adecuado para las tareas cotidianas y demuestra su eficacia en diversas situaciones. Sus capacidades al aire libre lo convierten en un compa\u00f1ero confiable para la caza y las excursiones con mochila. Adem\u00e1s de su utilidad, <strong>el Phrike<\/strong> destaca como cuchillo de defensa personal hecho a mano, ideal para emergencias y circunstancias imprevistas.<\/p>\n<p>El cuchillo viene con una funda Kydex equipada con un bucle IWB (Inside the Waistband), disponible en negro o coyote.<\/p>\n<p>Las especificaciones del cuchillo de autodefensa\/utilitario Spartan Phrike son las siguientes:<\/p>\n<p>Nombre del cuchillo: Phrik\u00e9<br \/>\nDise\u00f1ador(es): Iovito\/Carey<br \/>\nLongitud de la hoja: 10,62 cm<br \/>\nLongitud total: 21,25 cm.<br \/>\nAcero de la hoja: S45VN<br \/>\nDureza de la hoja: 59-61 HRC<br \/>\nEstilo de hoja: S\u00f3lida, punta de ca\u00edda curva<br \/>\nRevestimiento: SpartaCoat \u2013 PVD \u2013 Tungsteno DLC (Negro plano) o ZrN (Tierra oscura plana)<br \/>\nMaterial del mango: G10 (negro, verde y tostado coyote)<br \/>\nVaina: Kydex con lazo IWB (negro o coyote)<br \/>\nPeso: 0,244 libras<\/p>\n<p><iframe title=\"Spartan Blades Company Knife Company Story with Co-Founders Mark Carey and Curtis Iovito.\" width=\"800\" height=\"450\" src=\"https:\/\/www.youtube.com\/embed\/S-EVJgZR57Y?feature=oembed\" frameborder=\"0\" allow=\"accelerometer; autoplay; clipboard-write; encrypted-media; gyroscope; picture-in-picture; web-share\" allowfullscreen><\/iframe><\/p>\n<p>&nbsp;<\/p>\n","protected":false},"excerpt":{"rendered":"<p><strong>El cuchillo de autodefensa\/utilidad Spartan Phrike se inspira en la mitolog\u00eda griega antigua, siendo Phrike una diosa asociada con el terror y el miedo. En el idioma griego, \u00abphrike\u00bb se traduce como \u00abtemblar\u00bb o \u00abtemblar\u00bb. A pesar de su tama\u00f1o compacto, el cuchillo de autodefensa personalizado Spartan Phrike es una herramienta impresionante y finamente elaborada, dise\u00f1ada tanto para defensa personal como para uso utilitario.<\/strong><\/p>\n<p><strong>Transporte gratuito.<\/strong><\/p>\n","protected":false},"featured_media":323774,"comment_status":"open","ping_status":"closed","template":"","meta":[],"pwb-brand":[3838],"product_brand":[],"product_cat":[3726,3727],"product_tag":[3756],"class_list":{"0":"post-323815","1":"product","2":"type-product","3":"status-publish","4":"has-post-thumbnail","6":"pwb-brand-espadas-espartanas","7":"product_cat-cuchillos","8":"product_cat-cuchillos-macizos","9":"product_tag-b2b-es","11":"first","12":"instock","13":"taxable","14":"shipping-taxable","15":"purchasable","16":"product-type-simple"},"brands":[{"id":3838,"name":"Espadas espartanas","slug":"espadas-espartanas"}],"_links":{"self":[{"href":"https:\/\/www.moskito.cz\/es\/wp-json\/wp\/v2\/product\/323815","targetHints":{"allow":["GET"]}}],"collection":[{"href":"https:\/\/www.moskito.cz\/es\/wp-json\/wp\/v2\/product"}],"about":[{"href":"https:\/\/www.moskito.cz\/es\/wp-json\/wp\/v2\/types\/product"}],"replies":[{"embeddable":true,"href":"https:\/\/www.moskito.cz\/es\/wp-json\/wp\/v2\/comments?post=323815"}],"wp:featuredmedia":[{"embeddable":true,"href":"https:\/\/www.moskito.cz\/es\/wp-json\/wp\/v2\/media\/323774"}],"wp:attachment":[{"href":"https:\/\/www.moskito.cz\/es\/wp-json\/wp\/v2\/media?parent=323815"}],"wp:term":[{"taxonomy":"pwb-brand","embeddable":true,"href":"https:\/\/www.moskito.cz\/es\/wp-json\/wp\/v2\/pwb-brand?post=323815"},{"taxonomy":"product_brand","embeddable":true,"href":"https:\/\/www.moskito.cz\/es\/wp-json\/wp\/v2\/product_brand?post=323815"},{"taxonomy":"product_cat","embeddable":true,"href":"https:\/\/www.moskito.cz\/es\/wp-json\/wp\/v2\/product_cat?post=323815"},{"taxonomy":"product_tag","embeddable":true,"href":"https:\/\/www.moskito.cz\/es\/wp-json\/wp\/v2\/product_tag?post=323815"}],"curies":[{"name":"wp","href":"https:\/\/api.w.org\/{rel}","templated":true}]}}