{"id":323903,"date":"2023-10-26T19:40:56","date_gmt":"2024-03-26T09:44:55","guid":{"rendered":"https:\/\/www.moskito.cz\/produkt\/kershaw-payout-2075-cuchillo-de-cierre\/"},"modified":"2025-05-07T11:07:48","modified_gmt":"2025-05-07T10:07:48","slug":"kershaw-payout-2075-cuchillo-de-cierre","status":"publish","type":"product","link":"https:\/\/www.moskito.cz\/es\/produkt\/kershaw-payout-2075-cuchillo-de-cierre\/","title":{"rendered":"Kershaw PAYOUT 2075 Cuchillo de cierre"},"content":{"rendered":"<p><strong>Kershaw<\/strong> PAYOUT 2075 Cuchillo de cierre<\/p>\n<p><strong>Payout<\/strong> es un cuchillo m\u00e1s grande que seguramente atraer\u00e1 miradas de admiraci\u00f3n. La gran hoja de acero D2 de 3,5 pulgadas presenta una muesca superior \u00fanica que le da al Payout una apariencia din\u00e1mica y alivia parte del peso de la hoja m\u00e1s grande. La parte frontal del mango G10 negro y acero mecanizado se complementa con un pasador decorativo y un pasador de aluminio anodizado en cobre. La parte posterior del mango refleja el anillo giratorio con su propio tope contra el cruce, tambi\u00e9n anodizado en cobre. El toque final de cobre es un soporte que sirve como agujero para el cord\u00f3n.<\/p>\n<p>Navaja de bolsillo de alta calidad con apariencia \u00fanica y alto rendimiento.<br \/>\nEl acero para herramientas D2 con alto contenido de carbono es muy resistente al desgaste, resistente y ofrece una excelente retenci\u00f3n de los bordes.<br \/>\nUn anillo giratorio de aluminio anodizado en cobre, un orificio para espaciador\/cord\u00f3n y un tope anti-desplazamiento brindan toques personalizados<br \/>\nEl mango de acero y G10 tiene un contorno profundo para curvarse c\u00f3modamente en la palma<br \/>\nLa gran hoja se abre r\u00e1pidamente con la apertura asistida de Kershaw.<br \/>\nEl clip de bolsillo envolvente ofrece un uso c\u00f3modo y profundo.<\/p>\n<p>\u00daselo todos los d\u00edas, al aire libre, en el trabajo.<br \/>\nTipo asistido, carpeta<br \/>\nNavaja de bolsillo con estilo<br \/>\nDise\u00f1ador Kershaw Originales<br \/>\nPunto de ca\u00edda estilo hoja<br \/>\nBorde de la hoja liso<br \/>\nAcci\u00f3n de apertura asistida<br \/>\nSe abre con Flipper<br \/>\nTipo de bloqueo Bloqueo del marco<br \/>\nClip de bolsillo Transporte extra profundo en una posici\u00f3n (derecha, plegable)<br \/>\nColor del mango plateado y negro.<br \/>\nHardware Tuerca giratoria de acero bru\u00f1ido, manguito giratorio de aluminio anodizado en bronce, clip de bolsillo de acero bru\u00f1ido, espaciadores de tubo de aluminio anodizado en bronce, tornillos de acero bru\u00f1ido<br \/>\nPa\u00eds de Origen USA: Dise\u00f1o, Prototipo, Control de Calidad.<br \/>\nGarant\u00eda Garant\u00eda limitada de por vida<\/p>\n<p>ESPECIFICACIONES:<br \/>\nLongitud de la hoja: 8,9 cm<br \/>\nMaterial de la hoja D2<br \/>\nAcabado de la hoja\/funda Acabado Stonewash<br \/>\nGrosor de la hoja 0,284 cm.<br \/>\nLargo cerrado: 12,6 cm<br \/>\nMango de material G10 delante, acero inoxidable detr\u00e1s<br \/>\nAcabado del mango\/revestimiento posterior con acabado Stonewash<br \/>\nGrosor del mango: 10 cm.<br \/>\nLongitud total: 21,3 cm.<br \/>\nPeso: 150,3 gramos<\/p>\n","protected":false},"excerpt":{"rendered":"<p><strong>Navaja de bolsillo de alta calidad con apariencia \u00fanica y alto rendimiento.<\/strong><\/p>\n","protected":false},"featured_media":323907,"comment_status":"open","ping_status":"closed","template":"","meta":[],"pwb-brand":[3777],"product_brand":[],"product_cat":[3730,3726],"product_tag":[],"class_list":{"0":"post-323903","1":"product","2":"type-product","3":"status-publish","4":"has-post-thumbnail","6":"pwb-brand-kershaw-es","7":"product_cat-cuchillas-de-cierre","8":"product_cat-cuchillos","10":"first","11":"outofstock","12":"taxable","13":"shipping-taxable","14":"purchasable","15":"product-type-simple"},"brands":[{"id":3777,"name":"Kershaw","slug":"kershaw-es"}],"_links":{"self":[{"href":"https:\/\/www.moskito.cz\/es\/wp-json\/wp\/v2\/product\/323903","targetHints":{"allow":["GET"]}}],"collection":[{"href":"https:\/\/www.moskito.cz\/es\/wp-json\/wp\/v2\/product"}],"about":[{"href":"https:\/\/www.moskito.cz\/es\/wp-json\/wp\/v2\/types\/product"}],"replies":[{"embeddable":true,"href":"https:\/\/www.moskito.cz\/es\/wp-json\/wp\/v2\/comments?post=323903"}],"wp:featuredmedia":[{"embeddable":true,"href":"https:\/\/www.moskito.cz\/es\/wp-json\/wp\/v2\/media\/323907"}],"wp:attachment":[{"href":"https:\/\/www.moskito.cz\/es\/wp-json\/wp\/v2\/media?parent=323903"}],"wp:term":[{"taxonomy":"pwb-brand","embeddable":true,"href":"https:\/\/www.moskito.cz\/es\/wp-json\/wp\/v2\/pwb-brand?post=323903"},{"taxonomy":"product_brand","embeddable":true,"href":"https:\/\/www.moskito.cz\/es\/wp-json\/wp\/v2\/product_brand?post=323903"},{"taxonomy":"product_cat","embeddable":true,"href":"https:\/\/www.moskito.cz\/es\/wp-json\/wp\/v2\/product_cat?post=323903"},{"taxonomy":"product_tag","embeddable":true,"href":"https:\/\/www.moskito.cz\/es\/wp-json\/wp\/v2\/product_tag?post=323903"}],"curies":[{"name":"wp","href":"https:\/\/api.w.org\/{rel}","templated":true}]}}