{"id":323973,"date":"2024-03-26T18:06:37","date_gmt":"2024-03-26T17:07:24","guid":{"rendered":"https:\/\/www.moskito.cz\/produkt\/pro-tech-les-george-sbr-cuchillo-de-tiro-lg401-blue-lavado-a-la-piedra\/"},"modified":"2025-05-07T11:07:49","modified_gmt":"2025-05-07T10:07:49","slug":"pro-tech-les-george-sbr-cuchillo-de-tiro-lg401-blue-lavado-a-la-piedra","status":"publish","type":"product","link":"https:\/\/www.moskito.cz\/es\/produkt\/pro-tech-les-george-sbr-cuchillo-de-tiro-lg401-blue-lavado-a-la-piedra\/","title":{"rendered":"Pro-Tech Les George SBR Cuchillo de tiro LG401-BLUE lavado a la piedra"},"content":{"rendered":"<p><strong>Pro-Tech<\/strong> Les George SBR Cuchillo de tiro LG401-BLUE lavado a la piedra<\/p>\n<p>Cada cuchillo <strong>Pro-Tech<\/strong> es una combinaci\u00f3n de los mejores materiales disponibles y un compromiso con la artesan\u00eda. Los cuchillos <strong>Pro-Tech<\/strong> se fabrican utilizando procesos de fabricaci\u00f3n de \u00faltima generaci\u00f3n que incluyen; Mecanizado CNC, electroerosi\u00f3n por hilo, corte por l\u00e1ser, etc. Los componentes de alta tecnolog\u00eda son ensamblados y ensamblados a mano por artesanos dedicados y meticulosos en sus instalaciones de Artesia, California. Fabrican peque\u00f1os lotes de sus cuchillos para poder tomarse el tiempo de ajustar y terminar cada cuchillo individualmente a mano a un nivel que rara vez se ve en los cuchillos de f\u00e1brica. Sus modelos de cuchillos de producci\u00f3n ofrecen el mejor dise\u00f1o, funci\u00f3n y valor de cualquier cuchillo del mercado actual. Sus navajas autom\u00e1ticas personalizadas son obras de arte \u00fanicas. Cada uno de los cuchillos personalizados de edici\u00f3n limitada ejemplifica la calidad tradicional. No importa cu\u00e1l de sus cuchillos elijas, estamos seguros de que estar\u00e1s muy satisfecho con tu compra.<\/p>\n<p>Pro-Tech Knives se enorgullece de ser la primera opci\u00f3n de los profesionales militares y policiales de todo el mundo. Los cuchillos Pro-Tech est\u00e1n dise\u00f1ados para durar y durar. El Short Bladed Rockeye, o SBR para abreviar, es una versi\u00f3n compacta del excelente Rockeye Auto de tama\u00f1o completo. Ambos cuchillos est\u00e1n dise\u00f1ados por el dise\u00f1ador de cuchillos del Cuerpo de Marines Les George, cuyos cuchillos ergon\u00f3micos de alta resistencia han sido traducidos fielmente a versiones autom\u00e1ticas por Pro-Tech. El SBR presenta un dise\u00f1o compacto con una hoja de 2,5&#8243; dise\u00f1ada para una variedad de tareas de corte. Un lomo fresado con bolsillo a\u00f1ade agarre y profundidad adicionales al dise\u00f1o. El cuchillo se abre con autoridad gracias al mecanismo autom\u00e1tico de resorte helicoidal Pro-Tech. No se deje enga\u00f1ar por su tama\u00f1o, el SBR es una potencia gigante. Este modelo cuenta con empu\u00f1aduras anodizadas de color azul s\u00f3lido, herrajes granallados, un clip de bolsillo profundo y un acabado de hoja con acabado de piedra.<\/p>\n<p>Especificaciones:<br \/>\nLongitud de la hoja: 6,25 cm<br \/>\nLargo cerrado: 10 cm<br \/>\nLongitud total: 17 cm<br \/>\nMaterial de la hoja: CPM-S35VN Acero inoxidable<br \/>\nDureza de la hoja: 59HRC<br \/>\nEstilo de hoja: Punto de ca\u00edda<br \/>\nRectificado de la hoja: Plano<br \/>\nTratamiento superficial de la hoja: Stonewash<br \/>\nMaterial del mango: aluminio T6-6061, azul<br \/>\nMecanismo de bloqueo: Bot\u00f3n<br \/>\nClip de bolsillo: Acero inoxidable con transporte profundo (desplegable, transporte hacia la derecha)<br \/>\nPeso: 2,9 onzas.<br \/>\nDise\u00f1ador: Les George<br \/>\nHecho en EE.UU<\/p>\n<p><iframe title=\"Meet Pro-Tech Knives\" width=\"800\" height=\"450\" src=\"https:\/\/www.youtube.com\/embed\/0TueVbHVDY4?feature=oembed\" frameborder=\"0\" allow=\"accelerometer; autoplay; clipboard-write; encrypted-media; gyroscope; picture-in-picture; web-share\" referrerpolicy=\"strict-origin-when-cross-origin\" allowfullscreen><\/iframe><\/p>\n<p>&nbsp;<\/p>\n","protected":false},"excerpt":{"rendered":"<p><strong>Nuestros modelos de cuchillos de producci\u00f3n ofrecen el mejor dise\u00f1o, funci\u00f3n y valor de cualquier cuchillo del mercado actual. Nuestros cuchillos art\u00edsticos personalizados son obras de arte \u00fanicas. Cada uno de nuestros cuchillos personalizados de edici\u00f3n limitada ejemplifica una herencia de calidad. No importa cu\u00e1l de nuestros cuchillos elija, estamos seguros de que quedar\u00e1 muy satisfecho con su compra.<\/strong><\/p>\n<p><strong>Gracias por su inter\u00e9s en nuestros cuchillos de calidad.<\/strong><\/p>\n<p>Transporte gratuito.<\/p>\n","protected":false},"featured_media":323926,"comment_status":"open","ping_status":"closed","template":"","meta":[],"pwb-brand":[3815],"product_brand":[],"product_cat":[3726,3729],"product_tag":[3756],"class_list":{"0":"post-323973","1":"product","2":"type-product","3":"status-publish","4":"has-post-thumbnail","6":"pwb-brand-para-tecnologia","7":"product_cat-cuchillos","8":"product_cat-cuchillos-de-tiro","9":"product_tag-b2b-es","11":"first","12":"instock","13":"taxable","14":"shipping-taxable","15":"purchasable","16":"product-type-simple"},"brands":[{"id":3815,"name":"Para tecnolog\u00eda","slug":"para-tecnologia"}],"_links":{"self":[{"href":"https:\/\/www.moskito.cz\/es\/wp-json\/wp\/v2\/product\/323973","targetHints":{"allow":["GET"]}}],"collection":[{"href":"https:\/\/www.moskito.cz\/es\/wp-json\/wp\/v2\/product"}],"about":[{"href":"https:\/\/www.moskito.cz\/es\/wp-json\/wp\/v2\/types\/product"}],"replies":[{"embeddable":true,"href":"https:\/\/www.moskito.cz\/es\/wp-json\/wp\/v2\/comments?post=323973"}],"wp:featuredmedia":[{"embeddable":true,"href":"https:\/\/www.moskito.cz\/es\/wp-json\/wp\/v2\/media\/323926"}],"wp:attachment":[{"href":"https:\/\/www.moskito.cz\/es\/wp-json\/wp\/v2\/media?parent=323973"}],"wp:term":[{"taxonomy":"pwb-brand","embeddable":true,"href":"https:\/\/www.moskito.cz\/es\/wp-json\/wp\/v2\/pwb-brand?post=323973"},{"taxonomy":"product_brand","embeddable":true,"href":"https:\/\/www.moskito.cz\/es\/wp-json\/wp\/v2\/product_brand?post=323973"},{"taxonomy":"product_cat","embeddable":true,"href":"https:\/\/www.moskito.cz\/es\/wp-json\/wp\/v2\/product_cat?post=323973"},{"taxonomy":"product_tag","embeddable":true,"href":"https:\/\/www.moskito.cz\/es\/wp-json\/wp\/v2\/product_tag?post=323973"}],"curies":[{"name":"wp","href":"https:\/\/api.w.org\/{rel}","templated":true}]}}