{"id":324025,"date":"2024-03-26T18:39:39","date_gmt":"2024-03-26T17:41:16","guid":{"rendered":"https:\/\/www.moskito.cz\/produkt\/cuchillo-de-tiro-pro-tech-emerson-cqc7a-blade-show-texas-2024-especial-lavado-a-la-piedra\/"},"modified":"2025-05-07T11:07:49","modified_gmt":"2025-05-07T10:07:49","slug":"cuchillo-de-tiro-pro-tech-emerson-cqc7a-blade-show-texas-2024-especial-lavado-a-la-piedra","status":"publish","type":"product","link":"https:\/\/www.moskito.cz\/es\/produkt\/cuchillo-de-tiro-pro-tech-emerson-cqc7a-blade-show-texas-2024-especial-lavado-a-la-piedra\/","title":{"rendered":"Cuchillo de tiro Pro-Tech Emerson CQC7A BLADE Show Texas 2024 Especial lavado a la piedra"},"content":{"rendered":"<p>Cuchillo de tiro <strong>Pro-Tech<\/strong> Emerson CQC7A BLADE Show Texas 2024 Special Stonewashed.<\/p>\n<p>Cada cuchillo <strong>Pro-Tech<\/strong> es una combinaci\u00f3n de los mejores materiales disponibles y un compromiso con la artesan\u00eda. Los cuchillos <strong>Pro-Tech<\/strong> se fabrican utilizando procesos de fabricaci\u00f3n de \u00faltima generaci\u00f3n que incluyen; Mecanizado CNC, electroerosi\u00f3n por hilo, corte por l\u00e1ser, etc. Los componentes de alta tecnolog\u00eda son ensamblados y ensamblados a mano por artesanos dedicados y meticulosos en sus instalaciones de Artesia, California. Fabrican peque\u00f1os lotes de sus cuchillos para poder tomarse el tiempo de ajustar y terminar cada cuchillo individualmente a mano a un nivel que rara vez se ve en los cuchillos de f\u00e1brica. Sus modelos de cuchillos de producci\u00f3n ofrecen el mejor dise\u00f1o, funci\u00f3n y valor de cualquier cuchillo del mercado actual. Sus navajas autom\u00e1ticas personalizadas son obras de arte \u00fanicas. Cada uno de los cuchillos personalizados de edici\u00f3n limitada ejemplifica la calidad tradicional. No importa cu\u00e1l de sus cuchillos elijas, estamos seguros de que estar\u00e1s muy satisfecho con tu compra.<\/p>\n<p>Pro-Tech Knives se enorgullece de ser la primera opci\u00f3n de los profesionales militares y policiales de todo el mundo. Los cuchillos Pro-Tech est\u00e1n dise\u00f1ados para durar y durar. Esta es la primera colaboraci\u00f3n de cuchillos entre Pro-Tech Knives y el \u00edcono de cuchillos t\u00e1cticos Ernest Emerson, el Pro-Tech\/Emerson CQC7 AUTO. Ernest Emerson fabrica cuchillos desde 1979 y se ha ganado la reputaci\u00f3n de producir algunos de los dise\u00f1os de cuchillos t\u00e1cticos m\u00e1s buscados del planeta. El CQC7 es quiz\u00e1s el m\u00e1s famoso de sus dise\u00f1os y la versi\u00f3n Pro-Tech de resorte helicoidal se construir\u00e1 seg\u00fan los exigentes est\u00e1ndares por los que Emerson es conocido. El Sr. Emerson estuvo personalmente involucrado en cada detalle de esta navaja de colaboraci\u00f3n; el resultado es una navaja que har\u00e1 muy felices a los fan\u00e1ticos de Emerson y a los clientes leales de Pro-Tech.<\/p>\n<p>La acci\u00f3n es s\u00faper fuerte pero suave. Tiene una buena patada cuando la hoja est\u00e1 activada. El Emerson\/Pro-Tech CQC7 se vio por primera vez fuera del taller en la feria PKA (Professional Knife Maker&#8217;s Association) en Denver, Colorado, donde gan\u00f3 el premio a la mejor colaboraci\u00f3n. Este modelo especial de BLADE Show Texas 2024 presenta una hoja de lanza de piedra hecha de acero inoxidable CPM-20CV con un corte en V regular, mangos de aluminio negro y un clip ancho de bolsillo profundo mejorado.<\/p>\n<p>Especificaciones:<br \/>\nLongitud de la hoja: 8,12 cm<br \/>\nLargo cerrado: 11,67 cm<br \/>\nLongitud total: 20 cm\u00bb<br \/>\nMaterial de la hoja: CPM-20CV Acero inoxidable<br \/>\nEstilo de hoja: punta de lanza<br \/>\nRectificado de la hoja: Plano<br \/>\nTratamiento superficial de la hoja: Stonewash<br \/>\nMaterial del mango: Aluminio Jigged T6-6061, negro<br \/>\nMecanismo de bloqueo: bot\u00f3n de abul\u00f3n<br \/>\nClip de bolsillo: acero inoxidable ancho y profundo (plegable, uso adecuado)<br \/>\nPeso: 4,1 onzas.<br \/>\nHecho en EE.UU<\/p>\n<p><iframe title=\"Meet Pro-Tech Knives\" width=\"800\" height=\"450\" src=\"https:\/\/www.youtube.com\/embed\/0TueVbHVDY4?feature=oembed\" frameborder=\"0\" allow=\"accelerometer; autoplay; clipboard-write; encrypted-media; gyroscope; picture-in-picture; web-share\" allowfullscreen><\/iframe><\/p>\n<p>&nbsp;<\/p>\n","protected":false},"excerpt":{"rendered":"<p><strong>Este Pro-Tech Emerson CQC-A es la versi\u00f3n Blade Show Texas. Dispone de mango de aluminio negro y cuchilla rectificada de CPM 20CV. Solo se fabricaron 100, \u00a1as\u00ed que pide el tuyo mientras puedas!<\/strong><\/p>\n<p>Transporte gratuito.<\/p>\n<p>&nbsp;<\/p>\n","protected":false},"featured_media":323984,"comment_status":"open","ping_status":"closed","template":"","meta":[],"pwb-brand":[3815],"product_brand":[],"product_cat":[3729,3726],"product_tag":[3756],"class_list":{"0":"post-324025","1":"product","2":"type-product","3":"status-publish","4":"has-post-thumbnail","6":"pwb-brand-para-tecnologia","7":"product_cat-cuchillos-de-tiro","8":"product_cat-cuchillos","9":"product_tag-b2b-es","11":"first","12":"outofstock","13":"taxable","14":"shipping-taxable","15":"purchasable","16":"product-type-simple"},"brands":[{"id":3815,"name":"Para tecnolog\u00eda","slug":"para-tecnologia"}],"_links":{"self":[{"href":"https:\/\/www.moskito.cz\/es\/wp-json\/wp\/v2\/product\/324025","targetHints":{"allow":["GET"]}}],"collection":[{"href":"https:\/\/www.moskito.cz\/es\/wp-json\/wp\/v2\/product"}],"about":[{"href":"https:\/\/www.moskito.cz\/es\/wp-json\/wp\/v2\/types\/product"}],"replies":[{"embeddable":true,"href":"https:\/\/www.moskito.cz\/es\/wp-json\/wp\/v2\/comments?post=324025"}],"wp:featuredmedia":[{"embeddable":true,"href":"https:\/\/www.moskito.cz\/es\/wp-json\/wp\/v2\/media\/323984"}],"wp:attachment":[{"href":"https:\/\/www.moskito.cz\/es\/wp-json\/wp\/v2\/media?parent=324025"}],"wp:term":[{"taxonomy":"pwb-brand","embeddable":true,"href":"https:\/\/www.moskito.cz\/es\/wp-json\/wp\/v2\/pwb-brand?post=324025"},{"taxonomy":"product_brand","embeddable":true,"href":"https:\/\/www.moskito.cz\/es\/wp-json\/wp\/v2\/product_brand?post=324025"},{"taxonomy":"product_cat","embeddable":true,"href":"https:\/\/www.moskito.cz\/es\/wp-json\/wp\/v2\/product_cat?post=324025"},{"taxonomy":"product_tag","embeddable":true,"href":"https:\/\/www.moskito.cz\/es\/wp-json\/wp\/v2\/product_tag?post=324025"}],"curies":[{"name":"wp","href":"https:\/\/api.w.org\/{rel}","templated":true}]}}