{"id":324239,"date":"2024-03-29T14:44:35","date_gmt":"2024-03-29T13:48:19","guid":{"rendered":"https:\/\/www.moskito.cz\/produkt\/cuchillo-fijo-spartan-blades-formido-sb39bkkybk\/"},"modified":"2025-05-07T11:07:55","modified_gmt":"2025-05-07T10:07:55","slug":"cuchillo-fijo-spartan-blades-formido-sb39bkkybk","status":"publish","type":"product","link":"https:\/\/www.moskito.cz\/es\/produkt\/cuchillo-fijo-spartan-blades-formido-sb39bkkybk\/","title":{"rendered":"Cuchillo Fijo Spartan Blades Formido SB39BKKYBK"},"content":{"rendered":"<p>Cuchillo Fijo <strong>Spartan Blades<\/strong> Formido SB39BKKYBK.<\/p>\n<p>Presentamos el cuchillo de transporte diario Formido de autodefensa de Spartan, una hoja fija de primera calidad que redefine la comodidad, la durabilidad y la confiabilidad. Cuidadosamente dise\u00f1ado por Curtis Iovito, este cuchillo personalizado es su compa\u00f1ero perfecto para el transporte diario y escenarios de autodefensa.<\/p>\n<p>Propiedades clave:<\/p>\n<p>Dise\u00f1o de hoja fija con prop\u00f3sito: El Formido cuenta con una hoja fija esqueletizada cuidadosamente dise\u00f1ada y adaptada para la autodefensa y la artesan\u00eda. Con una longitud de hoja equilibrada de 3 7\/8&#8243;, proporciona un transporte delgado y c\u00f3modo, lo que facilita un despliegue r\u00e1pido y eficiente cuando sea necesario.<\/p>\n<p>Artesan\u00eda premium: elaborado con precisi\u00f3n y cuidado, el Formido encarna el compromiso de Spartan con la calidad. La hoja s\u00f3lida y recta est\u00e1 hecha de acero CPM S45VN, conocido por su excepcional retenci\u00f3n de bordes y resistencia a la corrosi\u00f3n, lo que garantiza durabilidad y versatilidad.<\/p>\n<p>Tecnolog\u00eda PVD de vanguardia: Formido presenta la tecnolog\u00eda PVD (deposici\u00f3n f\u00edsica de vapor) de vanguardia que utiliza Tungsten DLC en Flat Black o ZrN en Flat Dark Earth. Este acabado avanzado no s\u00f3lo a\u00f1ade una est\u00e9tica distintiva, sino que tambi\u00e9n aumenta la durabilidad y garantiza que su cuchillo resistir\u00e1 la prueba del tiempo.<\/p>\n<p>Opciones de transporte vers\u00e1tiles: Formido incluye una funda de kydex dise\u00f1ada para llevar dentro de la cintura (IWB) o en horizontal, lo que ofrece versatilidad en el estilo de transporte y acceso a la hoja fija. Elige entre Negro o Coyote para que coincida con tu estilo personal.<\/p>\n<p>Especificaciones:<\/p>\n<p>Nombre del cuchillo: Formido<br \/>\nDise\u00f1ador(es): Curtis Iovito<br \/>\nLongitud de la hoja: 10 cm<br \/>\nLongitud total: 22 cm<br \/>\nAcero de la hoja: CPM S45VN<br \/>\nDureza de la hoja: 58-60<br \/>\nEstilo de hoja: S\u00f3lida, espalda recta<br \/>\nRecubrimiento: PVD \u2013 Tungsteno DLC (Flat Black) o ZrN (Flat Dark Earth)<br \/>\nVaina: Kydex con lazo IWB (negro o coyote)<br \/>\nPeso: 0,157 libras<\/p>\n<p>Mejore su transporte diario con el cuchillo de hoja fija Formido, que combina un dise\u00f1o decidido y una artesan\u00eda \u00fanica. Conf\u00ede en Spartan para ofrecerle una hoja s\u00f3lida que no solo cumplir\u00e1 sino que superar\u00e1 sus expectativas de rendimiento, durabilidad y estilo.<\/p>\n<p><iframe title=\"Spartan Blades Company Knife Company Story with Co-Founders Mark Carey and Curtis Iovito.\" width=\"800\" height=\"450\" src=\"https:\/\/www.youtube.com\/embed\/S-EVJgZR57Y?feature=oembed\" frameborder=\"0\" allow=\"accelerometer; autoplay; clipboard-write; encrypted-media; gyroscope; picture-in-picture; web-share\" referrerpolicy=\"strict-origin-when-cross-origin\" allowfullscreen><\/iframe><\/p>\n<p>&nbsp;<\/p>\n","protected":false},"excerpt":{"rendered":"<p><strong>Presentamos el cuchillo de transporte diario Formido de autodefensa de Spartan, una hoja fija de primera calidad que redefine la comodidad, la durabilidad y la confiabilidad. Cuidadosamente dise\u00f1ado por Curtis Iovito, este cuchillo personalizado es su compa\u00f1ero perfecto para el transporte diario y escenarios de autodefensa.<\/strong><\/p>\n<p><strong>Gastos de env\u00edo gratis.<\/strong><\/p>\n","protected":false},"featured_media":324203,"comment_status":"open","ping_status":"closed","template":"","meta":[],"pwb-brand":[3838],"product_brand":[],"product_cat":[3726,3727],"product_tag":[3756],"class_list":{"0":"post-324239","1":"product","2":"type-product","3":"status-publish","4":"has-post-thumbnail","6":"pwb-brand-espadas-espartanas","7":"product_cat-cuchillos","8":"product_cat-cuchillos-macizos","9":"product_tag-b2b-es","11":"first","12":"instock","13":"taxable","14":"shipping-taxable","15":"purchasable","16":"product-type-simple"},"brands":[{"id":3838,"name":"Espadas espartanas","slug":"espadas-espartanas"}],"_links":{"self":[{"href":"https:\/\/www.moskito.cz\/es\/wp-json\/wp\/v2\/product\/324239","targetHints":{"allow":["GET"]}}],"collection":[{"href":"https:\/\/www.moskito.cz\/es\/wp-json\/wp\/v2\/product"}],"about":[{"href":"https:\/\/www.moskito.cz\/es\/wp-json\/wp\/v2\/types\/product"}],"replies":[{"embeddable":true,"href":"https:\/\/www.moskito.cz\/es\/wp-json\/wp\/v2\/comments?post=324239"}],"wp:featuredmedia":[{"embeddable":true,"href":"https:\/\/www.moskito.cz\/es\/wp-json\/wp\/v2\/media\/324203"}],"wp:attachment":[{"href":"https:\/\/www.moskito.cz\/es\/wp-json\/wp\/v2\/media?parent=324239"}],"wp:term":[{"taxonomy":"pwb-brand","embeddable":true,"href":"https:\/\/www.moskito.cz\/es\/wp-json\/wp\/v2\/pwb-brand?post=324239"},{"taxonomy":"product_brand","embeddable":true,"href":"https:\/\/www.moskito.cz\/es\/wp-json\/wp\/v2\/product_brand?post=324239"},{"taxonomy":"product_cat","embeddable":true,"href":"https:\/\/www.moskito.cz\/es\/wp-json\/wp\/v2\/product_cat?post=324239"},{"taxonomy":"product_tag","embeddable":true,"href":"https:\/\/www.moskito.cz\/es\/wp-json\/wp\/v2\/product_tag?post=324239"}],"curies":[{"name":"wp","href":"https:\/\/api.w.org\/{rel}","templated":true}]}}