{"id":324279,"date":"2024-03-29T15:03:01","date_gmt":"2024-03-29T14:06:42","guid":{"rendered":"https:\/\/www.moskito.cz\/produkt\/cuchillo-fijo-spartan-blades-alala-sbsl004bkbk\/"},"modified":"2025-05-07T11:07:56","modified_gmt":"2025-05-07T10:07:56","slug":"cuchillo-fijo-spartan-blades-alala-sbsl004bkbk","status":"publish","type":"product","link":"https:\/\/www.moskito.cz\/es\/produkt\/cuchillo-fijo-spartan-blades-alala-sbsl004bkbk\/","title":{"rendered":"Cuchillo Fijo Spartan Blades Alala SBSL004BKBK"},"content":{"rendered":"<p>Cuchillo Fijo <strong>Spartan Blades<\/strong> Alala SBSL004BKBK.<\/p>\n<p><strong>Alala<\/strong> , que lleva el nombre del griego antiguo que significa \u00abgrito de batalla\u00bb o \u00abgrito de guerra\u00bb, fue el ep\u00edtome del grito de guerra en la mitolog\u00eda griega. El Alala es un cuchillo de hoja fija, fabricado por KA-BAR Knives en Olean, Nueva York, EE. UU., para un rendimiento resistente y un transporte diario. Al ofrecer una ergonom\u00eda y confiabilidad excepcionales, es una herramienta vers\u00e1til lista para ayudar con una variedad de tareas al aire libre.<\/p>\n<p>Propiedades clave:<\/p>\n<p>Comodidad diaria: Dise\u00f1ado para una practicidad sin esfuerzo <strong>, el Alala<\/strong> combina robustez con perfecci\u00f3n ergon\u00f3mica. Es el compa\u00f1ero perfecto para el corte diario y ofrece una herramienta confiable siempre que la necesite.<\/p>\n<p>Artesan\u00eda de calidad: elaborado por los expertos artesanos de KA-BAR Knives, con sede en Olean, Nueva York, EE. UU., <strong>el<\/strong> Alala refleja la excelencia de la fabricaci\u00f3n de cuchillos estadounidense.<\/p>\n<p>Hoja vers\u00e1til para exteriores: La hoja s\u00f3lida y plana de 3,75&#8243;, fabricada con acero Cro-Van 1095 de origen alem\u00e1n, es la compa\u00f1era ideal para exteriores. Su durabilidad y nitidez lo hacen ideal para una variedad de tareas al aire libre.<\/p>\n<p>Est\u00e9tica elegante: el recubrimiento en polvo negro no solo mejora el atractivo visual de Alal, sino que tambi\u00e9n agrega una capa de protecci\u00f3n a la hoja para garantizar su longevidad.<\/p>\n<p>Mango c\u00f3modo: El mango CE Canvas Micarta\u00ae, disponible en negro o verde, ofrece un agarre seguro y c\u00f3modo que le permite afrontar tareas al aire libre con confianza.<\/p>\n<p>Opciones de transporte seguro: la funda moldeada por inyecci\u00f3n cuenta con una palanca de agarre activa para el pulgar y una correa de retenci\u00f3n secundaria para brindar opciones de transporte seguras y c\u00f3modas.<\/p>\n<p>Especificaciones:<\/p>\n<p>Nombre del cuchillo: Alala<br \/>\nDise\u00f1ador(es): Iovito<br \/>\nLongitud total: 20 cm<br \/>\nLongitud de la hoja: 9,5 cm<br \/>\nHoja de acero: 1095 Cro-Van (origen alem\u00e1n)<br \/>\nDureza de la hoja: 56-58 HRC<br \/>\nEstilo de hoja: S\u00f3lida &#8211; Punto de ca\u00edda &#8211; Superficie plana<br \/>\nRecubrimiento: recubrimiento en polvo negro<br \/>\nMaterial del mango: CE Canvas Micarta\u00ae (negro o verde)<br \/>\nFunda: Funda inyectada con palanca de retenci\u00f3n activa para el pulgar y correa de retenci\u00f3n secundaria<br \/>\nPeso: 0.294 LBS (cuchillo)<\/p>\n<p>Mejore sus aventuras al aire libre con Alala, dise\u00f1ado para una versatilidad inigualable al conquistar los desaf\u00edos de la naturaleza. Dise\u00f1ado para brindar comodidad, durabilidad y funcionalidad, el Alala es un compa\u00f1ero confiable para exteriores.<\/p>\n<p><iframe title=\"Spartan Blades Company Knife Company Story with Co-Founders Mark Carey and Curtis Iovito.\" width=\"800\" height=\"450\" src=\"https:\/\/www.youtube.com\/embed\/S-EVJgZR57Y?feature=oembed\" frameborder=\"0\" allow=\"accelerometer; autoplay; clipboard-write; encrypted-media; gyroscope; picture-in-picture; web-share\" referrerpolicy=\"strict-origin-when-cross-origin\" allowfullscreen><\/iframe><\/p>\n<p>&nbsp;<\/p>\n<p>&nbsp;<\/p>\n","protected":false},"excerpt":{"rendered":"<p><strong>Alala, que lleva el nombre del griego antiguo que significa \u00abgrito de batalla\u00bb o \u00abgrito de guerra\u00bb, fue el ep\u00edtome del grito de guerra en la mitolog\u00eda griega. El Alala es un cuchillo de hoja fija, fabricado por KA-BAR Knives en Olean, Nueva York, EE. UU., para un rendimiento resistente y un transporte diario. Al ofrecer una ergonom\u00eda y confiabilidad excepcionales, es una herramienta vers\u00e1til lista para ayudar con una variedad de tareas al aire libre.<\/strong><\/p>\n<p><strong>Transporte gratuito.<\/strong><\/p>\n","protected":false},"featured_media":324251,"comment_status":"open","ping_status":"closed","template":"","meta":[],"pwb-brand":[3838],"product_brand":[],"product_cat":[3726,3727],"product_tag":[3756],"class_list":{"0":"post-324279","1":"product","2":"type-product","3":"status-publish","4":"has-post-thumbnail","6":"pwb-brand-espadas-espartanas","7":"product_cat-cuchillos","8":"product_cat-cuchillos-macizos","9":"product_tag-b2b-es","11":"first","12":"instock","13":"taxable","14":"shipping-taxable","15":"purchasable","16":"product-type-simple"},"brands":[{"id":3838,"name":"Espadas espartanas","slug":"espadas-espartanas"}],"_links":{"self":[{"href":"https:\/\/www.moskito.cz\/es\/wp-json\/wp\/v2\/product\/324279","targetHints":{"allow":["GET"]}}],"collection":[{"href":"https:\/\/www.moskito.cz\/es\/wp-json\/wp\/v2\/product"}],"about":[{"href":"https:\/\/www.moskito.cz\/es\/wp-json\/wp\/v2\/types\/product"}],"replies":[{"embeddable":true,"href":"https:\/\/www.moskito.cz\/es\/wp-json\/wp\/v2\/comments?post=324279"}],"wp:featuredmedia":[{"embeddable":true,"href":"https:\/\/www.moskito.cz\/es\/wp-json\/wp\/v2\/media\/324251"}],"wp:attachment":[{"href":"https:\/\/www.moskito.cz\/es\/wp-json\/wp\/v2\/media?parent=324279"}],"wp:term":[{"taxonomy":"pwb-brand","embeddable":true,"href":"https:\/\/www.moskito.cz\/es\/wp-json\/wp\/v2\/pwb-brand?post=324279"},{"taxonomy":"product_brand","embeddable":true,"href":"https:\/\/www.moskito.cz\/es\/wp-json\/wp\/v2\/product_brand?post=324279"},{"taxonomy":"product_cat","embeddable":true,"href":"https:\/\/www.moskito.cz\/es\/wp-json\/wp\/v2\/product_cat?post=324279"},{"taxonomy":"product_tag","embeddable":true,"href":"https:\/\/www.moskito.cz\/es\/wp-json\/wp\/v2\/product_tag?post=324279"}],"curies":[{"name":"wp","href":"https:\/\/api.w.org\/{rel}","templated":true}]}}