{"id":324438,"date":"2024-03-29T15:48:01","date_gmt":"2024-03-29T14:51:09","guid":{"rendered":"https:\/\/www.moskito.cz\/produkt\/cuchillo-fijo-spartan-blades-cqb-sb9de\/"},"modified":"2025-05-07T11:07:59","modified_gmt":"2025-05-07T10:07:59","slug":"cuchillo-fijo-spartan-blades-cqb-sb9de","status":"publish","type":"product","link":"https:\/\/www.moskito.cz\/es\/produkt\/cuchillo-fijo-spartan-blades-cqb-sb9de\/","title":{"rendered":"Cuchillo Fijo Spartan Blades CQB SB9DE"},"content":{"rendered":"<p>Cuchillo Fijo <strong>Spartan Blades<\/strong> CQB SB9DE.<\/p>\n<p>Cuchillo Fijo <strong>Spartan Blades<\/strong> CQB SB9BK.<\/p>\n<p><strong>La herramienta Spartan CQB<\/strong> hace honor a su nombre, dise\u00f1ada espec\u00edficamente para escenarios de combate cuerpo a cuerpo. Esta daga de anillo viene con una funda de kydex que complementa perfectamente el anillo y permite una extracci\u00f3n r\u00e1pida y eficiente. La funda est\u00e1 estrat\u00e9gicamente dise\u00f1ada para acoplarse a los sistemas MOLLE\/PALS y cabe c\u00f3modamente detr\u00e1s de cargadores u otros bolsillos delanteros del chaleco. Alternativamente, se puede usar en un cintur\u00f3n o dentro de la cintura para facilitar el acceso.<\/p>\n<p>El concepto de la herramienta CQB fue desarrollado por Greg Thompson, un renombrado instructor de t\u00e9cnicas de combate cuerpo a cuerpo para las fuerzas especiales estadounidenses. El Sr. Thompson, fundador del grupo de entrenamiento H2H\/Team ROC y desarrollador del Programa de Operaciones Especiales Combativas (SOCP), dise\u00f1\u00f3 la herramienta como parte del equipo del programa. La herramienta CQB, tambi\u00e9n conocida como \u00abherramienta de transici\u00f3n\u00bb, sirve como un cuchillo delgado y f\u00e1cil de almacenar con capacidades de adquisici\u00f3n r\u00e1pida para situaciones de combate en combate CQB. El perfil anular y delgado permite a los operadores desplegar y desplegar r\u00e1pidamente la daga, liber\u00e1ndose del alcance de un atacante y facilitando una transici\u00f3n suave de regreso a su sistema de arma principal.<\/p>\n<p>Especificaciones:<\/p>\n<p>Nombre del cuchillo: Herramienta CQB<br \/>\nDise\u00f1adores: Thompson\/Iovito\/Carey<br \/>\nLongitud total: 16 cm<br \/>\nLongitud de la hoja: 7 cm (semiafilada)<br \/>\nHoja de acero: 154 cm.<br \/>\nDureza de la hoja: 57-59 HRC<br \/>\nEstilo de hoja: Daga de tierra de sable<br \/>\nRecubrimiento: SpartaCoat \u2013 PVD \u2013 Tungsteno DLC (Negro) o ZrN (Flat Dark Earth)<br \/>\nVaina: Kydex (negra) o (coyote) seg\u00fan el dise\u00f1o de la hoja.<br \/>\nPeso: 0.126 LBS (cuchillo)<\/p>\n<p><iframe title=\"Spartan Blades Company Knife Company Story with Co-Founders Mark Carey and Curtis Iovito.\" width=\"800\" height=\"450\" src=\"https:\/\/www.youtube.com\/embed\/S-EVJgZR57Y?feature=oembed\" frameborder=\"0\" allow=\"accelerometer; autoplay; clipboard-write; encrypted-media; gyroscope; picture-in-picture; web-share\" referrerpolicy=\"strict-origin-when-cross-origin\" allowfullscreen><\/iframe><\/p>\n","protected":false},"excerpt":{"rendered":"<div class=\"elementor-element elementor-element-bbb542b elementor-widget elementor-widget-woocommerce-product-short-description\" data-id=\"bbb542b\" data-element_type=\"widget\" data-widget_type=\"woocommerce-product-short-description.default\">\n<div class=\"elementor-widget-container\">\n<div class=\"woocommerce-product-details__short-description\">\n<p><strong>La herramienta Spartan CQB hace honor a su nombre, dise\u00f1ada espec\u00edficamente para escenarios de combate cuerpo a cuerpo. Esta daga de anillo viene con una funda de kydex que complementa perfectamente el anillo y permite una extracci\u00f3n r\u00e1pida y eficiente. La funda est\u00e1 estrat\u00e9gicamente dise\u00f1ada para acoplarse a los sistemas MOLLE\/PALS y cabe c\u00f3modamente detr\u00e1s de cargadores u otros bolsillos delanteros del chaleco. Alternativamente, se puede usar en un cintur\u00f3n o dentro de la cintura para facilitar el acceso.<\/strong><\/p>\n<p><strong>Transporte gratuito.<\/strong><\/p>\n<\/div>\n<\/div>\n<\/div>\n","protected":false},"featured_media":324406,"comment_status":"open","ping_status":"closed","template":"","meta":[],"pwb-brand":[3838],"product_brand":[],"product_cat":[3726,3727],"product_tag":[3756],"class_list":{"0":"post-324438","1":"product","2":"type-product","3":"status-publish","4":"has-post-thumbnail","6":"pwb-brand-espadas-espartanas","7":"product_cat-cuchillos","8":"product_cat-cuchillos-macizos","9":"product_tag-b2b-es","11":"first","12":"outofstock","13":"taxable","14":"shipping-taxable","15":"purchasable","16":"product-type-simple"},"brands":[{"id":3838,"name":"Espadas espartanas","slug":"espadas-espartanas"}],"_links":{"self":[{"href":"https:\/\/www.moskito.cz\/es\/wp-json\/wp\/v2\/product\/324438","targetHints":{"allow":["GET"]}}],"collection":[{"href":"https:\/\/www.moskito.cz\/es\/wp-json\/wp\/v2\/product"}],"about":[{"href":"https:\/\/www.moskito.cz\/es\/wp-json\/wp\/v2\/types\/product"}],"replies":[{"embeddable":true,"href":"https:\/\/www.moskito.cz\/es\/wp-json\/wp\/v2\/comments?post=324438"}],"wp:featuredmedia":[{"embeddable":true,"href":"https:\/\/www.moskito.cz\/es\/wp-json\/wp\/v2\/media\/324406"}],"wp:attachment":[{"href":"https:\/\/www.moskito.cz\/es\/wp-json\/wp\/v2\/media?parent=324438"}],"wp:term":[{"taxonomy":"pwb-brand","embeddable":true,"href":"https:\/\/www.moskito.cz\/es\/wp-json\/wp\/v2\/pwb-brand?post=324438"},{"taxonomy":"product_brand","embeddable":true,"href":"https:\/\/www.moskito.cz\/es\/wp-json\/wp\/v2\/product_brand?post=324438"},{"taxonomy":"product_cat","embeddable":true,"href":"https:\/\/www.moskito.cz\/es\/wp-json\/wp\/v2\/product_cat?post=324438"},{"taxonomy":"product_tag","embeddable":true,"href":"https:\/\/www.moskito.cz\/es\/wp-json\/wp\/v2\/product_tag?post=324438"}],"curies":[{"name":"wp","href":"https:\/\/api.w.org\/{rel}","templated":true}]}}