{"id":324482,"date":"2024-03-29T15:56:02","date_gmt":"2024-03-29T14:58:01","guid":{"rendered":"https:\/\/www.moskito.cz\/produkt\/cuchillo-fijo-spartan-blades-enyo-sb2bk\/"},"modified":"2025-05-07T11:08:00","modified_gmt":"2025-05-07T10:08:00","slug":"cuchillo-fijo-spartan-blades-enyo-sb2bk","status":"publish","type":"product","link":"https:\/\/www.moskito.cz\/es\/produkt\/cuchillo-fijo-spartan-blades-enyo-sb2bk\/","title":{"rendered":"Cuchillo Fijo Spartan Blades Enyo SB2BK"},"content":{"rendered":"<p>Cuchillo Fijo Spartan Blades Enyo SB2BK.<\/p>\n<p><strong>Enyo<\/strong> (pronunciado i-nye-oh) era la diosa griega de la guerra. A menudo se la conoce como la compa\u00f1era de Ares, el dios griego de la guerra. Elegimos el nombre Enyo para este compa\u00f1ero de uso diario (EDC) porque se puede llevar en un bolsillo, dentro de la cintura (IWB) o alrededor del cuello.<\/p>\n<p>Como cuchillo de hoja fija personalizado para llevar a diario, <strong>el Enyo<\/strong> est\u00e1 dise\u00f1ado teniendo en cuenta la ergonom\u00eda y la portabilidad. Cuando se trata de tareas de corte diarias, la Enyo siempre est\u00e1 preparada para el desaf\u00edo. Debido al dise\u00f1o de punto de ca\u00edda fijo, la fuerza de la hoja se transfiere hacia la punta. Cualquiera que sea la situaci\u00f3n, Enyo estar\u00e1 listo para partir.<\/p>\n<p><strong>El Spartan Enyo<\/strong> cuenta con una funda Kydex contorneada junto con una cadena para el cuello de acero inoxidable, un lazo para pizarra interactiva y una cuerda de paraca\u00eddas de 2\u2032 para una variedad de opciones pr\u00e1cticas de transporte diario. Este cuchillo hecho a mano para llevar a diario tambi\u00e9n incluye un cord\u00f3n con un casco espartano de peltre chapado.<\/p>\n<p>&nbsp;<\/p>\n<p>Especificaciones:<\/p>\n<p>Nombre del cuchillo: Enyo<br \/>\nDise\u00f1ador(es): Iovito\/Carey<br \/>\nLongitud total: 16 cm<br \/>\nLongitud de la hoja: 7 cm<br \/>\nAcero de la hoja: CPM S45VN<br \/>\nDureza de la hoja: 59-61 HRC<br \/>\nEstilo de hoja: Punto de ca\u00edda fijo: este dise\u00f1o permite fortalecer la punta de la hoja coloc\u00e1ndola en l\u00ednea con la mano del usuario mientras se mantiene la curva hacia arriba de la hoja.<br \/>\nRecubrimiento: SpartaCoat \u2013 PVD \u2013 Tungsteno DLC (Negro) o ZrN (Flat Dark Earth)<br \/>\nVaina: Kydex (negra) o (coyote) seg\u00fan el dise\u00f1o de la hoja.<br \/>\nPeso: 0.176 LBS (cuchillo)<\/p>\n<p><iframe title=\"Spartan Blades Company Knife Company Story with Co-Founders Mark Carey and Curtis Iovito.\" width=\"800\" height=\"450\" src=\"https:\/\/www.youtube.com\/embed\/S-EVJgZR57Y?feature=oembed\" frameborder=\"0\" allow=\"accelerometer; autoplay; clipboard-write; encrypted-media; gyroscope; picture-in-picture; web-share\" referrerpolicy=\"strict-origin-when-cross-origin\" allowfullscreen><\/iframe><\/p>\n<p>&nbsp;<\/p>\n","protected":false},"excerpt":{"rendered":"<div class=\"elementor-element elementor-element-bbb542b elementor-widget elementor-widget-woocommerce-product-short-description\" data-id=\"bbb542b\" data-element_type=\"widget\" data-widget_type=\"woocommerce-product-short-description.default\">\n<div class=\"elementor-widget-container\">\n<div class=\"woocommerce-product-details__short-description\">\n<p><strong>Enyo (pronunciado i-nye-oh) era la diosa griega de la guerra. A menudo se la conoce como la compa\u00f1era de Ares, el dios griego de la guerra. Elegimos el nombre Enyo para este compa\u00f1ero de uso diario (EDC) porque se puede llevar en un bolsillo, dentro de la cintura (IWB) o alrededor del cuello.<\/strong><\/p>\n<p><strong>Transporte gratuito.<\/strong><\/p>\n<\/div>\n<\/div>\n<\/div>\n","protected":false},"featured_media":324446,"comment_status":"open","ping_status":"closed","template":"","meta":[],"pwb-brand":[3838],"product_brand":[],"product_cat":[3726,3727],"product_tag":[3756],"class_list":{"0":"post-324482","1":"product","2":"type-product","3":"status-publish","4":"has-post-thumbnail","6":"pwb-brand-espadas-espartanas","7":"product_cat-cuchillos","8":"product_cat-cuchillos-macizos","9":"product_tag-b2b-es","11":"first","12":"instock","13":"taxable","14":"shipping-taxable","15":"purchasable","16":"product-type-simple"},"brands":[{"id":3838,"name":"Espadas espartanas","slug":"espadas-espartanas"}],"_links":{"self":[{"href":"https:\/\/www.moskito.cz\/es\/wp-json\/wp\/v2\/product\/324482","targetHints":{"allow":["GET"]}}],"collection":[{"href":"https:\/\/www.moskito.cz\/es\/wp-json\/wp\/v2\/product"}],"about":[{"href":"https:\/\/www.moskito.cz\/es\/wp-json\/wp\/v2\/types\/product"}],"replies":[{"embeddable":true,"href":"https:\/\/www.moskito.cz\/es\/wp-json\/wp\/v2\/comments?post=324482"}],"wp:featuredmedia":[{"embeddable":true,"href":"https:\/\/www.moskito.cz\/es\/wp-json\/wp\/v2\/media\/324446"}],"wp:attachment":[{"href":"https:\/\/www.moskito.cz\/es\/wp-json\/wp\/v2\/media?parent=324482"}],"wp:term":[{"taxonomy":"pwb-brand","embeddable":true,"href":"https:\/\/www.moskito.cz\/es\/wp-json\/wp\/v2\/pwb-brand?post=324482"},{"taxonomy":"product_brand","embeddable":true,"href":"https:\/\/www.moskito.cz\/es\/wp-json\/wp\/v2\/product_brand?post=324482"},{"taxonomy":"product_cat","embeddable":true,"href":"https:\/\/www.moskito.cz\/es\/wp-json\/wp\/v2\/product_cat?post=324482"},{"taxonomy":"product_tag","embeddable":true,"href":"https:\/\/www.moskito.cz\/es\/wp-json\/wp\/v2\/product_tag?post=324482"}],"curies":[{"name":"wp","href":"https:\/\/api.w.org\/{rel}","templated":true}]}}