{"id":324528,"date":"2024-03-31T20:32:55","date_gmt":"2024-03-31T19:33:58","guid":{"rendered":"https:\/\/www.moskito.cz\/produkt\/cuchillo-de-tiro-pro-tech-knives-sinkevich-oligarch-blade-show-texas-2024\/"},"modified":"2025-05-07T11:08:01","modified_gmt":"2025-05-07T10:08:01","slug":"cuchillo-de-tiro-pro-tech-knives-sinkevich-oligarch-blade-show-texas-2024","status":"publish","type":"product","link":"https:\/\/www.moskito.cz\/es\/produkt\/cuchillo-de-tiro-pro-tech-knives-sinkevich-oligarch-blade-show-texas-2024\/","title":{"rendered":"Cuchillo de tiro PRO-TECH KNIVES SINKEVICH OLIGARCH BLADE SHOW TEXAS 2024"},"content":{"rendered":"<p>Cuchillo de tiro <strong>PRO-TECH KNIVES<\/strong> SINKEVICH OLIGARCH BLADE SHOW TEXAS 2024<\/p>\n<p><strong>Dmitri Sinkevich<\/strong> es conocido por sus llamativos dise\u00f1os, muy reconocibles por el uso de l\u00edneas geom\u00e9tricas exc\u00e9ntricas y la atenci\u00f3n al detalle. Todo esto se puede ver f\u00e1cilmente en este \u00faltimo coche. Estos detalles refinados incluyen herrajes de titanio anodizado azul que contrastan con los mangos monocrom\u00e1ticos de acero inoxidable endurecido, un collar fino cuidadosamente fresado, una perilla con incrustaciones de n\u00e1car en un labio negro, un atractivo patr\u00f3n estriado fresado que recorre todo el lomo de la empu\u00f1adura. y contin\u00faa en la hoja, mientras que la inspecci\u00f3n meticulosa revela que estas l\u00edneas marcadas tambi\u00e9n se extienden hasta la base de la hoja; haci\u00e9ndolos discretamente visibles cuando est\u00e1n cerrados y se ven entre las manijas. Los mangos presentan un dise\u00f1o excepcional con hermosos bordes biselados grandes y fresado estampado. Todos cuentan con un acabado en dos tonos y satinado a mano para resaltar cada uno. El anverso presenta este fresado de precisi\u00f3n con una plataforma de aterrizaje en forma de diamante para un miniclip de titanio anodizado azul para un uso profundo. La nueva forma del mango fluye perfectamente hacia la hoja afilada a mano, que presenta un impresionante acabado pulido y pulido por Mike Irie. La parte posterior de la hoja est\u00e1 marcada como \u00abPrototipo\u00bb.  <strong>Una versi\u00f3n de producci\u00f3n muy limitada y dif\u00edcil de encontrar solo estuvo a la venta en el Blade Show de 2024.<\/strong><\/p>\n<p>Pa\u00eds de origen: EE.UU.<br \/>\nFecha de origen: 2024<br \/>\nCondicion: NUEVO<br \/>\nMaterial del mango: Acero inoxidable<br \/>\nMaterial de la hoja: 154 cm<br \/>\nEstilo de hoja: pie de oveja<br \/>\nTratamiento superficial de la hoja: brillo espejo.<br \/>\nTipo de borde: Est\u00e1ndar<br \/>\nModelo\/Patr\u00f3n: oligarca<br \/>\nTipo de cuchillo: Autom\u00e1tico<br \/>\nLongitud de la hoja: 8,12 cm<br \/>\nLongitud total: 18,62 cm.<\/p>\n","protected":false},"excerpt":{"rendered":"<p><strong>Una versi\u00f3n de producci\u00f3n muy limitada y dif\u00edcil de encontrar solo estuvo a la venta en el Blade Show de 2024.<\/strong><\/p>\n<p>Transporte gratuito.<\/p>\n","protected":false},"featured_media":324509,"comment_status":"open","ping_status":"closed","template":"","meta":[],"pwb-brand":[3815],"product_brand":[],"product_cat":[3729,3726],"product_tag":[3756],"class_list":{"0":"post-324528","1":"product","2":"type-product","3":"status-publish","4":"has-post-thumbnail","6":"pwb-brand-para-tecnologia","7":"product_cat-cuchillos-de-tiro","8":"product_cat-cuchillos","9":"product_tag-b2b-es","11":"first","12":"instock","13":"taxable","14":"shipping-taxable","15":"purchasable","16":"product-type-simple"},"brands":[{"id":3815,"name":"Para tecnolog\u00eda","slug":"para-tecnologia"}],"_links":{"self":[{"href":"https:\/\/www.moskito.cz\/es\/wp-json\/wp\/v2\/product\/324528","targetHints":{"allow":["GET"]}}],"collection":[{"href":"https:\/\/www.moskito.cz\/es\/wp-json\/wp\/v2\/product"}],"about":[{"href":"https:\/\/www.moskito.cz\/es\/wp-json\/wp\/v2\/types\/product"}],"replies":[{"embeddable":true,"href":"https:\/\/www.moskito.cz\/es\/wp-json\/wp\/v2\/comments?post=324528"}],"wp:featuredmedia":[{"embeddable":true,"href":"https:\/\/www.moskito.cz\/es\/wp-json\/wp\/v2\/media\/324509"}],"wp:attachment":[{"href":"https:\/\/www.moskito.cz\/es\/wp-json\/wp\/v2\/media?parent=324528"}],"wp:term":[{"taxonomy":"pwb-brand","embeddable":true,"href":"https:\/\/www.moskito.cz\/es\/wp-json\/wp\/v2\/pwb-brand?post=324528"},{"taxonomy":"product_brand","embeddable":true,"href":"https:\/\/www.moskito.cz\/es\/wp-json\/wp\/v2\/product_brand?post=324528"},{"taxonomy":"product_cat","embeddable":true,"href":"https:\/\/www.moskito.cz\/es\/wp-json\/wp\/v2\/product_cat?post=324528"},{"taxonomy":"product_tag","embeddable":true,"href":"https:\/\/www.moskito.cz\/es\/wp-json\/wp\/v2\/product_tag?post=324528"}],"curies":[{"name":"wp","href":"https:\/\/api.w.org\/{rel}","templated":true}]}}