{"id":324603,"date":"2024-04-02T18:49:30","date_gmt":"2024-04-02T17:52:30","guid":{"rendered":"https:\/\/www.moskito.cz\/produkt\/cuchillo-de-cierre-spartan-blades-edicion-especial-dragon-stonewashed-sf5dragon\/"},"modified":"2025-05-07T11:08:02","modified_gmt":"2025-05-07T10:08:02","slug":"cuchillo-de-cierre-spartan-blades-edicion-especial-dragon-stonewashed-sf5dragon","status":"publish","type":"product","link":"https:\/\/www.moskito.cz\/es\/produkt\/cuchillo-de-cierre-spartan-blades-edicion-especial-dragon-stonewashed-sf5dragon\/","title":{"rendered":"Cuchillo de Cierre Spartan Blades Edici\u00f3n Especial Dragon Stonewashed SF5DRAGON"},"content":{"rendered":"<p>Cuchillo de Cierre <strong>Spartan Blades<\/strong> Edici\u00f3n Especial Dragon Stonewashed SF5DRAGON.<\/p>\n<p><strong>El Spartan SHF<\/strong> es el resultado de una colaboraci\u00f3n entre <strong>Spartan Knives<\/strong> y el dise\u00f1ador de cuchillos de renombre mundial Bill Harsey. Est\u00e1 hecho para uso diario, t\u00e1ctico o de campo. Cuentan con una hoja de acero inoxidable CPM-S45VN y, a excepci\u00f3n de la hoja, el pasador del cilindro y el pasador de tope, todas las partes del cuchillo son de titanio. El mango ergon\u00f3mico tiene ranuras para los dedos y ranuras para fijar el dise\u00f1o en la mano cuando se mueve con fuerza. usar. El mango tiene un mecanismo interno de prevenci\u00f3n de deslizamiento y el clip de bolsillo de titanio es reversible para llevar la punta ambidiestro. Los pasadores dobles para el pulgar son de muy f\u00e1cil acceso porque Spartan ha fresado la rampa perfecta para el pulgar. Es un dise\u00f1o bien pensado y construido con una calidad espartana para que sepa que est\u00e1 adquiriendo un cuchillo que puede servirle bien en cualquier entorno de uso.<\/p>\n<p>Especificaciones:<br \/>\nLongitud de la hoja: 10 cm<br \/>\nLongitud total: 22 cm<br \/>\nMaterial de la hoja: CPM-S45VN Acero inoxidable<br \/>\nDureza de la hoja: 58-60HRC<br \/>\nEstilo de hoja: Punto de ca\u00edda<br \/>\nRectificado de cuchillas: hueca<br \/>\nTratamiento superficial de la hoja: Stonewash<br \/>\nMaterial del mango: titanio grabado con drag\u00f3n<br \/>\nMecanismo de bloqueo: Bloqueo de marco<br \/>\nConjunto de pasador: Arandelas de bronce<br \/>\nClip de bolsillo: Titanio (plegable, uso derecho\/izquierdo)<br \/>\nPeso: 5,8 onzas.<br \/>\nDise\u00f1ador: William Harsey<br \/>\nHecho en EE.UU<\/p>\n<p><iframe title=\"Spartan Blades Company Knife Company Story with Co-Founders Mark Carey and Curtis Iovito.\" width=\"800\" height=\"450\" src=\"https:\/\/www.youtube.com\/embed\/S-EVJgZR57Y?feature=oembed\" frameborder=\"0\" allow=\"accelerometer; autoplay; clipboard-write; encrypted-media; gyroscope; picture-in-picture; web-share\" referrerpolicy=\"strict-origin-when-cross-origin\" allowfullscreen><\/iframe><\/p>\n<p>&nbsp;<\/p>\n","protected":false},"excerpt":{"rendered":"<p><strong>Este cuchillo en particular est\u00e1 grabado con un drag\u00f3n multicolor para representar suerte, fuerza y \u200b\u200bsalud en todo lo que haces. Est\u00e1 anodizado en azul con varios colores anodizados con l\u00e1ser para darle al cuchillo una sensaci\u00f3n de movimiento al reflejar la luz durante el movimiento.<\/strong>.<\/p>\n<p>Transporte gratuito.<\/p>\n","protected":false},"featured_media":324568,"comment_status":"open","ping_status":"closed","template":"","meta":[],"pwb-brand":[3838],"product_brand":[],"product_cat":[3730,3726],"product_tag":[3756],"class_list":{"0":"post-324603","1":"product","2":"type-product","3":"status-publish","4":"has-post-thumbnail","6":"pwb-brand-espadas-espartanas","7":"product_cat-cuchillas-de-cierre","8":"product_cat-cuchillos","9":"product_tag-b2b-es","11":"first","12":"instock","13":"taxable","14":"shipping-taxable","15":"purchasable","16":"product-type-simple"},"brands":[{"id":3838,"name":"Espadas espartanas","slug":"espadas-espartanas"}],"_links":{"self":[{"href":"https:\/\/www.moskito.cz\/es\/wp-json\/wp\/v2\/product\/324603","targetHints":{"allow":["GET"]}}],"collection":[{"href":"https:\/\/www.moskito.cz\/es\/wp-json\/wp\/v2\/product"}],"about":[{"href":"https:\/\/www.moskito.cz\/es\/wp-json\/wp\/v2\/types\/product"}],"replies":[{"embeddable":true,"href":"https:\/\/www.moskito.cz\/es\/wp-json\/wp\/v2\/comments?post=324603"}],"wp:featuredmedia":[{"embeddable":true,"href":"https:\/\/www.moskito.cz\/es\/wp-json\/wp\/v2\/media\/324568"}],"wp:attachment":[{"href":"https:\/\/www.moskito.cz\/es\/wp-json\/wp\/v2\/media?parent=324603"}],"wp:term":[{"taxonomy":"pwb-brand","embeddable":true,"href":"https:\/\/www.moskito.cz\/es\/wp-json\/wp\/v2\/pwb-brand?post=324603"},{"taxonomy":"product_brand","embeddable":true,"href":"https:\/\/www.moskito.cz\/es\/wp-json\/wp\/v2\/product_brand?post=324603"},{"taxonomy":"product_cat","embeddable":true,"href":"https:\/\/www.moskito.cz\/es\/wp-json\/wp\/v2\/product_cat?post=324603"},{"taxonomy":"product_tag","embeddable":true,"href":"https:\/\/www.moskito.cz\/es\/wp-json\/wp\/v2\/product_tag?post=324603"}],"curies":[{"name":"wp","href":"https:\/\/api.w.org\/{rel}","templated":true}]}}