{"id":324665,"date":"2024-04-02T19:21:18","date_gmt":"2024-04-02T18:23:58","guid":{"rendered":"https:\/\/www.moskito.cz\/produkt\/cuchillo-de-tiro-spartan-blades-zelos-sf9bkbk\/"},"modified":"2025-08-04T00:00:37","modified_gmt":"2025-08-03T23:00:37","slug":"cuchillo-de-tiro-spartan-blades-zelos-sf9bkbk","status":"publish","type":"product","link":"https:\/\/www.moskito.cz\/es\/produkt\/cuchillo-de-tiro-spartan-blades-zelos-sf9bkbk\/","title":{"rendered":"Cuchillo de tiro Spartan Blades Zelos SF9BKBK"},"content":{"rendered":"<p>Cuchillo de tiro <strong>Spartan Blades<\/strong> Zelos SF9BKBK.<\/p>\n<p>Excelencia de la hoja: Zelos cuenta con una hoja de acero CPM S45VN conocida por su excepcional filo, resistencia a la corrosi\u00f3n y retenci\u00f3n de los bordes. El grosor de la hoja de 0,153&#8243; proporciona durabilidad y versatilidad para una variedad de tareas de corte.<\/p>\n<p>Construcci\u00f3n robusta: Zelos cuenta con un marco mecanizado con precisi\u00f3n que proporciona una sujeci\u00f3n en la posici\u00f3n abierta que rara vez se encuentra en los abridores autom\u00e1ticos. Este dise\u00f1o enfatiza la confiabilidad y seguridad en cada uso.<\/p>\n<p>Est\u00e9tica elegante: el estilo de hoja de punta ca\u00edda, recubierto con PVD (deposici\u00f3n f\u00edsica de vapor) negro, no solo aumenta la resistencia a la corrosi\u00f3n, sino que tambi\u00e9n contribuye a la apariencia elegante y t\u00e1ctica del cuchillo.<\/p>\n<p>Innovaci\u00f3n en mangos: opte por mangos de aluminio Black Mil Elox 6061 que brindan el equilibrio perfecto entre dise\u00f1o liviano y construcci\u00f3n robusta. El dise\u00f1o ergon\u00f3mico del mango garantiza un agarre c\u00f3modo, lo que convierte a Zelos en un compa\u00f1ero fiable para un uso prolongado.<\/p>\n<p>Opciones de transporte vers\u00e1tiles: Zelos ofrece opciones de transporte abatibles hacia arriba y hacia abajo, lo que brinda flexibilidad para adaptarse a las preferencias individuales. Un clip de bolsillo de fibra de carbono o titanio a\u00f1ade un toque de estilo de alta tecnolog\u00eda al mismo tiempo que garantiza un transporte seguro y discreto.<\/p>\n<p>Artesan\u00eda de \u00e9lite: Spartan Blades se enorgullece de fabricar herramientas de \u00e9lite, y Zelos no es una excepci\u00f3n. El tratamiento t\u00e9rmico criog\u00e9nico doble y profundo aumenta la dureza y el filo de la hoja y la distingue de la navaja plegable premium.<\/p>\n<p>Disponibilidad limitada: No disponible en l\u00ednea, Zelos es exclusivamente para revendedores autorizados de Spartan Blades o ventas en tiendas \u00fanicamente. Se anima a los compradores militares, policiales, de servicios m\u00e9dicos de emergencia, bomberos y otros compradores autorizados a solicitar una cotizaci\u00f3n personalizada.<\/p>\n<p>Abrace el esp\u00edritu de Zelos: la fusi\u00f3n de dise\u00f1o, tecnolog\u00eda y funci\u00f3n. Ya sea que est\u00e9 buscando un transporte diario confiable o una herramienta confiable para sus necesidades profesionales, Spartan Blades Zelos est\u00e1 listo para enfrentar el desaf\u00edo con un entusiasmo inigualable. Mejora tu colecci\u00f3n de equipo con un cuchillo que encarna la esencia de la dedicaci\u00f3n y la rivalidad en cada corte preciso.<\/p>\n<p>Especificaciones:<br \/>\nLongitud de la hoja: 8 cm<br \/>\nLargo cerrado: 12 cm<br \/>\nLongitud total: 20 cm<br \/>\nMaterial de la hoja: CPM-S45VN Acero inoxidable<br \/>\nDureza de la hoja: 58-59HRC<br \/>\nEstilo de hoja: Punto de ca\u00edda<br \/>\nRectificado de la hoja: Plano<br \/>\nTratamiento de la superficie de la hoja: PVD negro.<br \/>\nMaterial del mango: Aluminio anodizado negro 6061<br \/>\nMecanismo de bloqueo: Bot\u00f3n<br \/>\nClip de bolsillo: Fibra de carbono (inclinado hacia arriba\/abajo, transporte hacia la derecha)<br \/>\nPeso: 4,58 onzas.<br \/>\nDise\u00f1ador: Curtis Iovito<br \/>\nHecho en EE.UU<\/p>\n<p><iframe title=\"Spartan Blades Company Knife Company Story with Co-Founders Mark Carey and Curtis Iovito.\" width=\"800\" height=\"450\" src=\"https:\/\/www.youtube.com\/embed\/S-EVJgZR57Y?feature=oembed\" frameborder=\"0\" allow=\"accelerometer; autoplay; clipboard-write; encrypted-media; gyroscope; picture-in-picture; web-share\" referrerpolicy=\"strict-origin-when-cross-origin\" allowfullscreen><\/iframe><\/p>\n<p>&nbsp;<\/p>\n","protected":false},"excerpt":{"rendered":"<p><strong>Presentamos Spartan Blades Zelos, una navaja plegable que combina a la perfecci\u00f3n ingenier\u00eda de precisi\u00f3n con materiales superiores, encarnando el esp\u00edritu de dedicaci\u00f3n y celo de su hom\u00f3nimo mitol\u00f3gico griego. Dise\u00f1ado con meticulosa atenci\u00f3n al detalle por el dise\u00f1ador Iovito, Zelos se destaca como un testimonio de excelencia tanto en forma como en funci\u00f3n.<\/strong><\/p>\n<p>Transporte gratuito.<\/p>\n","protected":false},"featured_media":324619,"comment_status":"open","ping_status":"closed","template":"","meta":[],"pwb-brand":[3838],"product_brand":[],"product_cat":[3729,3726],"product_tag":[3756],"class_list":{"0":"post-324665","1":"product","2":"type-product","3":"status-publish","4":"has-post-thumbnail","6":"pwb-brand-espadas-espartanas","7":"product_cat-cuchillos-de-tiro","8":"product_cat-cuchillos","9":"product_tag-b2b-es","11":"first","12":"instock","13":"taxable","14":"shipping-taxable","15":"purchasable","16":"product-type-simple"},"brands":[{"id":3838,"name":"Espadas espartanas","slug":"espadas-espartanas"}],"_links":{"self":[{"href":"https:\/\/www.moskito.cz\/es\/wp-json\/wp\/v2\/product\/324665","targetHints":{"allow":["GET"]}}],"collection":[{"href":"https:\/\/www.moskito.cz\/es\/wp-json\/wp\/v2\/product"}],"about":[{"href":"https:\/\/www.moskito.cz\/es\/wp-json\/wp\/v2\/types\/product"}],"replies":[{"embeddable":true,"href":"https:\/\/www.moskito.cz\/es\/wp-json\/wp\/v2\/comments?post=324665"}],"wp:featuredmedia":[{"embeddable":true,"href":"https:\/\/www.moskito.cz\/es\/wp-json\/wp\/v2\/media\/324619"}],"wp:attachment":[{"href":"https:\/\/www.moskito.cz\/es\/wp-json\/wp\/v2\/media?parent=324665"}],"wp:term":[{"taxonomy":"pwb-brand","embeddable":true,"href":"https:\/\/www.moskito.cz\/es\/wp-json\/wp\/v2\/pwb-brand?post=324665"},{"taxonomy":"product_brand","embeddable":true,"href":"https:\/\/www.moskito.cz\/es\/wp-json\/wp\/v2\/product_brand?post=324665"},{"taxonomy":"product_cat","embeddable":true,"href":"https:\/\/www.moskito.cz\/es\/wp-json\/wp\/v2\/product_cat?post=324665"},{"taxonomy":"product_tag","embeddable":true,"href":"https:\/\/www.moskito.cz\/es\/wp-json\/wp\/v2\/product_tag?post=324665"}],"curies":[{"name":"wp","href":"https:\/\/api.w.org\/{rel}","templated":true}]}}