{"id":324704,"date":"2024-04-02T19:36:40","date_gmt":"2024-04-02T18:39:53","guid":{"rendered":"https:\/\/www.moskito.cz\/produkt\/cuchillo-de-cierre-spartan-blades-edicion-especial-pez-koi-lavado-a-la-piedra-sf5koifish\/"},"modified":"2025-05-07T11:08:05","modified_gmt":"2025-05-07T10:08:05","slug":"cuchillo-de-cierre-spartan-blades-edicion-especial-pez-koi-lavado-a-la-piedra-sf5koifish","status":"publish","type":"product","link":"https:\/\/www.moskito.cz\/es\/produkt\/cuchillo-de-cierre-spartan-blades-edicion-especial-pez-koi-lavado-a-la-piedra-sf5koifish\/","title":{"rendered":"Cuchillo de Cierre Spartan Blades Edici\u00f3n Especial Pez Koi Lavado a la Piedra SF5KOIFISH"},"content":{"rendered":"<p>Cuchillo de Cierre <strong>Spartan Blades<\/strong> Edici\u00f3n Especial Pez Koi Lavado a la Piedra SF5KOIFISH.<\/p>\n<p><strong>Spartan Blades<\/strong> produce cuatro carpetas Spartan Harsey de edici\u00f3n especial cada a\u00f1o. La edici\u00f3n especial para 2022 es la Edici\u00f3n Koi Fish 2022. Tanto Mark como Curtis, los fundadores de Spartan Blades, pasaron varios a\u00f1os trabajando en Asia y viviendo en Jap\u00f3n. Este cuchillo estaba destinado a representar la incre\u00edble cultura japonesa. Una de las cosas que nos encant\u00f3 de Jap\u00f3n es la forma en que combina formas antiguas y modernas para crear eficiencia y orden para las personas y su vida diaria. Esperamos lograr esto combinando materiales modernos con obras de arte cl\u00e1sicamente japonesas.<\/p>\n<p>Dise\u00f1ado por el prol\u00edfico fabricante de cuchillos William W. Harsey Jr., el Spartan Harsey Folder (SHF) es un cuchillo con marco confiable que est\u00e1 hecho completamente de titanio 6AL-4V, excepto la hoja y el pasador de tope. Esta carpeta de calidad tiene un clip de bolsillo de doble cara y dos botones para el pulgar para acomodar a nuestros amigos zurdos. \u00a1Es la herramienta ideal para cualquiera que aprecie la calidad!<\/p>\n<p>&nbsp;<\/p>\n","protected":false},"excerpt":{"rendered":"<p><strong>Spartan Blades produce cuatro carpetas Spartan Harsey de edici\u00f3n especial cada a\u00f1o. La edici\u00f3n especial para 2022 es la edici\u00f3n Koi Fish 2022.<\/strong><\/p>\n<p>Transporte gratuito.<\/p>\n","protected":false},"featured_media":324676,"comment_status":"open","ping_status":"closed","template":"","meta":[],"pwb-brand":[3838],"product_brand":[],"product_cat":[3730,3726],"product_tag":[3756],"class_list":{"0":"post-324704","1":"product","2":"type-product","3":"status-publish","4":"has-post-thumbnail","6":"pwb-brand-espadas-espartanas","7":"product_cat-cuchillas-de-cierre","8":"product_cat-cuchillos","9":"product_tag-b2b-es","11":"first","12":"instock","13":"taxable","14":"shipping-taxable","15":"purchasable","16":"product-type-simple"},"brands":[{"id":3838,"name":"Espadas espartanas","slug":"espadas-espartanas"}],"_links":{"self":[{"href":"https:\/\/www.moskito.cz\/es\/wp-json\/wp\/v2\/product\/324704","targetHints":{"allow":["GET"]}}],"collection":[{"href":"https:\/\/www.moskito.cz\/es\/wp-json\/wp\/v2\/product"}],"about":[{"href":"https:\/\/www.moskito.cz\/es\/wp-json\/wp\/v2\/types\/product"}],"replies":[{"embeddable":true,"href":"https:\/\/www.moskito.cz\/es\/wp-json\/wp\/v2\/comments?post=324704"}],"wp:featuredmedia":[{"embeddable":true,"href":"https:\/\/www.moskito.cz\/es\/wp-json\/wp\/v2\/media\/324676"}],"wp:attachment":[{"href":"https:\/\/www.moskito.cz\/es\/wp-json\/wp\/v2\/media?parent=324704"}],"wp:term":[{"taxonomy":"pwb-brand","embeddable":true,"href":"https:\/\/www.moskito.cz\/es\/wp-json\/wp\/v2\/pwb-brand?post=324704"},{"taxonomy":"product_brand","embeddable":true,"href":"https:\/\/www.moskito.cz\/es\/wp-json\/wp\/v2\/product_brand?post=324704"},{"taxonomy":"product_cat","embeddable":true,"href":"https:\/\/www.moskito.cz\/es\/wp-json\/wp\/v2\/product_cat?post=324704"},{"taxonomy":"product_tag","embeddable":true,"href":"https:\/\/www.moskito.cz\/es\/wp-json\/wp\/v2\/product_tag?post=324704"}],"curies":[{"name":"wp","href":"https:\/\/api.w.org\/{rel}","templated":true}]}}