{"id":324879,"date":"2024-04-02T20:59:22","date_gmt":"2024-04-02T20:00:03","guid":{"rendered":"https:\/\/www.moskito.cz\/produkt\/spartan-blades-cuchillo-plegable-harsey-lavado-a-la-piedra-sf10swbz\/"},"modified":"2025-05-07T11:08:06","modified_gmt":"2025-05-07T10:08:06","slug":"spartan-blades-cuchillo-plegable-harsey-lavado-a-la-piedra-sf10swbz","status":"publish","type":"product","link":"https:\/\/www.moskito.cz\/es\/produkt\/spartan-blades-cuchillo-plegable-harsey-lavado-a-la-piedra-sf10swbz\/","title":{"rendered":"Spartan Blades Cuchillo plegable Harsey lavado a la piedra SF10SWBZ"},"content":{"rendered":"<p>Cuchillo plegable <strong>Spartan Blades<\/strong> Harsey Stonewashed SF10SWBZ.<\/p>\n<p>Descubra Spartan Harsey Folder 3.25, la \u00faltima colaboraci\u00f3n de <strong>Spartan Blades<\/strong> y el legendario fabricante de cuchillos William \u00abBill\u00bb Harsey Jr. Esta navaja con cerradura de marco de titanio 6AL4V cuenta con una hoja CPM S45VN que garantiza un rendimiento excepcional para los entusiastas de los cuchillos.<\/p>\n<p>Propiedades clave:<\/p>\n<p>Elegancia de titanio: Hecho completamente de titanio 6AL-4V, el SHF 3.25 representa el pin\u00e1culo de durabilidad y estilo en el mundo de los cuchillos.<\/p>\n<p>Hoja premium: La hoja de acero inoxidable CPM S45VN de 3,25 pulgadas de di\u00e1metro proporciona una excelente retenci\u00f3n de bordes y resistencia a la corrosi\u00f3n, lo que la hace ideal para una variedad de tareas de corte.<\/p>\n<p>Mecanismo de bloqueo seguro del marco: disfrute de la confianza de un mecanismo de bloqueo del marco confiable que garantiza un acoplamiento seguro y estable de la hoja para todas sus necesidades de corte.<\/p>\n<p>C\u00f3moda de transportar: Dise\u00f1ada para facilitar su uso, la SHF 3.25 no solo es f\u00e1cil de transportar, sino tambi\u00e9n c\u00f3moda de manejar, lo que la convierte en la carpeta perfecta para hombres (o mujeres).<\/p>\n<p>Clip de bolsillo vers\u00e1til: con un clip de bolsillo de doble cara y dos pasadores para el pulgar, este cuchillo ofrece c\u00f3modas opciones de transporte hacia la izquierda y hacia la derecha para adaptarse a sus preferencias.<\/p>\n<p>Acabado llamativo: un acabado satinado en el marco de titanio 6AL4V complementado con herrajes anodizados en bronce agrega sofisticaci\u00f3n a esta pieza excepcional.<\/p>\n<p>Especificaciones:<\/p>\n<p>Fabricante: Spartan Blades<br \/>\nDise\u00f1ador: William W. Harsey<br \/>\nLongitud de la hoja: 8,12 cm<br \/>\nLongitud total: 18 cm<br \/>\nMaterial de la hoja: CPM S45VN Acero inoxidable<br \/>\nDureza de la hoja: 59-61<br \/>\nEstilo de hoja: Punto de ca\u00edda \u2013 Terreno plano \u2013 Lavado a piedra<br \/>\nMaterial del marco: Titanio 6AL4V &#8211; Satinado &#8211; Acabado explosivo<br \/>\nHerrajes: Titanio 6AL4V &#8211; Herrajes anodizados en bronce<br \/>\nPeso: 2,9 onzas. \/ 0,184 libras<\/p>\n<p><iframe title=\"Spartan Blades Company Knife Company Story with Co-Founders Mark Carey and Curtis Iovito.\" width=\"800\" height=\"450\" src=\"https:\/\/www.youtube.com\/embed\/S-EVJgZR57Y?feature=oembed\" frameborder=\"0\" allow=\"accelerometer; autoplay; clipboard-write; encrypted-media; gyroscope; picture-in-picture; web-share\" referrerpolicy=\"strict-origin-when-cross-origin\" allowfullscreen><\/iframe><\/p>\n<p>&nbsp;<\/p>\n","protected":false},"excerpt":{"rendered":"<p><strong>Descubra Spartan Harsey Folder 3.25, la \u00faltima colaboraci\u00f3n de Spartan Blades y el legendario fabricante de cuchillos William \u00abBill\u00bb Harsey Jr. Esta navaja con cerradura de marco de titanio 6AL4V cuenta con una hoja CPM S45VN que garantiza un rendimiento excepcional para los entusiastas de los cuchillos.<\/strong><\/p>\n<p>Transporte gratuito.<\/p>\n","protected":false},"featured_media":324845,"comment_status":"open","ping_status":"closed","template":"","meta":[],"pwb-brand":[3838],"product_brand":[],"product_cat":[3730,3726],"product_tag":[3756],"class_list":{"0":"post-324879","1":"product","2":"type-product","3":"status-publish","4":"has-post-thumbnail","6":"pwb-brand-espadas-espartanas","7":"product_cat-cuchillas-de-cierre","8":"product_cat-cuchillos","9":"product_tag-b2b-es","11":"first","12":"instock","13":"taxable","14":"shipping-taxable","15":"purchasable","16":"product-type-simple"},"brands":[{"id":3838,"name":"Espadas espartanas","slug":"espadas-espartanas"}],"_links":{"self":[{"href":"https:\/\/www.moskito.cz\/es\/wp-json\/wp\/v2\/product\/324879","targetHints":{"allow":["GET"]}}],"collection":[{"href":"https:\/\/www.moskito.cz\/es\/wp-json\/wp\/v2\/product"}],"about":[{"href":"https:\/\/www.moskito.cz\/es\/wp-json\/wp\/v2\/types\/product"}],"replies":[{"embeddable":true,"href":"https:\/\/www.moskito.cz\/es\/wp-json\/wp\/v2\/comments?post=324879"}],"wp:featuredmedia":[{"embeddable":true,"href":"https:\/\/www.moskito.cz\/es\/wp-json\/wp\/v2\/media\/324845"}],"wp:attachment":[{"href":"https:\/\/www.moskito.cz\/es\/wp-json\/wp\/v2\/media?parent=324879"}],"wp:term":[{"taxonomy":"pwb-brand","embeddable":true,"href":"https:\/\/www.moskito.cz\/es\/wp-json\/wp\/v2\/pwb-brand?post=324879"},{"taxonomy":"product_brand","embeddable":true,"href":"https:\/\/www.moskito.cz\/es\/wp-json\/wp\/v2\/product_brand?post=324879"},{"taxonomy":"product_cat","embeddable":true,"href":"https:\/\/www.moskito.cz\/es\/wp-json\/wp\/v2\/product_cat?post=324879"},{"taxonomy":"product_tag","embeddable":true,"href":"https:\/\/www.moskito.cz\/es\/wp-json\/wp\/v2\/product_tag?post=324879"}],"curies":[{"name":"wp","href":"https:\/\/api.w.org\/{rel}","templated":true}]}}