{"id":325161,"date":"2024-04-03T18:19:46","date_gmt":"2024-04-03T17:20:24","guid":{"rendered":"https:\/\/www.moskito.cz\/produkt\/spartan-blades-custom-harsey-damascus-sf10dmbz-cuchillo-plegable-de-damasco\/"},"modified":"2025-05-07T11:08:09","modified_gmt":"2025-05-07T10:08:09","slug":"spartan-blades-custom-harsey-damascus-sf10dmbz-cuchillo-plegable-de-damasco","status":"publish","type":"product","link":"https:\/\/www.moskito.cz\/es\/produkt\/spartan-blades-custom-harsey-damascus-sf10dmbz-cuchillo-plegable-de-damasco\/","title":{"rendered":"Spartan Blades Custom Harsey Damascus SF10DMBZ Cuchillo plegable de Damasco"},"content":{"rendered":"<p><strong>Spartan Blades<\/strong> Custom Harsey Damascus SF10DMBZ Cuchillo Damasco plegable.<\/p>\n<p>Presentamos la carpeta Spartan-Harsey, el \u00faltimo pin\u00e1culo del dise\u00f1o de Spartan Blades en colaboraci\u00f3n con el renombrado fabricante de cuchillos William \u00abBill\u00bb Harsey Jr. Esta navaja de bolsillo con marco de titanio 6AL4V est\u00e1 cuidadosamente dise\u00f1ada para quienes aprecian la confiabilidad, la artesan\u00eda y un toque de elegancia.<\/p>\n<p>Propiedades clave:<\/p>\n<p>Excelencia de la hoja: La hoja de acero inoxidable Chad Nichols Damascus de 3,25 pulgadas no solo cuenta con una est\u00e9tica excepcional, sino que tambi\u00e9n ofrece un rendimiento superior. El estilo de punto de ca\u00edda, la superficie plana y el acabado de piedra garantizan versatilidad y durabilidad.<\/p>\n<p>Dise\u00f1o de bloqueo del marco: El bloqueo del marco est\u00e1 hecho completamente de titanio 6AL-4V y proporciona un bloqueo seguro y confiable. La carpeta de tama\u00f1o mediano logra el equilibrio perfecto entre funcionalidad y portabilidad.<\/p>\n<p>Clip de bolsillo reversible: disfrute de la flexibilidad de transporte con un clip de bolsillo de doble cara y dos botones para el pulgar para usarlo sin problemas en la mano izquierda y derecha.<\/p>\n<p>Hardware anodizado azul: esta variante presenta un llamativo hardware anodizado azul que agrega un toque distintivo a su uso diario.<\/p>\n<p>Artesan\u00eda experta: elaborado con precisi\u00f3n y cuidado, el SHF 3.25 refleja el compromiso de Spartan Blades con la calidad. El acabado satinado y granallado del marco de titanio a\u00f1ade un toque de sofisticaci\u00f3n.<\/p>\n<p>Especificaciones:<\/p>\n<p>Fabricante: Spartan Blades<br \/>\nDise\u00f1ador: William W. Harsey<br \/>\nLongitud de la hoja: 8,12 cm<br \/>\nLongitud total: 18 cm<br \/>\nMaterial de la hoja: Chad Nichols Acero inoxidable Damasco<br \/>\nDureza de la hoja: 59-61<br \/>\nEstilo de hoja: Punto de ca\u00edda \u2013 Terreno plano \u2013 Lavado a piedra<br \/>\nMaterial del marco: Titanio 6AL4V &#8211; Satinado &#8211; Acabado explosivo<br \/>\nHardware: Titanio 6AL4V &#8211; hardware anodizado azul<br \/>\nPeso: 2,9 onzas. \/ 0,184 libras<br \/>\nMejore su transporte diario con la carpeta Spartan-Harsey 3.25, donde el arte se une a la funcionalidad en una carpeta de verdadero caballero.<\/p>\n<p><iframe title=\"Spartan Blades Company Knife Company Story with Co-Founders Mark Carey and Curtis Iovito.\" width=\"800\" height=\"450\" src=\"https:\/\/www.youtube.com\/embed\/S-EVJgZR57Y?feature=oembed\" frameborder=\"0\" allow=\"accelerometer; autoplay; clipboard-write; encrypted-media; gyroscope; picture-in-picture; web-share\" referrerpolicy=\"strict-origin-when-cross-origin\" allowfullscreen><\/iframe><\/p>\n<p>&nbsp;<\/p>\n","protected":false},"excerpt":{"rendered":"<p><strong>Presentamos la carpeta Spartan-Harsey, el \u00faltimo pin\u00e1culo del dise\u00f1o de Spartan Blades en colaboraci\u00f3n con el renombrado fabricante de cuchillos William \u00abBill\u00bb Harsey Jr.<\/strong><\/p>\n<p>Transporte gratuito.<\/p>\n","protected":false},"featured_media":325119,"comment_status":"open","ping_status":"closed","template":"","meta":[],"pwb-brand":[3838],"product_brand":[],"product_cat":[3726,3764],"product_tag":[3756],"class_list":{"0":"post-325161","1":"product","2":"type-product","3":"status-publish","4":"has-post-thumbnail","6":"pwb-brand-espadas-espartanas","7":"product_cat-cuchillos","8":"product_cat-cuchillos-damasquinados","9":"product_tag-b2b-es","11":"first","12":"outofstock","13":"taxable","14":"shipping-taxable","15":"purchasable","16":"product-type-simple"},"brands":[{"id":3838,"name":"Espadas espartanas","slug":"espadas-espartanas"}],"_links":{"self":[{"href":"https:\/\/www.moskito.cz\/es\/wp-json\/wp\/v2\/product\/325161","targetHints":{"allow":["GET"]}}],"collection":[{"href":"https:\/\/www.moskito.cz\/es\/wp-json\/wp\/v2\/product"}],"about":[{"href":"https:\/\/www.moskito.cz\/es\/wp-json\/wp\/v2\/types\/product"}],"replies":[{"embeddable":true,"href":"https:\/\/www.moskito.cz\/es\/wp-json\/wp\/v2\/comments?post=325161"}],"wp:featuredmedia":[{"embeddable":true,"href":"https:\/\/www.moskito.cz\/es\/wp-json\/wp\/v2\/media\/325119"}],"wp:attachment":[{"href":"https:\/\/www.moskito.cz\/es\/wp-json\/wp\/v2\/media?parent=325161"}],"wp:term":[{"taxonomy":"pwb-brand","embeddable":true,"href":"https:\/\/www.moskito.cz\/es\/wp-json\/wp\/v2\/pwb-brand?post=325161"},{"taxonomy":"product_brand","embeddable":true,"href":"https:\/\/www.moskito.cz\/es\/wp-json\/wp\/v2\/product_brand?post=325161"},{"taxonomy":"product_cat","embeddable":true,"href":"https:\/\/www.moskito.cz\/es\/wp-json\/wp\/v2\/product_cat?post=325161"},{"taxonomy":"product_tag","embeddable":true,"href":"https:\/\/www.moskito.cz\/es\/wp-json\/wp\/v2\/product_tag?post=325161"}],"curies":[{"name":"wp","href":"https:\/\/api.w.org\/{rel}","templated":true}]}}