{"id":325277,"date":"2024-04-03T19:29:41","date_gmt":"2024-04-03T18:33:09","guid":{"rendered":"https:\/\/www.moskito.cz\/produkt\/spartan-blades-cuchillo-plegable-harsey-lavado-a-la-piedra-sf10sw\/"},"modified":"2025-05-07T11:08:11","modified_gmt":"2025-05-07T10:08:11","slug":"spartan-blades-cuchillo-plegable-harsey-lavado-a-la-piedra-sf10sw","status":"publish","type":"product","link":"https:\/\/www.moskito.cz\/es\/produkt\/spartan-blades-cuchillo-plegable-harsey-lavado-a-la-piedra-sf10sw\/","title":{"rendered":"Spartan Blades Cuchillo plegable Harsey lavado a la piedra SF10SW"},"content":{"rendered":"<p>Cuchillo plegable <strong>Spartan Blades<\/strong> Harsey Stonewashed SF10SW.<\/p>\n<p>Presentamos la carpeta Spartan Harsey: el \u00faltimo pin\u00e1culo de excelencia de Spartan Blades en colaboraci\u00f3n con el legendario fabricante de cuchillos William \u00abBill\u00bb Harsey Jr. Esta navaja combina el arte del dise\u00f1o con la funcionalidad que exige una navaja. entusiastas. Elaborado con precisi\u00f3n y atenci\u00f3n al detalle, el SHF 3.25 es un cuchillo confiable con estructura de titanio 6AL4V y una hoja de acero inoxidable CPM S45VN de 3.25\u201d.<\/p>\n<p>Propiedades clave:<\/p>\n<p>Materiales de primera calidad: el SHF 3.25 est\u00e1 cuidadosamente construido con un candado de marco de titanio 6AL4V para mayor durabilidad y una sensaci\u00f3n de ligereza. Fabricada con acero inoxidable CPM S45VN, la hoja es un testimonio de una metalurgia y un rendimiento superiores.<\/p>\n<p>Dise\u00f1o galardonado: Siguiendo el ejemplo de su galardonado predecesor SHF, esta carpeta de tama\u00f1o mediano mantiene el mismo nivel de excelencia. Dise\u00f1ado en colaboraci\u00f3n con William W. Harsey, est\u00e1 dise\u00f1ado para aquellos que buscan carpetas para hombres (o mujeres) verdaderamente excepcionales.<\/p>\n<p>Clip de bolsillo reversible: Con un clip de bolsillo de doble cara y dos botones para el pulgar, el SHF 3.25 se adapta a las preferencias de transporte de zurdos y diestros, ofreciendo versatilidad sin comprometer el estilo.<\/p>\n<p>Artesan\u00eda de \u00e9lite: la navaja de bloqueo del marco est\u00e1 hecha completamente de titanio 6AL-4V y est\u00e1 satinada para proporcionar una est\u00e9tica refinada y un acabado duradero. El hardware, tambi\u00e9n fabricado en titanio 6AL4V, completa la construcci\u00f3n premium del cuchillo.<\/p>\n<p>Hoja de acero inoxidable CPM S45VN: La hoja con punta de ca\u00edda de 3,25\u201d, rectificada plana y lavada a piedra, est\u00e1 hecha de acero inoxidable CPM S45VN, conocido por su excepcional dureza (59-61 HRC) y retenci\u00f3n de bordes. El doble tratamiento t\u00e9rmico criog\u00e9nico profundo garantiza un rendimiento \u00f3ptimo.<\/p>\n<p>Especificaciones:<\/p>\n<p>Fabricante: Spartan Blades<br \/>\nDise\u00f1ador: William W. Harsey<br \/>\nLongitud de la hoja: 8,12 cm<br \/>\nLongitud total: 18 cm<br \/>\nHoja: CPM S45VN Acero inoxidable<br \/>\nDureza de la hoja: 59-61<br \/>\nEstilo de hoja: Punto de ca\u00edda \u2013 Terreno plano \u2013 Lavado a piedra<br \/>\nCuadro: Titanio 6AL4V &#8211; Satinado &#8211; Acabado explosivo<br \/>\nAccesorios: Titanio 6AL4V<br \/>\nPeso: 2,9 onzas. \/ 0,184 libras<br \/>\nMejore su experiencia de transporte diaria con Spartan Harsey Folder 3.25: una fusi\u00f3n de arte, funcionalidad y artesan\u00eda superior. De los renombrados fabricantes de Spartan Blades, esta carpeta es m\u00e1s que una simple herramienta; es una declaraci\u00f3n de excelencia en el mundo de los cuchillos de alto rendimiento.<\/p>\n<p><iframe title=\"Spartan Blades Company Knife Company Story with Co-Founders Mark Carey and Curtis Iovito.\" width=\"800\" height=\"450\" src=\"https:\/\/www.youtube.com\/embed\/S-EVJgZR57Y?feature=oembed\" frameborder=\"0\" allow=\"accelerometer; autoplay; clipboard-write; encrypted-media; gyroscope; picture-in-picture; web-share\" referrerpolicy=\"strict-origin-when-cross-origin\" allowfullscreen><\/iframe><\/p>\n<p>&nbsp;<\/p>\n","protected":false},"excerpt":{"rendered":"<p><strong>Presentamos la carpeta Spartan Harsey: el \u00faltimo pin\u00e1culo de excelencia de Spartan Blades en colaboraci\u00f3n con el legendario fabricante de cuchillos William \u00abBill\u00bb Harsey Jr.<\/strong><\/p>\n<p>Transporte gratuito.<\/p>\n","protected":false},"featured_media":325235,"comment_status":"open","ping_status":"closed","template":"","meta":[],"pwb-brand":[3838],"product_brand":[],"product_cat":[3730,3726],"product_tag":[3756],"class_list":{"0":"post-325277","1":"product","2":"type-product","3":"status-publish","4":"has-post-thumbnail","6":"pwb-brand-espadas-espartanas","7":"product_cat-cuchillas-de-cierre","8":"product_cat-cuchillos","9":"product_tag-b2b-es","11":"first","12":"instock","13":"taxable","14":"shipping-taxable","15":"purchasable","16":"product-type-simple"},"brands":[{"id":3838,"name":"Espadas espartanas","slug":"espadas-espartanas"}],"_links":{"self":[{"href":"https:\/\/www.moskito.cz\/es\/wp-json\/wp\/v2\/product\/325277","targetHints":{"allow":["GET"]}}],"collection":[{"href":"https:\/\/www.moskito.cz\/es\/wp-json\/wp\/v2\/product"}],"about":[{"href":"https:\/\/www.moskito.cz\/es\/wp-json\/wp\/v2\/types\/product"}],"replies":[{"embeddable":true,"href":"https:\/\/www.moskito.cz\/es\/wp-json\/wp\/v2\/comments?post=325277"}],"wp:featuredmedia":[{"embeddable":true,"href":"https:\/\/www.moskito.cz\/es\/wp-json\/wp\/v2\/media\/325235"}],"wp:attachment":[{"href":"https:\/\/www.moskito.cz\/es\/wp-json\/wp\/v2\/media?parent=325277"}],"wp:term":[{"taxonomy":"pwb-brand","embeddable":true,"href":"https:\/\/www.moskito.cz\/es\/wp-json\/wp\/v2\/pwb-brand?post=325277"},{"taxonomy":"product_brand","embeddable":true,"href":"https:\/\/www.moskito.cz\/es\/wp-json\/wp\/v2\/product_brand?post=325277"},{"taxonomy":"product_cat","embeddable":true,"href":"https:\/\/www.moskito.cz\/es\/wp-json\/wp\/v2\/product_cat?post=325277"},{"taxonomy":"product_tag","embeddable":true,"href":"https:\/\/www.moskito.cz\/es\/wp-json\/wp\/v2\/product_tag?post=325277"}],"curies":[{"name":"wp","href":"https:\/\/api.w.org\/{rel}","templated":true}]}}