{"id":325361,"date":"2022-04-21T20:06:46","date_gmt":"2024-04-04T13:37:05","guid":{"rendered":"https:\/\/www.moskito.cz\/produkt\/cuchillo-plegable-cold-steel-double-safe-hunter\/"},"modified":"2025-05-07T11:08:15","modified_gmt":"2025-05-07T10:08:15","slug":"cuchillo-plegable-cold-steel-double-safe-hunter","status":"publish","type":"product","link":"https:\/\/www.moskito.cz\/es\/produkt\/cuchillo-plegable-cold-steel-double-safe-hunter\/","title":{"rendered":"Cuchillo plegable Cold Steel DOUBLE SAFE HUNTER"},"content":{"rendered":"<p>Navaja Plegable <strong>Cold Steel<\/strong> DOUBLE SAFE HUNTER.<\/p>\n<p>Si est\u00e1 buscando un cazador plegable econ\u00f3mico pero de alto rendimiento, no busque m\u00e1s que el Double Safe Hunter. Est\u00e1 inspirado en nuestra extremadamente popular Voyager de la vieja escuela. Su hoja ancha con clip tiene una longitud de 3,5 y est\u00e1 fabricada en acero 8Cr13MoV, endurecido con una dureza Rockwell 57-58. No importa cu\u00e1l sea el trabajo, puedes estar seguro de que tienes a mano el cuchillo adecuado, con una hoja lo suficientemente peque\u00f1a para realizar cortes complejos pero lo suficientemente grande como para derribar cualquier cosa, desde un rat\u00f3n hasta un alce. Su mango de nailon de camuflaje (GFN) es delgado y ergon\u00f3micamente agradable, y cuenta con un clip de bolsillo de pl\u00e1stico reemplazable. Los clips de bolsillo de pl\u00e1stico ayudan a reducir los rayones y desgastes en la tapicer\u00eda y otras superficies que se sabe que causan los clips de acero. Como siempre, Cold Steel dise\u00f1\u00f3 la Double Safe pensando en los dedos. Su bloqueo de cuna de \u00faltima generaci\u00f3n cuenta con un mecanismo de seguridad secundario que es extremadamente resistente a golpes e impactos cuando se activa.<\/p>\n<p>PARAMETROS DEL PRODUCTO<br \/>\nLongitud de la hoja. 89mm<br \/>\nAcero: Inoxidable 8Cr13MoV<br \/>\nPeso: 116 gramos<br \/>\nLongitud del mango: 140 mm<br \/>\nTama\u00f1o total: 229 mm<br \/>\nGrosor de la hoja: 3 mm<br \/>\nColor : Marr\u00f3n\/Plata<br \/>\nTipo de fusible: Doble cerradura de seguridad<br \/>\nMaterial del mango: Mango largo GFN<\/p>\n<p>Si est\u00e1 buscando un cazador plegable econ\u00f3mico pero de alto rendimiento, no busque m\u00e1s que el Double Safe Hunter. Est\u00e1 inspirado en nuestra extremadamente popular Voyager de la vieja escuela. Su hoja ancha con punta de clip tiene una longitud de 3,5 y est\u00e1 hecha de acero 8Cr13MoV, templado a una dureza Rockwell de 57-58. No importa cu\u00e1l sea el trabajo, puede estar seguro de que tiene a mano el cuchillo adecuado, con una hoja lo suficientemente peque\u00f1a para tareas de corte complejas, pero lo suficientemente grande como para despellejar cualquier cosa, desde un rat\u00f3n hasta un alce. Un sue\u00f1o para usar durante cualquier per\u00edodo de tiempo. Su mango de nailon relleno de vidrio (GFN) de camuflaje es delgado y ergon\u00f3micamente agradable y cuenta con un clip de bolsillo de pl\u00e1stico reemplazable. Los clips de bolsillo de pl\u00e1stico ayudan a limitar los enganches y rayones en la tapicer\u00eda y otras superficies que se sabe que causan los clips de acero. Como siempre, Cold Steel tuvo en cuenta sus dedos al dise\u00f1ar Double Safe. Su cerradura basculante de \u00faltima generaci\u00f3n cuenta con un mecanismo de seguridad secundario, que cuando est\u00e1 activado es enormemente resistente a golpes e impactos.<br \/>\nPeso: 4,1 oz Grosor de la hoja: 3 mm Longitud de la hoja: 3-1\/2 pulgadas Acero de la hoja: 8Cr13MoV Longitud\/material del mango: 4-7\/8 pulgadas GFN (camuflaje) Longitud total: 8-3\/8 pulgadas Caracter\u00edsticas adicionales: Bolsillo ambidiestro\/clip para cintur\u00f3n Tipo de cuchillo: Carpeta Familia de productos: Double Safe Hunter Rango de longitud de la hoja: 3-5 pulgadas Familia de acero: MoV Forma de la hoja: Punta de clip Mecanismo de bloqueo: Bloqueo basculante<\/p>\n<p>&nbsp;<\/p>\n","protected":false},"excerpt":{"rendered":"<p>El Double Safe Hunter es un cuchillo de caza dise\u00f1ado por Andrew Demko teniendo en cuenta el hecho de que los cuchillos de trabajo est\u00e1n muy estresados \u200b\u200by a menudo se pierden.<\/p>\n","protected":false},"featured_media":325362,"comment_status":"open","ping_status":"closed","template":"","meta":[],"pwb-brand":[3790],"product_brand":[],"product_cat":[3730,3726],"product_tag":[],"class_list":{"0":"post-325361","1":"product","2":"type-product","3":"status-publish","4":"has-post-thumbnail","6":"pwb-brand-arma-blanca","7":"product_cat-cuchillas-de-cierre","8":"product_cat-cuchillos","10":"first","11":"instock","12":"taxable","13":"shipping-taxable","14":"purchasable","15":"product-type-simple"},"brands":[{"id":3790,"name":"Arma blanca","slug":"arma-blanca"}],"_links":{"self":[{"href":"https:\/\/www.moskito.cz\/es\/wp-json\/wp\/v2\/product\/325361","targetHints":{"allow":["GET"]}}],"collection":[{"href":"https:\/\/www.moskito.cz\/es\/wp-json\/wp\/v2\/product"}],"about":[{"href":"https:\/\/www.moskito.cz\/es\/wp-json\/wp\/v2\/types\/product"}],"replies":[{"embeddable":true,"href":"https:\/\/www.moskito.cz\/es\/wp-json\/wp\/v2\/comments?post=325361"}],"wp:featuredmedia":[{"embeddable":true,"href":"https:\/\/www.moskito.cz\/es\/wp-json\/wp\/v2\/media\/325362"}],"wp:attachment":[{"href":"https:\/\/www.moskito.cz\/es\/wp-json\/wp\/v2\/media?parent=325361"}],"wp:term":[{"taxonomy":"pwb-brand","embeddable":true,"href":"https:\/\/www.moskito.cz\/es\/wp-json\/wp\/v2\/pwb-brand?post=325361"},{"taxonomy":"product_brand","embeddable":true,"href":"https:\/\/www.moskito.cz\/es\/wp-json\/wp\/v2\/product_brand?post=325361"},{"taxonomy":"product_cat","embeddable":true,"href":"https:\/\/www.moskito.cz\/es\/wp-json\/wp\/v2\/product_cat?post=325361"},{"taxonomy":"product_tag","embeddable":true,"href":"https:\/\/www.moskito.cz\/es\/wp-json\/wp\/v2\/product_tag?post=325361"}],"curies":[{"name":"wp","href":"https:\/\/api.w.org\/{rel}","templated":true}]}}