{"id":325373,"date":"2021-07-22T08:32:18","date_gmt":"2021-07-22T07:32:18","guid":{"rendered":"https:\/\/www.moskito.cz\/produkt\/cuchillo-macizo-cold-steel-kobun\/"},"modified":"2025-05-07T11:08:16","modified_gmt":"2025-05-07T10:08:16","slug":"cuchillo-macizo-cold-steel-kobun","status":"publish","type":"product","link":"https:\/\/www.moskito.cz\/es\/produkt\/cuchillo-macizo-cold-steel-kobun\/","title":{"rendered":"Cuchillo Macizo Cold Steel KOBUN"},"content":{"rendered":"<p>Cuchillo Macizo <strong>Cold Steel<\/strong> KOBUN.<\/p>\n<p>El Cold Steel Kobun es un cuchillo ligero que toma su nombre del inframundo japon\u00e9s, donde la palabra \u00abKobun\u00bb a veces se usa como indicador de rango, sugiriendo la palabra \u00absoldado\u00bb o alguien que recibe \u00f3rdenes de su jefe \u00abOyabun\u00bb. Es un nombre apropiado para un cuchillo como el Kobun que realmente fue dise\u00f1ado para ser un \u00abbuen soldado\u00bb. Ha demostrado ser incre\u00edblemente popular entre los militares, donde es valorado por su peso ligero y perfil discreto, as\u00ed como por su durabilidad y potencial de corte. El Kobun presenta la ic\u00f3nica punta \u00abAmerican Tanto\u00bb reforzada de Cold Steel, lo que lo hace altamente resistente a doblarse o romperse, ya que est\u00e1 reforzado en todo el espesor del lomo de la hoja (que se extiende casi hasta la punta de la hoja). A pesar de su perfil delgado, el mango Kray-Ex de Kobun est\u00e1 dise\u00f1ado para proporcionar el m\u00e1ximo agarre y tiene una forma para resistir la rotaci\u00f3n o el cambio en la mano.<\/p>\n<p>Longitud total: 252 mm<br \/>\nLa hoja est\u00e1 hecha de acero AUS 8A SS.<br \/>\nLongitud de la hoja: 137 mm<br \/>\nMango fabricado en material Kraton (Kray-Ex)<br \/>\nFunda duradera de pol\u00edmero Secure-Ex con clip de acero inoxidable<\/p>\n<p><strong>Cold Steel<\/strong> es una empresa dedicada a la producci\u00f3n de los cuchillos m\u00e1s fuertes y afilados del mundo. Durante las \u00faltimas tres d\u00e9cadas, Cold Steel ha estado a la vanguardia de muchas innovaciones que han ayudado a definir la industria de los cuchillos. Los \u00e9xitos sucesivos, incluida la introducci\u00f3n de mangos a cuadros Kraton\u00ae y estilos de hojas de punta tanto, han pasado de caracter\u00edsticas curiosas a caracter\u00edsticas industriales de calidad y sofisticaci\u00f3n. La nueva direcci\u00f3n tambi\u00e9n se rompi\u00f3 con la introducci\u00f3n de nuevas hojas de acero \u00fanicas como San Mai III\u00ae y Tri-Ad \u2122 Lock &amp; Locking Mecanismo para navajas plegables. Por ejemplo, el Tri-Ad \u2122 Lock nunca ha sido igualado por ninguno de los competidores de Cold Steel y no se ha demostrado que supere a nada de lo que han producido hasta la fecha. Por supuesto, Cold Steel siempre mirar\u00e1 hacia el futuro y se esforzar\u00e1 constantemente por producir los cuchillos m\u00e1s fuertes y afilados del mundo. Este objetivo, igualmente esquivo y dif\u00edcil de alcanzar, ha sido el mismo durante los \u00faltimos cuarenta a\u00f1os. Acero fr\u00edo Inc. es una empresa enfocada en producir los cuchillos, espadas, hachas de guerra, machetes, cubiertos y herramientas m\u00e1s fuertes y afilados para el uso diario: EDC. Adoptado r\u00e1pidamente por el ej\u00e9rcito, las fuerzas especiales del orden p\u00fablico, los servicios de emergencia, los profesionales de la autodefensa y los miembros de la comunidad de artes marciales, Cold Steel r\u00e1pidamente se hizo un nombre por su calidad, resistencia, confiabilidad y confiabilidad en el transporte diario (EDC). . Nuestra diversa y variada l\u00ednea creci\u00f3 r\u00e1pidamente hasta incluir no solo una enorme selecci\u00f3n de navajas plegables (desde hojas &#8216;EDC&#8217; m\u00e1s peque\u00f1as hasta nuestras ic\u00f3nicas &#8216;megacarpetas&#8217; gigantes), sino tambi\u00e9n hojas fijas, espadas, sables, bastones y alabardas, como \u00a1Adem\u00e1s de suministros de caza, lanzas, rifles, hachas, machetes, hachas de guerra y herramientas! A lo largo de las d\u00e9cadas, Cold Steel ha introducido nuevos materiales y dise\u00f1os pioneros que han ayudado a dar forma al mundo de los cuchillos, las armas blancas y las herramientas modernas. Desde la introducci\u00f3n de empu\u00f1aduras a cuadros Kraton\u00ae y la hoja Tanto \u201camericanizada\u201d, hasta la inclusi\u00f3n de nuevos e innovadores aceros para hojas como San Mai III\u00ae y mecanismos de bloqueo innovadores (como nuestro Tri-Ad \u2122 Lock). Mientras miramos hacia el futuro, Cold Steel contin\u00faa aportando nuevos niveles de resistencia, seguridad y rendimiento al mercado, brindando productos probados en los que puede confiar, \u00a1en cualquier momento y en cualquier lugar!<\/p>\n<p>&nbsp;<\/p>\n","protected":false},"excerpt":{"rendered":"<p><strong>\u00a1Kobun de Cold Steel es un verdadero \u00edcono! Es un cuchillo macizo con hoja Tanto. Gracias a su tama\u00f1o y peso, el Kobun es muy f\u00e1cil de manejar.<\/strong><\/p>\n","protected":false},"featured_media":325374,"comment_status":"open","ping_status":"closed","template":"","meta":[],"pwb-brand":[3790],"product_brand":[],"product_cat":[3727,3726],"product_tag":[3756],"class_list":{"0":"post-325373","1":"product","2":"type-product","3":"status-publish","4":"has-post-thumbnail","6":"pwb-brand-arma-blanca","7":"product_cat-cuchillos-macizos","8":"product_cat-cuchillos","9":"product_tag-b2b-es","11":"first","12":"instock","13":"taxable","14":"shipping-taxable","15":"purchasable","16":"product-type-simple"},"brands":[{"id":3790,"name":"Arma blanca","slug":"arma-blanca"}],"_links":{"self":[{"href":"https:\/\/www.moskito.cz\/es\/wp-json\/wp\/v2\/product\/325373","targetHints":{"allow":["GET"]}}],"collection":[{"href":"https:\/\/www.moskito.cz\/es\/wp-json\/wp\/v2\/product"}],"about":[{"href":"https:\/\/www.moskito.cz\/es\/wp-json\/wp\/v2\/types\/product"}],"replies":[{"embeddable":true,"href":"https:\/\/www.moskito.cz\/es\/wp-json\/wp\/v2\/comments?post=325373"}],"wp:featuredmedia":[{"embeddable":true,"href":"https:\/\/www.moskito.cz\/es\/wp-json\/wp\/v2\/media\/325374"}],"wp:attachment":[{"href":"https:\/\/www.moskito.cz\/es\/wp-json\/wp\/v2\/media?parent=325373"}],"wp:term":[{"taxonomy":"pwb-brand","embeddable":true,"href":"https:\/\/www.moskito.cz\/es\/wp-json\/wp\/v2\/pwb-brand?post=325373"},{"taxonomy":"product_brand","embeddable":true,"href":"https:\/\/www.moskito.cz\/es\/wp-json\/wp\/v2\/product_brand?post=325373"},{"taxonomy":"product_cat","embeddable":true,"href":"https:\/\/www.moskito.cz\/es\/wp-json\/wp\/v2\/product_cat?post=325373"},{"taxonomy":"product_tag","embeddable":true,"href":"https:\/\/www.moskito.cz\/es\/wp-json\/wp\/v2\/product_tag?post=325373"}],"curies":[{"name":"wp","href":"https:\/\/api.w.org\/{rel}","templated":true}]}}