{"id":325391,"date":"2020-02-06T18:08:00","date_gmt":"2020-02-06T17:08:00","guid":{"rendered":"https:\/\/www.moskito.cz\/produkt\/cuchillo-de-tiro-beltrame-stiletto-classic-rubio\/"},"modified":"2026-03-26T16:17:48","modified_gmt":"2026-03-26T15:17:48","slug":"cuchillo-de-tiro-beltrame-stiletto-classic-rubio","status":"publish","type":"product","link":"https:\/\/www.moskito.cz\/es\/produkt\/cuchillo-de-tiro-beltrame-stiletto-classic-rubio\/","title":{"rendered":"Cuchillo de tiro Beltrame Stiletto Classic Rubio"},"content":{"rendered":"<table class=\"optional-fields\">\n<tbody>\n<tr>\n<td><\/td>\n<td><\/td>\n<\/tr>\n<\/tbody>\n<\/table>\n<p>Cuchillo de tiro Beltrame Stiletto Classic Rubio.<\/p>\n<p>Navaja de tiro lateral con seguro en la culata. El mango est\u00e1 fabricado en aut\u00e9ntico cuerno ligero y la hoja es de acero 420 (dureza de 54 a 56 HRC). Longitud en estado abierto 23 cm.<\/p>\n<p>Datos t\u00e9cnicos:<br \/>\nN\u00famero de producto: FB 23\/48<br \/>\nNombre: Stiletto italiano cl\u00e1sico<br \/>\nTipo de acero: AISI 420 MA5M<br \/>\nDureza de la hoja Rockwell: 56 HRC<br \/>\nLongitud de la hoja: 98 mm\/3,86&#8243;<br \/>\nGrosor de la hoja: 35 mm\/1,13&#8243;<br \/>\nLongitud total: 230 mm\/9,06&#8243;<br \/>\nPeso: 108 g\/3,81 oz<br \/>\nHoja: Com\u00fan<br \/>\nTipo de hoja: punta de lanza<br \/>\nBloqueo de cuchillo: S\u00ed<br \/>\nFabricante: F.LLI Beltrame, Italia<\/p>\n<p><span class=\"tlid-translation translation\">Los cuchillos Beltrame se fabrican en Italia desde 1953. La empresa fue fundada por Frank Beltram. El secreto de la elaboraci\u00f3n de estos cuchillos Stiletto forma parte de la historia de Maniago, que se ha transmitido de padres a hijos. Cuando era peque\u00f1o, Frank ayud\u00f3 en la f\u00e1brica de su padre, donde m\u00e1s tarde comenz\u00f3 a trabajar como aprendiz de su padre. Adem\u00e1s, asisti\u00f3 a una escuela de cuchiller\u00eda tradicional, donde aprendi\u00f3 todo sobre diferentes materiales, las \u00faltimas tecnolog\u00edas de procesamiento y diferentes estilos de dise\u00f1o. En 1958, Frank y su familia empezaron a fabricar cuchillos autom\u00e1ticos. Un a\u00f1o despu\u00e9s de que el padre de Frank muriera de un ataque card\u00edaco mientras trabajaba en la f\u00e1brica, Frank fund\u00f3 la empresa Beltrame. En los a\u00f1os siguientes continu\u00f3 estudiando e investigando cuchillos, materiales adecuados y dise\u00f1o. Al poco tiempo, aparecieron en el mercado imitaciones baratas de Taiw\u00e1n, los tradicionales cuchillos Stiletto italianos. Entonces Frank tuvo que enfrentarse a un nuevo problema. Afortunadamente, la calidad de estos cuchillos baratos habla por s\u00ed sola: todo coleccionista sabe que no hay forma de compararlos con una aut\u00e9ntica daga Beltrame. Los cuchillos Beltrame se han ganado el reconocimiento de los clientes m\u00e1s exigentes del mundo gracias a la pasi\u00f3n de Frank por estos cuchillos. A la hora de fabricar cuchillos aprovecha sus muchos a\u00f1os de experiencia, que adquiri\u00f3 desde muy joven. En 2005, los cuchillos Beltrame recibieron el certificado de calidad Maniago, con el que superaron los est\u00e1ndares de calidad europeos. Esto significa que estos cuchillos se someten a pruebas de calidad del material cada a\u00f1o.<\/span><\/p>\n<p>Bayoneta italiana cl\u00e1sica de cuerno de b\u00fafalo Stiletto de 23 cm, cuchillo de resorte italiano, revestimiento de cuerno de b\u00fafalo. Hechos a mano seg\u00fan las tradiciones de la artesan\u00eda italiana, los cuchillos Frank Beltrame Stiletto se han hecho famosos en todo el mundo debido a su extrema ligereza y durabilidad. Gracias a sus propiedades, la daga italiana es apta para su uso en cualquier entorno, desde la caza hasta el camping. Una construcci\u00f3n s\u00f3lida y duradera, un fuerte resorte que abre la hoja es una caracter\u00edstica de los cl\u00e1sicos cinturones de resorte italianos Frank Beltrame.<\/p>\n<p>Resorte: la empresa presta especial atenci\u00f3n al dise\u00f1o del resorte (acero inoxidable): la hoja debe abrirse en unas pocas cent\u00e9simas de segundo (caracter\u00edstica de los cuchillos Stiletto). La plegadora Beltrame al abrir la hoja emite un sonido distintivo (clic) que lo distingue de otros cuchillos de resorte.<\/p>\n<p>Hoja: extremadamente afilada con un perfil de punta de lanza (bayoneta), de 3,5 mm de espesor con una hoja falsa corta que aumenta las propiedades de perforaci\u00f3n. Fabricado en acero inoxidable AISI 420 MA5M de f\u00e1cil afilado, caracterizado por una alta resistencia a la corrosi\u00f3n. Acero endurecido 56 HRC. Hoja de tipo liso, derivada de un afilado plano que proporciona buenas propiedades de corte y penetraci\u00f3n. La protecci\u00f3n de acero protege la mano contra resbalones accidentales y, al presionarla, permite plegar la hoja.<\/p>\n<p>Mango: recubierto con forro de cuerno de b\u00fafalo (cuerno de b\u00fafalo) subraya el aspecto exclusivo y proporciona un agarre c\u00f3modo y seguro. Forma de mango ergon\u00f3mico para evitar que la mano se resbale durante el trabajo. Las cubiertas est\u00e1n rematadas con refuerzos de n\u00edquel pulido. Remaches de sujeci\u00f3n fabricados en lat\u00f3n.<\/p>\n<p>Bloqueo: evita el plegado o apertura accidental de la hoja. La apertura de la navaja autom\u00e1tica se realiza mediante un bot\u00f3n s\u00f3lido ubicado en el mango.<\/p>\n<p>Datos t\u00e9cnicos:<br \/>\nN\u00famero de producto: FB 23\/48<br \/>\nNombre: Stiletto italiano cl\u00e1sico<br \/>\nTipo de acero: AISI 420 MA5M<br \/>\nDureza de la hoja Rockwell: 56 HRC<br \/>\nLongitud de la hoja: 98 mm \/ 3,86 \u00bb<br \/>\nGrosor de la hoja: 35 mm \/ 1,13 \u00bb<br \/>\nLongitud total: 230 mm \/ 9,06 \u00bb<br \/>\nPeso: 108 g\/3,81 onzas<br \/>\nHoja: Lisa<br \/>\nTipo de hoja: Punta de lanza<br \/>\nBloqueo de cuchillo: S\u00ed<br \/>\nProductor: F.LLI Beltrame, Italia<\/p>\n<p>&nbsp;<\/p>\n","protected":false},"excerpt":{"rendered":"<p>Los cuchillos Beltrame se fabrican en Italia desde 1953. La empresa fue fundada por Frank Beltram. El secreto de la elaboraci\u00f3n de estos cuchillos Stiletto forma parte de la historia de Maniago, que se ha transmitido de padres a hijos.<br \/>\n<strong>Hecho en Italia.<\/strong><\/p>\n","protected":false},"featured_media":440399,"comment_status":"open","ping_status":"closed","template":"","meta":[],"pwb-brand":[3781],"product_brand":[],"product_cat":[3729,3726],"product_tag":[3756],"class_list":{"0":"post-325391","1":"product","2":"type-product","3":"status-publish","4":"has-post-thumbnail","6":"pwb-brand-beltrame-es","7":"product_cat-cuchillos-de-tiro","8":"product_cat-cuchillos","9":"product_tag-b2b-es","11":"first","12":"instock","13":"taxable","14":"shipping-taxable","15":"purchasable","16":"product-type-simple"},"brands":[{"id":3781,"name":"Beltram\u00e9","slug":"beltrame-es"}],"_links":{"self":[{"href":"https:\/\/www.moskito.cz\/es\/wp-json\/wp\/v2\/product\/325391","targetHints":{"allow":["GET"]}}],"collection":[{"href":"https:\/\/www.moskito.cz\/es\/wp-json\/wp\/v2\/product"}],"about":[{"href":"https:\/\/www.moskito.cz\/es\/wp-json\/wp\/v2\/types\/product"}],"replies":[{"embeddable":true,"href":"https:\/\/www.moskito.cz\/es\/wp-json\/wp\/v2\/comments?post=325391"}],"wp:featuredmedia":[{"embeddable":true,"href":"https:\/\/www.moskito.cz\/es\/wp-json\/wp\/v2\/media\/440399"}],"wp:attachment":[{"href":"https:\/\/www.moskito.cz\/es\/wp-json\/wp\/v2\/media?parent=325391"}],"wp:term":[{"taxonomy":"pwb-brand","embeddable":true,"href":"https:\/\/www.moskito.cz\/es\/wp-json\/wp\/v2\/pwb-brand?post=325391"},{"taxonomy":"product_brand","embeddable":true,"href":"https:\/\/www.moskito.cz\/es\/wp-json\/wp\/v2\/product_brand?post=325391"},{"taxonomy":"product_cat","embeddable":true,"href":"https:\/\/www.moskito.cz\/es\/wp-json\/wp\/v2\/product_cat?post=325391"},{"taxonomy":"product_tag","embeddable":true,"href":"https:\/\/www.moskito.cz\/es\/wp-json\/wp\/v2\/product_tag?post=325391"}],"curies":[{"name":"wp","href":"https:\/\/api.w.org\/{rel}","templated":true}]}}