{"id":325403,"date":"2021-05-18T20:38:21","date_gmt":"2021-05-18T19:38:21","guid":{"rendered":"https:\/\/www.moskito.cz\/produkt\/cuchillo-de-tiro-beltrame-bayoneta-23-37b\/"},"modified":"2025-05-07T11:08:18","modified_gmt":"2025-05-07T10:08:18","slug":"cuchillo-de-tiro-beltrame-bayoneta-23-37b","status":"publish","type":"product","link":"https:\/\/www.moskito.cz\/es\/produkt\/cuchillo-de-tiro-beltrame-bayoneta-23-37b\/","title":{"rendered":"Cuchillo de tiro Beltrame Bayoneta 23\/37B"},"content":{"rendered":"<p>Cuchillo de tiro <strong>Beltrame<\/strong> Bayoneta 23\/37B<\/p>\n<p>Bayoneta cl\u00e1sica italiana de aguja negra de 23 cm, cuchillo de muelle tradicional italiano. Fabricados totalmente a mano seg\u00fan los principios de la artesan\u00eda italiana, los cuchillos Frank Beltrame Stiletto se han hecho famosos en todo el mundo gracias a su extrema ligereza y durabilidad. Sus caracter\u00edsticas hacen que la daga italiana sea adecuada para su uso en cualquier entorno, desde la caza hasta el camping. Una construcci\u00f3n fuerte y duradera, un fuerte resorte de apertura de la hoja es el sello distintivo de los cl\u00e1sicos cinturones de resorte italianos de Frank Beltrame.<\/p>\n<p>Mango: cubierto con un revestimiento de pol\u00edmero duro negro, acabado con almohadillas de n\u00edquel pulido, proporciona un agarre c\u00f3modo y seguro. La seguridad de uso se ve reforzada por la forma ergon\u00f3mica del mango, que evita que la mano se resbale durante el trabajo. Remaches de lat\u00f3n.<\/p>\n<p>Bloqueo: evita el plegado o apertura accidental de la hoja. La apertura de la navaja autom\u00e1tica se realiza mediante un bot\u00f3n fijo situado en el mango.<\/p>\n<p>Muelle: se presta especial atenci\u00f3n al dise\u00f1o del muelle (acero inoxidable): la hoja debe abrirse en unas pocas cent\u00e9simas de segundo (caracter\u00edstica de los cuchillos Stiletto). El componente Beltrame emite un sonido caracter\u00edstico (clic) al abrir la hoja, lo que lo distingue de otros cuchillos con resorte.<\/p>\n<p>Hoja: extremadamente afilada con un perfil de punta de lanza, 3,5 mm de espesor con una hoja falsa corta para aumentar las propiedades de perforaci\u00f3n. Fabricado en acero inoxidable AISI 420 MA5M de f\u00e1cil afilado, que se caracteriza por una alta resistencia a la corrosi\u00f3n. Acero endurecido 56 HRC. Tipo de hoja plana, derivada del rectificado plano, proporcionando buenas propiedades de corte y penetraci\u00f3n. La protecci\u00f3n de acero protege la mano de deslizamientos accidentales y permite que la hoja se pliegue hacia abajo cuando se presiona.<\/p>\n<p>Especificaciones:<br \/>\nN\u00famero de producto: FB 23 \/ 37B<br \/>\nNombre: Stiletto italiano cl\u00e1sico, bayoneta negra 23<br \/>\nTipo de acero: AISI 420 MA5M<br \/>\nDureza de la hoja Rockwell: 56 HRC<br \/>\nLongitud de la hoja: 98 mm\/3,86&#8243;<br \/>\nGrosor de la hoja: 35 mm \/ 1,13&#8243;<br \/>\nLongitud total: 230 mm<br \/>\n: Peso: 108 gramos<br \/>\nHoja: Lisa<br \/>\nTipo de hoja: punta de lanza<br \/>\nBloqueo de cuchillo: S\u00ed<br \/>\nTipo de mango: Pl\u00e1stico<br \/>\nFabricante: F.LLI Beltrame, Italia<\/p>\n","protected":false},"excerpt":{"rendered":"<p>Los cuchillos Beltrame se fabrican en Italia desde 1953. La empresa fue fundada por Frank Beltram. El secreto de la elaboraci\u00f3n de estos cuchillos Stiletto forma parte de la historia de Maniago, que se ha transmitido de padres a hijos.<br \/>\n<strong>Hecho en Italia.<\/strong><\/p>\n","protected":false},"featured_media":325404,"comment_status":"open","ping_status":"closed","template":"","meta":[],"pwb-brand":[3781],"product_brand":[],"product_cat":[3729,3726],"product_tag":[],"class_list":{"0":"post-325403","1":"product","2":"type-product","3":"status-publish","4":"has-post-thumbnail","6":"pwb-brand-beltrame-es","7":"product_cat-cuchillos-de-tiro","8":"product_cat-cuchillos","10":"first","11":"instock","12":"taxable","13":"shipping-taxable","14":"purchasable","15":"product-type-simple"},"brands":[{"id":3781,"name":"Beltram\u00e9","slug":"beltrame-es"}],"_links":{"self":[{"href":"https:\/\/www.moskito.cz\/es\/wp-json\/wp\/v2\/product\/325403","targetHints":{"allow":["GET"]}}],"collection":[{"href":"https:\/\/www.moskito.cz\/es\/wp-json\/wp\/v2\/product"}],"about":[{"href":"https:\/\/www.moskito.cz\/es\/wp-json\/wp\/v2\/types\/product"}],"replies":[{"embeddable":true,"href":"https:\/\/www.moskito.cz\/es\/wp-json\/wp\/v2\/comments?post=325403"}],"wp:featuredmedia":[{"embeddable":true,"href":"https:\/\/www.moskito.cz\/es\/wp-json\/wp\/v2\/media\/325404"}],"wp:attachment":[{"href":"https:\/\/www.moskito.cz\/es\/wp-json\/wp\/v2\/media?parent=325403"}],"wp:term":[{"taxonomy":"pwb-brand","embeddable":true,"href":"https:\/\/www.moskito.cz\/es\/wp-json\/wp\/v2\/pwb-brand?post=325403"},{"taxonomy":"product_brand","embeddable":true,"href":"https:\/\/www.moskito.cz\/es\/wp-json\/wp\/v2\/product_brand?post=325403"},{"taxonomy":"product_cat","embeddable":true,"href":"https:\/\/www.moskito.cz\/es\/wp-json\/wp\/v2\/product_cat?post=325403"},{"taxonomy":"product_tag","embeddable":true,"href":"https:\/\/www.moskito.cz\/es\/wp-json\/wp\/v2\/product_tag?post=325403"}],"curies":[{"name":"wp","href":"https:\/\/api.w.org\/{rel}","templated":true}]}}