{"id":325426,"date":"2020-10-21T15:18:43","date_gmt":"2020-10-21T14:18:43","guid":{"rendered":"https:\/\/www.moskito.cz\/produkt\/cuchillo-de-tiro-beltrame-classic-bone-bayonet\/"},"modified":"2025-12-22T16:01:53","modified_gmt":"2025-12-22T15:01:53","slug":"cuchillo-de-tiro-beltrame-classic-bone-bayonet","status":"publish","type":"product","link":"https:\/\/www.moskito.cz\/es\/produkt\/cuchillo-de-tiro-beltrame-classic-bone-bayonet\/","title":{"rendered":"Bayoneta de hueso cl\u00e1sica Beltrame 23 cm"},"content":{"rendered":"<div class=\"flex-1 overflow-hidden @container\/thread\">\n<div class=\"h-full\">\n<div class=\"react-scroll-to-bottom--css-quzxw-79elbk h-full\">\n<div class=\"react-scroll-to-bottom--css-quzxw-1n7m0yu\">\n<div class=\"flex flex-col text-sm\">\n<article class=\"w-full scroll-mb-[var(--thread-trailing-height,150px)] text-token-text-primary focus-visible:outline-2 focus-visible:outline-offset-[-4px]\" dir=\"auto\" data-testid=\"conversation-turn-61\" data-scroll-anchor=\"true\">\n<div class=\"m-auto text-base py-[18px] px-3 md:px-4 w-full md:px-5 lg:px-4 xl:px-5\">\n<div class=\"mx-auto flex flex-1 gap-4 text-base md:gap-5 lg:gap-6 md:max-w-3xl\">\n<div class=\"group\/conversation-turn relative flex w-full min-w-0 flex-col agent-turn\">\n<div class=\"flex-col gap-1 md:gap-3\">\n<div class=\"flex max-w-full flex-col flex-grow\">\n<div class=\"min-h-8 text-message flex w-full flex-col items-end gap-2 whitespace-normal break-words text-start [.text-message+&amp;]:mt-5\" dir=\"auto\" data-message-author-role=\"assistant\" data-message-id=\"f710b637-5037-4e50-84e6-4ac6fb6e6e91\" data-message-model-slug=\"gpt-4o-mini\">\n<div class=\"flex w-full flex-col gap-1 empty:hidden first:pt-[3px]\">\n<div class=\"markdown prose w-full break-words dark:prose-invert light\">\n<h1 data-pm-slice=\"1 1 []\">\ud83d\udde1\ufe0f <strong>Cuchillo de Expulsi\u00f3n Beltrame Bayoneta Cl\u00e1sica de Hueso 23 cm &#8211; Elegancia Tradicional con Consideraci\u00f3n de Lujo<\/strong><\/h1>\n<p><strong>El Beltrame Cl\u00e1sico Bayoneta de Hueso 23 cm<\/strong> es un <strong>cl\u00e1sico cuchillo italiano de hoja intercambiable<\/strong> que destaca <strong>por su elegante dise\u00f1o y su calidad de fabricaci\u00f3n<\/strong>. El mango de hueso aut\u00e9ntico confiere al cuchillo un <strong>aspecto lujoso<\/strong>, mientras que la <strong>hoja de bayoneta de acero inoxidable de precisi\u00f3n<\/strong> garantiza un rendimiento fiable. <\/p>\n<h2>\u2728 <strong>Caracter\u00edsticas principales<\/strong><\/h2>\n<p>\ud83d\udd2a  <strong>La hoja:<\/strong> Acero inoxidable <strong>440A<\/strong> &#8211; <strong>resistente a la corrosi\u00f3n, f\u00e1cil de afilar<\/strong><br \/>\n\ud83d\udccf <strong>Longitud de la hoja:<\/strong> <strong>10 cm<\/strong> &#8211; <strong>tama\u00f1o pr\u00e1ctico y vers\u00e1til<\/strong><br \/>\n\ud83d\udcd0 <strong>Longitud total:<\/strong> <strong>23 cm<\/strong> &#8211; <strong>compacta pero f\u00e1cil de manejar<\/strong><br \/>\n\u2696\ufe0f <strong>Peso:<\/strong> <strong>140 g<\/strong> aprox.          <strong>ligero y equilibrado para un uso c\u00f3modo<\/strong><br \/>\n\ud83d\udd04 <strong>Mecanismo<\/strong>: bot\u00f3n lateral &#8211; <strong>apertura r\u00e1pida y fiable<\/strong><br \/>\n\ud83d\udd17 <strong>Seguridad:<\/strong> bloqueo trasero &#8211; <strong>garantiza un transporte y manejo seguros<\/strong><br \/>\n\ud83c\udfa8 <strong>Asa:<\/strong> hueso aut\u00e9ntico &#8211;       <strong>lujoso, resistente y duradero<\/strong><\/p>\n<h2>\ud83d\udccc <strong>Uso<\/strong><\/h2>\n<p>\u2705  <strong>Pieza cl\u00e1sica de coleccionista<\/strong> &#8211; adecuada para los aficionados a los cuchillos italianos tradicionales<br \/>\n\u2705  <strong>Accesorio pr\u00e1ctico y elegante<\/strong>, ideal para llevar a diario<br \/>\n\u2705  <strong>Mecanismo de expulsi\u00f3n fiable<\/strong>: r\u00e1pido y c\u00f3modo de usar<\/p>\n<h2>\ud83d\udd27 <strong>Mantenimiento y rectificado<\/strong><\/h2>\n<p>\ud83e\uddfc <strong>Limpieza:<\/strong> despu\u00e9s del uso, limpia la cuchilla con <strong>un pa\u00f1o seco<\/strong> y lubrica regularmente el mecanismo<br \/>\n\ud83e\ude92 A <strong>filado:<\/strong> Se recomienda utilizar <strong>amoladoras cer\u00e1micas o de diamante<\/strong> para mantener el afilado<br \/>\n\ud83c\udf21\ufe0f <strong>Almacenamiento:<\/strong> almac\u00e9nalo en <strong>un entorno seco<\/strong> para preservar la calidad de los materiales  <\/p>\n<h2>\u2705 <strong>Beneficios<\/strong><\/h2>\n<p>\u2714\ufe0f <strong>Aspecto lujoso<\/strong>: el hueso aut\u00e9ntico confiere al cuchillo <strong>elegancia y singularidad<\/strong><br \/>\n\u2714\ufe0f <strong>Hoja de acero inoxidable duradero<\/strong>: f\u00e1cil mantenimiento y larga vida \u00fatil<br \/>\n\u2714\ufe0f <strong>Mecanismo r\u00e1pido y fiable<\/strong>: apertura instant\u00e1nea con s\u00f3lo pulsar un bot\u00f3n<br \/>\n\u2714\ufe0f <strong>Dise\u00f1o ligero y compacto<\/strong>, ideal para llevar y exponer en una colecci\u00f3n <\/p>\n<h2>\u274c <strong>Desventajas<\/strong><\/h2>\n<p>\u2757 <strong>Mango de hueso derecho<\/strong> &#8211; puede ser m\u00e1s sensible a la humedad y a los golpes<br \/>\n\u2757 <strong>No est\u00e1 dise\u00f1ado para un uso intensivo<\/strong> &#8211; m\u00e1s adecuado como cuchillo elegante que como herramienta de trabajo<br \/>\n\u2757 <strong>Requiere un mantenimiento regular<\/strong>: lubricaci\u00f3n y limpieza del mecanismo para una funcionalidad a largo plazo <\/p>\n<h2>\ud83d\udd1a <strong>Conclusi\u00f3n<\/strong><\/h2>\n<p><strong>La Bayoneta de Hueso Cl\u00e1sica Beltrame de 23 cm<\/strong> es una <strong>navaja excepcional<\/strong> que <strong>combina la calidad tradicional italiana con materiales de lujo<\/strong>. Es ideal para coleccionistas, entusiastas de los cuchillos y quienes deseen <strong>un cuchillo elegante y con estilo, con un toque hist\u00f3rico<\/strong>. <\/p>\n<p><strong>\ud83d\udce2 \u00a1P\u00eddelo ahora y a\u00f1ade a tu colecci\u00f3n un trozo de aut\u00e9ntica tradici\u00f3n italiana!<\/strong> \ud83d\uded2<\/p>\n<\/div>\n<\/div>\n<\/div>\n<\/div>\n<\/div>\n<\/div>\n<\/div>\n<\/div>\n<\/article>\n<\/div>\n<\/div>\n<\/div>\n<\/div>\n<\/div>\n","protected":false},"excerpt":{"rendered":"<p><strong>La Bayoneta de Hueso Cl\u00e1sica Beltrame de 23 cm es una navaja excepcional que combina la calidad tradicional italiana con materiales de lujo. Es ideal para coleccionistas, entusiastas de los cuchillos y quienes deseen un cuchillo elegante y con estilo, con un toque hist\u00f3rico. <\/strong><\/p>\n","protected":false},"featured_media":176147,"comment_status":"open","ping_status":"closed","template":"","meta":[],"pwb-brand":[3781],"product_brand":[],"product_cat":[3729,3726],"product_tag":[],"class_list":{"0":"post-325426","1":"product","2":"type-product","3":"status-publish","4":"has-post-thumbnail","6":"pwb-brand-beltrame-es","7":"product_cat-cuchillos-de-tiro","8":"product_cat-cuchillos","10":"first","11":"instock","12":"taxable","13":"shipping-taxable","14":"purchasable","15":"product-type-simple"},"brands":[{"id":3781,"name":"Beltram\u00e9","slug":"beltrame-es"}],"_links":{"self":[{"href":"https:\/\/www.moskito.cz\/es\/wp-json\/wp\/v2\/product\/325426","targetHints":{"allow":["GET"]}}],"collection":[{"href":"https:\/\/www.moskito.cz\/es\/wp-json\/wp\/v2\/product"}],"about":[{"href":"https:\/\/www.moskito.cz\/es\/wp-json\/wp\/v2\/types\/product"}],"replies":[{"embeddable":true,"href":"https:\/\/www.moskito.cz\/es\/wp-json\/wp\/v2\/comments?post=325426"}],"wp:featuredmedia":[{"embeddable":true,"href":"https:\/\/www.moskito.cz\/es\/wp-json\/wp\/v2\/media\/176147"}],"wp:attachment":[{"href":"https:\/\/www.moskito.cz\/es\/wp-json\/wp\/v2\/media?parent=325426"}],"wp:term":[{"taxonomy":"pwb-brand","embeddable":true,"href":"https:\/\/www.moskito.cz\/es\/wp-json\/wp\/v2\/pwb-brand?post=325426"},{"taxonomy":"product_brand","embeddable":true,"href":"https:\/\/www.moskito.cz\/es\/wp-json\/wp\/v2\/product_brand?post=325426"},{"taxonomy":"product_cat","embeddable":true,"href":"https:\/\/www.moskito.cz\/es\/wp-json\/wp\/v2\/product_cat?post=325426"},{"taxonomy":"product_tag","embeddable":true,"href":"https:\/\/www.moskito.cz\/es\/wp-json\/wp\/v2\/product_tag?post=325426"}],"curies":[{"name":"wp","href":"https:\/\/api.w.org\/{rel}","templated":true}]}}