{"id":325433,"date":"2020-10-09T17:12:13","date_gmt":"2020-10-09T16:12:13","guid":{"rendered":"https:\/\/www.moskito.cz\/produkt\/cuchillo-de-tiro-beltrame-stiletto-pearl-bayoneta\/"},"modified":"2025-07-11T07:52:46","modified_gmt":"2025-07-11T06:52:46","slug":"cuchillo-de-tiro-beltrame-stiletto-pearl-bayoneta","status":"publish","type":"product","link":"https:\/\/www.moskito.cz\/es\/produkt\/cuchillo-de-tiro-beltrame-stiletto-pearl-bayoneta\/","title":{"rendered":"Cuchillo de tiro Beltrame Stiletto Pearl Bayoneta"},"content":{"rendered":"<p>Cuchillo de tiro <strong>Beltrame<\/strong> Stiletto Pearl de bayoneta.<br \/>\nNavaja de tiro lateral con seguro en la culata. El tallo es de n\u00e1car blanco, la hoja es de acero 420 (dureza de 54 a 56 HRC). Longitud en estado abierto 23 cm La longitud de la hoja es 9,8 cm.<\/p>\n<p>Los cuchillos Beltrame se fabrican en Italia desde 1953. La empresa fue fundada por Frank Beltram. El secreto de la elaboraci\u00f3n de estos cuchillos Stiletto forma parte de la historia de Maniago, que se ha transmitido de padres a hijos. Cuando era peque\u00f1o, Frank ayud\u00f3 en la f\u00e1brica de su padre, donde m\u00e1s tarde comenz\u00f3 a trabajar como aprendiz de su padre. Adem\u00e1s, asisti\u00f3 a una escuela de cuchiller\u00eda tradicional, donde aprendi\u00f3 todo sobre diferentes materiales, las \u00faltimas tecnolog\u00edas de procesamiento y diferentes estilos de dise\u00f1o. En 1958, Frank y su familia empezaron a fabricar cuchillos autom\u00e1ticos. Un a\u00f1o despu\u00e9s de que el padre de Frank muriera de un ataque card\u00edaco mientras trabajaba en la f\u00e1brica, Frank fund\u00f3 la empresa Beltrame. En los a\u00f1os siguientes continu\u00f3 estudiando e investigando cuchillos, materiales adecuados y dise\u00f1o. Al poco tiempo, aparecieron en el mercado imitaciones baratas de Taiw\u00e1n, los tradicionales cuchillos Stiletto italianos. Entonces Frank tuvo que enfrentarse a un nuevo problema. Afortunadamente, la calidad de estos cuchillos baratos habla por s\u00ed sola: todo coleccionista sabe que no hay forma de compararlos con una aut\u00e9ntica daga Beltrame. Los cuchillos Beltrame se han ganado el reconocimiento de los clientes m\u00e1s exigentes del mundo gracias a la pasi\u00f3n de Frank por estos cuchillos. A la hora de fabricar cuchillos aprovecha sus muchos a\u00f1os de experiencia, que adquiri\u00f3 desde muy joven. En 2005, los cuchillos Beltrame recibieron el certificado de calidad Maniago, con el que superaron los est\u00e1ndares de calidad europeos. Esto significa que estos cuchillos se someten a pruebas de calidad del material cada a\u00f1o.<\/p>\n<p>Para el desbloqueo de la hoja se utiliza el virola giratorio fabricado en acero inoxidable o alpaca, tambi\u00e9n fabricado en acero inoxidable AISI 420 inoxidable MA5M HRC 56. La apertura se realiza mediante el bot\u00f3n situado en el centro del mango.<\/p>\n<p>Descripci\u00f3n<br \/>\nPara el desbloqueo de la hoja se utiliza el virola giratorio fabricado en acero inoxidable o alpaca, tambi\u00e9n fabricado en acero inoxidable AISI 420 inoxidable MA5M HRC 56. La apertura se realiza mediante el bot\u00f3n situado en el centro del mango.<br \/>\nLos mangos pueden ser de pl\u00e1stico de colores blanco, negro, rojo, azul y verde, cuerno oscuro, cuerno rubio y cuerno brasile\u00f1o, palisandro, cocobolo, madera de olivo, madera de serpiente, ciervo, hueso, abul\u00f3n y n\u00e1car.<br \/>\nLas camisas son de lat\u00f3n y el resorte es de acero inoxidable ensamblado y plegado manualmente por Frank Beltrame, nunca a m\u00e1quina.<br \/>\nLos remaches de los mangos son de lat\u00f3n.<br \/>\nEl modelo Classic est\u00e1 ensamblado \u00edntegramente a mano con precisi\u00f3n y exactitud y tiene un acabado artesanal.<\/p>\n","protected":false},"excerpt":{"rendered":"<p>Los cuchillos Beltrame se fabrican en Italia desde 1953. La empresa fue fundada por Frank Beltram. El secreto de la elaboraci\u00f3n de estos cuchillos Stiletto forma parte de la historia de Maniago, que se ha transmitido de padres a hijos.<br \/>\n<strong>Hecho en Italia.<\/strong><\/p>\n","protected":false},"featured_media":176132,"comment_status":"open","ping_status":"closed","template":"","meta":[],"pwb-brand":[3781],"product_brand":[],"product_cat":[3729,3726],"product_tag":[],"class_list":{"0":"post-325433","1":"product","2":"type-product","3":"status-publish","4":"has-post-thumbnail","6":"pwb-brand-beltrame-es","7":"product_cat-cuchillos-de-tiro","8":"product_cat-cuchillos","10":"first","11":"instock","12":"taxable","13":"shipping-taxable","14":"purchasable","15":"product-type-simple"},"brands":[{"id":3781,"name":"Beltram\u00e9","slug":"beltrame-es"}],"_links":{"self":[{"href":"https:\/\/www.moskito.cz\/es\/wp-json\/wp\/v2\/product\/325433","targetHints":{"allow":["GET"]}}],"collection":[{"href":"https:\/\/www.moskito.cz\/es\/wp-json\/wp\/v2\/product"}],"about":[{"href":"https:\/\/www.moskito.cz\/es\/wp-json\/wp\/v2\/types\/product"}],"replies":[{"embeddable":true,"href":"https:\/\/www.moskito.cz\/es\/wp-json\/wp\/v2\/comments?post=325433"}],"wp:featuredmedia":[{"embeddable":true,"href":"https:\/\/www.moskito.cz\/es\/wp-json\/wp\/v2\/media\/176132"}],"wp:attachment":[{"href":"https:\/\/www.moskito.cz\/es\/wp-json\/wp\/v2\/media?parent=325433"}],"wp:term":[{"taxonomy":"pwb-brand","embeddable":true,"href":"https:\/\/www.moskito.cz\/es\/wp-json\/wp\/v2\/pwb-brand?post=325433"},{"taxonomy":"product_brand","embeddable":true,"href":"https:\/\/www.moskito.cz\/es\/wp-json\/wp\/v2\/product_brand?post=325433"},{"taxonomy":"product_cat","embeddable":true,"href":"https:\/\/www.moskito.cz\/es\/wp-json\/wp\/v2\/product_cat?post=325433"},{"taxonomy":"product_tag","embeddable":true,"href":"https:\/\/www.moskito.cz\/es\/wp-json\/wp\/v2\/product_tag?post=325433"}],"curies":[{"name":"wp","href":"https:\/\/api.w.org\/{rel}","templated":true}]}}