{"id":325437,"date":"2022-08-19T22:03:22","date_gmt":"2024-04-05T09:12:33","guid":{"rendered":"https:\/\/www.moskito.cz\/produkt\/cuchillo-de-cierre-crkt-m16-02db\/"},"modified":"2025-05-07T11:08:22","modified_gmt":"2025-05-07T10:08:22","slug":"cuchillo-de-cierre-crkt-m16-02db","status":"publish","type":"product","link":"https:\/\/www.moskito.cz\/es\/produkt\/cuchillo-de-cierre-crkt-m16-02db\/","title":{"rendered":"Cuchillo de cierre CRKT M16-02DB"},"content":{"rendered":"<p>Cuchillo de cierre <strong>CRKT<\/strong> M16-02DB.<\/p>\n<p>Un cl\u00e1sico renacido.<\/p>\n<p>\u00bfC\u00f3mo se puede coger un cuchillo ya universalmente reconocido y hacerlo tres veces mejor? Tomando el legendario dise\u00f1o M16\u00ae, imaginado por uno de los cuchillos m\u00e1s notables de la historia, y agregando tres innovaciones innovadoras: Deadbolt\u00ae, apertura asistida y el sistema de pasador con rodamiento de bolas IKBS\u2122. Al regresar con una hoja tanto compacta, el M16\u00ae-02DB no solo est\u00e1 bloqueado y cargado, sino que ahora es m\u00e1s r\u00e1pido que nunca de desplegarse. El dise\u00f1ador de cuchillos Kit Carson nos regal\u00f3 un cl\u00e1sico atemporal hace a\u00f1os. Ahora ha regresado con un legado completamente nuevo que cumplir.<br \/>\nFuerte y simple: la cerradura Deadbolt\u00ae proporciona una resistencia incre\u00edble y es f\u00e1cil de usar<br \/>\nApertura asistida: Flipper despliega r\u00e1pidamente la hoja<br \/>\nApertura suave: el pasador con rodamiento de bolas IKBS\u2122 despliega la hoja suavemente<br \/>\nRendimiento superior: hoja de acero D2 para una retenci\u00f3n superior de la hoja<br \/>\nFuerte y ligero: el mango de aluminio combina resistencia con un peso m\u00ednimo<br \/>\nPerfil bajo: el clip de bolsillo garantiza un transporte seguro<\/p>\n<p>ESPECIFICACIONES<br \/>\nLongitud de la hoja 3,12&#8243; (79,15 mm)<br \/>\nHoja de hoja Lisa<br \/>\nHoja de acero D2<br \/>\nAcabado de la hoja lavado a la piedra<br \/>\nGrosor de la hoja 0,12&#8243; (2,95 mm)<br \/>\nLongitud total 7,38&#8243; (187,33 mm)<br \/>\nLongitud cerrada 4,28&#8243; (108,59 mm)<br \/>\nPeso 4,00 oz (113,40 g)<br \/>\nMango de aluminio<br \/>\nEstilo Navaja plegable con cerradura Deadbolt\u00ae<\/p>\n","protected":false},"excerpt":{"rendered":"<p><strong>Dise\u00f1ado por Kit Carson en Vine Grove, Kentucky.<\/strong><\/p>\n<p><strong>Transporte gratuito.<\/strong><\/p>\n","protected":false},"featured_media":325446,"comment_status":"open","ping_status":"closed","template":"","meta":[],"pwb-brand":[3765],"product_brand":[],"product_cat":[3730,3726],"product_tag":[3756],"class_list":{"0":"post-325437","1":"product","2":"type-product","3":"status-publish","4":"has-post-thumbnail","6":"pwb-brand-crkt-es","7":"product_cat-cuchillas-de-cierre","8":"product_cat-cuchillos","9":"product_tag-b2b-es","11":"first","12":"instock","13":"sale","14":"taxable","15":"shipping-taxable","16":"purchasable","17":"product-type-simple"},"brands":[{"id":3765,"name":"CRKT","slug":"crkt-es"}],"_links":{"self":[{"href":"https:\/\/www.moskito.cz\/es\/wp-json\/wp\/v2\/product\/325437","targetHints":{"allow":["GET"]}}],"collection":[{"href":"https:\/\/www.moskito.cz\/es\/wp-json\/wp\/v2\/product"}],"about":[{"href":"https:\/\/www.moskito.cz\/es\/wp-json\/wp\/v2\/types\/product"}],"replies":[{"embeddable":true,"href":"https:\/\/www.moskito.cz\/es\/wp-json\/wp\/v2\/comments?post=325437"}],"wp:featuredmedia":[{"embeddable":true,"href":"https:\/\/www.moskito.cz\/es\/wp-json\/wp\/v2\/media\/325446"}],"wp:attachment":[{"href":"https:\/\/www.moskito.cz\/es\/wp-json\/wp\/v2\/media?parent=325437"}],"wp:term":[{"taxonomy":"pwb-brand","embeddable":true,"href":"https:\/\/www.moskito.cz\/es\/wp-json\/wp\/v2\/pwb-brand?post=325437"},{"taxonomy":"product_brand","embeddable":true,"href":"https:\/\/www.moskito.cz\/es\/wp-json\/wp\/v2\/product_brand?post=325437"},{"taxonomy":"product_cat","embeddable":true,"href":"https:\/\/www.moskito.cz\/es\/wp-json\/wp\/v2\/product_cat?post=325437"},{"taxonomy":"product_tag","embeddable":true,"href":"https:\/\/www.moskito.cz\/es\/wp-json\/wp\/v2\/product_tag?post=325437"}],"curies":[{"name":"wp","href":"https:\/\/api.w.org\/{rel}","templated":true}]}}