{"id":325541,"date":"2022-09-08T21:22:49","date_gmt":"2024-04-05T09:35:53","guid":{"rendered":"https:\/\/www.moskito.cz\/produkt\/cuchillo-de-cierre-crkt-tuna-2520\/"},"modified":"2025-05-07T11:08:24","modified_gmt":"2025-05-07T10:08:24","slug":"cuchillo-de-cierre-crkt-tuna-2520","status":"publish","type":"product","link":"https:\/\/www.moskito.cz\/es\/produkt\/cuchillo-de-cierre-crkt-tuna-2520\/","title":{"rendered":"Cuchillo de cierre CRKT TUNA 2520"},"content":{"rendered":"<div class=\"flex-1 overflow-hidden @container\/thread\">\n<div class=\"h-full\">\n<div class=\"react-scroll-to-bottom--css-vxybp-79elbk h-full\">\n<div class=\"react-scroll-to-bottom--css-vxybp-1n7m0yu\">\n<div class=\"flex flex-col text-sm\">\n<article class=\"w-full scroll-mb-[var(--thread-trailing-height,150px)] text-token-text-primary focus-visible:outline-2 focus-visible:outline-offset-[-4px]\" dir=\"auto\" data-testid=\"conversation-turn-161\" data-scroll-anchor=\"true\">\n<div class=\"m-auto text-base py-[18px] px-3 md:px-4 w-full md:px-5 lg:px-4 xl:px-5\">\n<div class=\"mx-auto flex flex-1 gap-4 text-base md:gap-5 lg:gap-6 md:max-w-3xl\">\n<div class=\"group\/conversation-turn relative flex w-full min-w-0 flex-col agent-turn\">\n<div class=\"flex-col gap-1 md:gap-3\">\n<div class=\"flex max-w-full flex-col flex-grow\">\n<div class=\"min-h-8 text-message flex w-full flex-col items-end gap-2 whitespace-normal break-words text-start [.text-message+&amp;]:mt-5\" dir=\"auto\" data-message-author-role=\"assistant\" data-message-id=\"e43aa1d9-bf93-4e77-bebd-c49e91292557\" data-message-model-slug=\"gpt-4o-mini\">\n<div class=\"flex w-full flex-col gap-1 empty:hidden first:pt-[3px]\">\n<div class=\"markdown prose w-full break-words dark:prose-invert light\">\n<p><strong>El cuchillo plegable CRKT TUNA 2520<\/strong> est\u00e1 dise\u00f1ado para combinar <strong>un rendimiento excepcional<\/strong> , <strong>resistencia<\/strong> y <strong>un dise\u00f1o elegante<\/strong> . Con su <strong>hoja fuerte<\/strong> , <strong>mango ergon\u00f3mico<\/strong> y <strong>f\u00e1cil apertura<\/strong> , este cuchillo es ideal para el uso diario (EDC) as\u00ed como para las tareas m\u00e1s exigentes. <\/p>\n<h3>Caracter\u00edsticas y beneficios clave:<\/h3>\n<ol>\n<li><strong>Hoja potente<\/strong> :\n<ul>\n<li><strong>Longitud de la hoja<\/strong> : 81,81 mm (3,22&#8243;) &#8211; Tama\u00f1o \u00f3ptimo para tareas cotidianas como cortar embalajes, cart\u00f3n o cuerdas.<\/li>\n<li><strong>Acero<\/strong> : <strong>8Cr14MoV<\/strong> \u2013 Este material es conocido por su <strong>resistencia al desgaste<\/strong> y <strong>buena retenci\u00f3n del filo<\/strong> . Tambi\u00e9n proporciona <strong>resistencia a la corrosi\u00f3n<\/strong> , lo que lo hace ideal para el uso diario. <\/li>\n<li><strong>Acabado superficial<\/strong> : <strong>Stonewash<\/strong> \u2013 Aspecto mate con muy baja visibilidad de rayones y f\u00e1cil mantenimiento.<\/li>\n<\/ul>\n<\/li>\n<li><strong>Apertura r\u00e1pida<\/strong> :\n<ul>\n<li><strong>El bot\u00f3n para el pulgar<\/strong> permite <strong>una apertura r\u00e1pida y sencilla con una sola mano<\/strong> . Esta caracter\u00edstica le permite abrir el cuchillo con un solo movimiento, lo que aumenta la eficiencia cuando solo tiene una mano libre. <\/li>\n<\/ul>\n<\/li>\n<li><strong>Bloqueo de marco robusto<\/strong> :\n<ul>\n<li><strong>El bloqueo del marco<\/strong> con <strong>un perno fuerte<\/strong> garantiza <strong>una incre\u00edble estabilidad de la hoja<\/strong> durante el uso. Esta cerradura es muy confiable y segura, lo que la hace ideal para <strong>tareas pesadas<\/strong> . <\/li>\n<\/ul>\n<\/li>\n<li><strong>Mango ergon\u00f3mico<\/strong> :\n<ul>\n<li><strong>El mango<\/strong> est\u00e1 hecho de <strong>G10<\/strong> y <strong>acero inoxidable<\/strong> , lo que garantiza <strong>un alto agarre<\/strong> incluso en condiciones dif\u00edciles (entornos h\u00famedos o resbaladizos).<\/li>\n<li><strong>G10<\/strong> proporciona un agarre c\u00f3modo y seguro que permanece estable incluso con un uso intensivo.<\/li>\n<\/ul>\n<\/li>\n<li><strong>Dise\u00f1o compacto y pr\u00e1ctico<\/strong> :\n<ul>\n<li><strong>Longitud total<\/strong> : 195,28 mm (7,69&#8243;) &#8211; Tama\u00f1o compacto, lo suficientemente grande para la mayor\u00eda de las tareas, pero que cabe f\u00e1cilmente en un bolsillo.<\/li>\n<li><strong>Longitud cerrada<\/strong> : 113,92 mm (4,49&#8243;) &#8211; Ideal para llevar a diario, el cuchillo es lo suficientemente peque\u00f1o como para no estorbar al transportarlo, pero a\u00fan as\u00ed proporciona mucha fuerza y \u200b\u200bpotencia.<\/li>\n<li><strong>Peso<\/strong> : 104,89 g (3,70 oz) \u2013 Con este peso, el cuchillo es <strong>lo suficientemente fuerte<\/strong> para trabajar, pero lo suficientemente ligero para llevarlo c\u00f3modamente durante todo el d\u00eda.<\/li>\n<\/ul>\n<\/li>\n<\/ol>\n<h3>Especificaciones:<\/h3>\n<ul>\n<li><strong>Longitud de la hoja<\/strong> : 81,81 mm (3,22&#8243;)<\/li>\n<li><strong>Filo de la hoja<\/strong> : liso<\/li>\n<li><strong>Material de la hoja<\/strong> : acero 8Cr14MoV<\/li>\n<li><strong>Tratamiento superficial de la hoja<\/strong> : Lavado a la piedra<\/li>\n<li><strong>Grosor de la hoja<\/strong> : 3,68 mm (0,15&#8243;)<\/li>\n<li><strong>Longitud total<\/strong> : 195,28 mm (7,69&#8243;)<\/li>\n<li><strong>Longitud cerrada<\/strong> : 113,92 mm (4,49&#8243;)<\/li>\n<li><strong>Peso<\/strong> : 104,89 g (3,70 oz)<\/li>\n<li><strong>Mango<\/strong> : G10 | Acero inoxidable<\/li>\n<li><strong>Mecanismo<\/strong> : Navaja plegable con bloqueo de marco.<\/li>\n<\/ul>\n<h3>Uso adecuado:<\/h3>\n<ul>\n<li><strong>Transporte diario (EDC)<\/strong> : <strong>su apertura r\u00e1pida<\/strong> y <strong>durabilidad<\/strong> lo hacen ideal para tareas comunes como cortar, abrir paquetes o cortar cuerdas.<\/li>\n<li><strong>Al aire libre y de aventura<\/strong> : <strong>el mango G10<\/strong> proporciona <strong>un excelente agarre<\/strong> en condiciones dif\u00edciles y <strong>la hoja duradera<\/strong> puede soportar tareas m\u00e1s dif\u00edciles como trabajar la madera o preparar alimentos.<\/li>\n<li><strong>Uso t\u00e1ctico<\/strong> : <strong>el bloqueo del marco<\/strong> y <strong>la hoja resistente<\/strong> hacen que este cuchillo sea adecuado para escenarios t\u00e1cticos o de autodefensa.<\/li>\n<\/ul>\n<h3>Resumen:<\/h3>\n<p><strong>El CRKT Tuna 2520<\/strong> es un <strong>cuchillo plegable altamente funcional y elegante<\/strong> que combina <strong>excelentes caracter\u00edsticas<\/strong> para el transporte diario con <strong>alto rendimiento<\/strong> y <strong>durabilidad<\/strong> . Con <strong>mango G10<\/strong> , <strong>bloqueo de marco<\/strong> , <strong>f\u00e1cil apertura<\/strong> y <strong>hoja robusta,<\/strong> es la herramienta ideal para quienes buscan un <strong>cuchillo<\/strong> <strong>confiable<\/strong> y vers\u00e1til para las tareas diarias o actividades al aire libre. <\/p>\n<\/div>\n<\/div>\n<\/div>\n<\/div>\n<div class=\"mb-2 flex gap-3 empty:hidden -ml-2\">\n<div class=\"items-center justify-start rounded-xl p-1 flex\">\n<div class=\"flex items-center\"><\/div>\n<\/div>\n<\/div>\n<\/div>\n<\/div>\n<\/div>\n<\/div>\n<\/article>\n<\/div>\n<\/div>\n<\/div>\n<\/div>\n<\/div>\n<div class=\"md:pt-0 dark:border-white\/20 md:border-transparent md:dark:border-transparent w-full\">\n<div>\n<div class=\"m-auto text-base px-3 md:px-4 w-full md:px-5 lg:px-4 xl:px-5\">\n<div class=\"mx-auto flex flex-1 gap-4 text-base md:gap-5 lg:gap-6 md:max-w-3xl\">\n<div class=\"flex justify-center\"><\/div>\n<\/div>\n<\/div>\n<\/div>\n<\/div>\n","protected":false},"excerpt":{"rendered":"<div class=\"flex-1 overflow-hidden @container\/thread\">\n<div class=\"h-full\">\n<div class=\"react-scroll-to-bottom--css-vxybp-79elbk h-full\">\n<div class=\"react-scroll-to-bottom--css-vxybp-1n7m0yu\">\n<div class=\"flex flex-col text-sm\">\n<article class=\"w-full scroll-mb-[var(--thread-trailing-height,150px)] text-token-text-primary focus-visible:outline-2 focus-visible:outline-offset-[-4px]\" dir=\"auto\" data-testid=\"conversation-turn-161\" data-scroll-anchor=\"true\">\n<div class=\"m-auto text-base py-[18px] px-3 md:px-4 w-full md:px-5 lg:px-4 xl:px-5\">\n<div class=\"mx-auto flex flex-1 gap-4 text-base md:gap-5 lg:gap-6 md:max-w-3xl\">\n<div class=\"group\/conversation-turn relative flex w-full min-w-0 flex-col agent-turn\">\n<div class=\"flex-col gap-1 md:gap-3\">\n<div class=\"flex max-w-full flex-col flex-grow\">\n<div class=\"min-h-8 text-message flex w-full flex-col items-end gap-2 whitespace-normal break-words text-start [.text-message+&amp;]:mt-5\" dir=\"auto\" data-message-author-role=\"assistant\" data-message-id=\"e43aa1d9-bf93-4e77-bebd-c49e91292557\" data-message-model-slug=\"gpt-4o-mini\">\n<div class=\"flex w-full flex-col gap-1 empty:hidden first:pt-[3px]\">\n<div class=\"markdown prose w-full break-words dark:prose-invert light\">\n<p><strong>El CRKT Tuna 2520 es un cuchillo plegable altamente funcional y elegante que combina excelentes caracter\u00edsticas para el transporte diario con alto rendimiento y durabilidad. Con mango G10, bloqueo de marco, f\u00e1cil apertura y hoja robusta, es la herramienta ideal para quienes buscan un cuchillo confiable y vers\u00e1til para las tareas diarias o actividades al aire libre. <\/strong><\/p>\n<\/div>\n<\/div>\n<\/div>\n<\/div>\n<div class=\"mb-2 flex gap-3 empty:hidden -ml-2\">\n<div class=\"items-center justify-start rounded-xl p-1 flex\">\n<div class=\"flex items-center\"><\/div>\n<\/div>\n<\/div>\n<\/div>\n<\/div>\n<\/div>\n<\/div>\n<\/article>\n<\/div>\n<\/div>\n<\/div>\n<\/div>\n<\/div>\n<div class=\"md:pt-0 dark:border-white\/20 md:border-transparent md:dark:border-transparent w-full\">\n<div>\n<div class=\"m-auto text-base px-3 md:px-4 w-full md:px-5 lg:px-4 xl:px-5\">\n<div class=\"mx-auto flex flex-1 gap-4 text-base md:gap-5 lg:gap-6 md:max-w-3xl\">\n<div class=\"flex justify-center\"><\/div>\n<\/div>\n<\/div>\n<\/div>\n<\/div>\n","protected":false},"featured_media":325542,"comment_status":"open","ping_status":"closed","template":"","meta":[],"pwb-brand":[3765],"product_brand":[],"product_cat":[3730,3726],"product_tag":[3756],"class_list":{"0":"post-325541","1":"product","2":"type-product","3":"status-publish","4":"has-post-thumbnail","6":"pwb-brand-crkt-es","7":"product_cat-cuchillas-de-cierre","8":"product_cat-cuchillos","9":"product_tag-b2b-es","11":"first","12":"instock","13":"sale","14":"taxable","15":"shipping-taxable","16":"purchasable","17":"product-type-simple"},"brands":[{"id":3765,"name":"CRKT","slug":"crkt-es"}],"_links":{"self":[{"href":"https:\/\/www.moskito.cz\/es\/wp-json\/wp\/v2\/product\/325541","targetHints":{"allow":["GET"]}}],"collection":[{"href":"https:\/\/www.moskito.cz\/es\/wp-json\/wp\/v2\/product"}],"about":[{"href":"https:\/\/www.moskito.cz\/es\/wp-json\/wp\/v2\/types\/product"}],"replies":[{"embeddable":true,"href":"https:\/\/www.moskito.cz\/es\/wp-json\/wp\/v2\/comments?post=325541"}],"wp:featuredmedia":[{"embeddable":true,"href":"https:\/\/www.moskito.cz\/es\/wp-json\/wp\/v2\/media\/325542"}],"wp:attachment":[{"href":"https:\/\/www.moskito.cz\/es\/wp-json\/wp\/v2\/media?parent=325541"}],"wp:term":[{"taxonomy":"pwb-brand","embeddable":true,"href":"https:\/\/www.moskito.cz\/es\/wp-json\/wp\/v2\/pwb-brand?post=325541"},{"taxonomy":"product_brand","embeddable":true,"href":"https:\/\/www.moskito.cz\/es\/wp-json\/wp\/v2\/product_brand?post=325541"},{"taxonomy":"product_cat","embeddable":true,"href":"https:\/\/www.moskito.cz\/es\/wp-json\/wp\/v2\/product_cat?post=325541"},{"taxonomy":"product_tag","embeddable":true,"href":"https:\/\/www.moskito.cz\/es\/wp-json\/wp\/v2\/product_tag?post=325541"}],"curies":[{"name":"wp","href":"https:\/\/api.w.org\/{rel}","templated":true}]}}