{"id":325677,"date":"2023-10-03T16:17:41","date_gmt":"2024-04-05T09:42:53","guid":{"rendered":"https:\/\/www.moskito.cz\/produkt\/cuchillo-de-cierre-crkt-kalbi-7540\/"},"modified":"2025-05-07T11:08:29","modified_gmt":"2025-05-07T10:08:29","slug":"cuchillo-de-cierre-crkt-kalbi-7540","status":"publish","type":"product","link":"https:\/\/www.moskito.cz\/es\/produkt\/cuchillo-de-cierre-crkt-kalbi-7540\/","title":{"rendered":"Cuchillo de cierre CRKT Kalbi 7540"},"content":{"rendered":"<p>Cuchillo de cierre <strong>CRKT<\/strong> Kalbi 7540<\/p>\n<p>Evoluci\u00f3n cotidiana.<\/p>\n<p>Miembro de la familia Crossbones, el Kalbi es un cuchillo vers\u00e1til de uso diario que se ha actualizado con una hoja japonesa Acuto 440 para una mejor retenci\u00f3n del filo. Vuelve el pr\u00e1ctico y elegante dise\u00f1o Crossbones, ahora con un inconfundible mango de aluminio azul que distingue a este cuchillo como algo especial.<\/p>\n<p>Rendimiento mejorado: el Acuto 440 mantiene bien el borde<br \/>\nApertura suave: el pasador con rodamiento de bolas IKBS\u2122 despliega la hoja suavemente<br \/>\nFuerte y ligero: el mango de aluminio combina resistencia con un peso m\u00ednimo<br \/>\nF\u00e1cil de cerrar: el cierre se puede cerrar f\u00e1cilmente con una mano<br \/>\nPerfil bajo: el clip de bolsillo garantiza un transporte seguro<br \/>\nOpciones de accesorios: Orificio para cord\u00f3n para llavero o colgante<\/p>\n<p>Hoja de acero Acut 440.<br \/>\nBorde de la hoja liso<br \/>\nAcabado de hoja satinada<\/p>\n<p>Longitud de la hoja: 8,33 cm<br \/>\nGrosor de la hoja: 0,26 cm.<br \/>\nLongitud total: 18,57 cm.<br \/>\nLargo cerrado: 10,21 cm<br \/>\nPeso: 56,70 gramos<\/p>\n<p>Material del mango aluminio<br \/>\nElegante navaja plegable con Liner Lock<\/p>\n<p><iframe title=\"CRKT Kalbi | Jeff Park Design\" width=\"800\" height=\"450\" src=\"https:\/\/www.youtube.com\/embed\/rBeyUWLRsMA?feature=oembed\" frameborder=\"0\" allow=\"accelerometer; autoplay; clipboard-write; encrypted-media; gyroscope; picture-in-picture; web-share\" referrerpolicy=\"strict-origin-when-cross-origin\" allowfullscreen><\/iframe><\/p>\n<p>&nbsp;<\/p>\n<p>&nbsp;<\/p>\n<p>&nbsp;<\/p>\n","protected":false},"excerpt":{"rendered":"<p><strong>Dise\u00f1adorJeff Park Mililani, Haw\u00e1i<\/strong><\/p>\n<p><strong>Un fat\u00eddico d\u00eda de 2005, entr\u00f3 en la tienda de Ken Onion en Kaneohe, Hawaii y nunca sali\u00f3. Bueno, eso no es del todo cierto, pero ciertamente impresion\u00f3 a un fabricante de cuchillos de clase mundial y aprendi\u00f3 un par de cosas en el camino. Jeff Park es un tipo de persona orientada a los detalles, y con esto nos referimos a un perfeccionista absoluto, lo que se nota en sus dise\u00f1os simples pero impecables. Es un artista en el sentido m\u00e1s b\u00e1sico: la forma sigue a la funci\u00f3n, y sus cuchillos reflejan una notable comprensi\u00f3n de ambas.<\/strong><\/p>\n<p>&nbsp;<\/p>\n","protected":false},"featured_media":325678,"comment_status":"open","ping_status":"closed","template":"","meta":[],"pwb-brand":[3765],"product_brand":[],"product_cat":[3730,3726],"product_tag":[3756],"class_list":{"0":"post-325677","1":"product","2":"type-product","3":"status-publish","4":"has-post-thumbnail","6":"pwb-brand-crkt-es","7":"product_cat-cuchillas-de-cierre","8":"product_cat-cuchillos","9":"product_tag-b2b-es","11":"first","12":"instock","13":"taxable","14":"shipping-taxable","15":"purchasable","16":"product-type-simple"},"brands":[{"id":3765,"name":"CRKT","slug":"crkt-es"}],"_links":{"self":[{"href":"https:\/\/www.moskito.cz\/es\/wp-json\/wp\/v2\/product\/325677","targetHints":{"allow":["GET"]}}],"collection":[{"href":"https:\/\/www.moskito.cz\/es\/wp-json\/wp\/v2\/product"}],"about":[{"href":"https:\/\/www.moskito.cz\/es\/wp-json\/wp\/v2\/types\/product"}],"replies":[{"embeddable":true,"href":"https:\/\/www.moskito.cz\/es\/wp-json\/wp\/v2\/comments?post=325677"}],"wp:featuredmedia":[{"embeddable":true,"href":"https:\/\/www.moskito.cz\/es\/wp-json\/wp\/v2\/media\/325678"}],"wp:attachment":[{"href":"https:\/\/www.moskito.cz\/es\/wp-json\/wp\/v2\/media?parent=325677"}],"wp:term":[{"taxonomy":"pwb-brand","embeddable":true,"href":"https:\/\/www.moskito.cz\/es\/wp-json\/wp\/v2\/pwb-brand?post=325677"},{"taxonomy":"product_brand","embeddable":true,"href":"https:\/\/www.moskito.cz\/es\/wp-json\/wp\/v2\/product_brand?post=325677"},{"taxonomy":"product_cat","embeddable":true,"href":"https:\/\/www.moskito.cz\/es\/wp-json\/wp\/v2\/product_cat?post=325677"},{"taxonomy":"product_tag","embeddable":true,"href":"https:\/\/www.moskito.cz\/es\/wp-json\/wp\/v2\/product_tag?post=325677"}],"curies":[{"name":"wp","href":"https:\/\/api.w.org\/{rel}","templated":true}]}}