{"id":325740,"date":"2022-09-26T19:44:46","date_gmt":"2024-04-05T09:47:42","guid":{"rendered":"https:\/\/www.moskito.cz\/produkt\/cuchillo-cerrador-crkt-fossil-compact-5460\/"},"modified":"2025-05-07T11:08:30","modified_gmt":"2025-05-07T10:08:30","slug":"cuchillo-cerrador-crkt-fossil-compact-5460","status":"publish","type":"product","link":"https:\/\/www.moskito.cz\/es\/produkt\/cuchillo-cerrador-crkt-fossil-compact-5460\/","title":{"rendered":"Cuchillo Cerrador CRKT FOSSIL COMPACT 5460"},"content":{"rendered":"<p>Cuchillo Cerrador <strong>CRKT<\/strong> FOSSIL COMPACT 5460.<\/p>\n<p>Todos tus otros cuchillos elegantes desaparecer\u00e1n.<\/p>\n<p>Es un cuchillo que se remonta a otra \u00e9poca. Pero con un mango forjado en dos tonos y un sistema de pasador con rodamiento de bolas IKBS\u2122, este nunca pasar\u00e1 de moda, especialmente cuando se trata de cortar.<\/p>\n<p>Fossil\u2122 combina lo mejor del dise\u00f1ador Flavio Ikoma de Presidente Prudente, Brasil. Con detalles de estilo que se encuentran en sus modelos anteriores Sampa\u2122 y Carajas\u2122, sube la apuesta y crea una pieza que es inconfundiblemente Ikoma, pero claramente una nueva generaci\u00f3n de tabla plegable EDC.<\/p>\n<p>El cuchillo tiene un aspecto prehist\u00f3rico \u00fanico. Pero hace el trabajo como un T-rex con esteroides de acero inoxidable gracias a la hoja hueca de 3.410 \u201dcon punto de ca\u00edda.<\/p>\n<p>Esta navaja de bolsillo de aspecto \u00fanico cuenta con un sistema de pivote con rodamiento de bolas IKBS\u2122 combinado con una aleta de apertura para un despliegue r\u00e1pido y suave de la hoja. El corte para el pulgar en la hoja le brinda una segunda opci\u00f3n para abrir el cuchillo. La aleta tambi\u00e9n se transforma en una hermosa protecci\u00f3n para los dedos cuando la hoja est\u00e1 abierta. En el departamento de caracter\u00edsticas, es la supervivencia del m\u00e1s fuerte.<\/p>\n<p>Si bien Fossil\u2122 es duro por dentro, es magn\u00edfico por fuera. Los mangos est\u00e1n hechos de acero inoxidable con una superficie martillada \u00fanica. Las superposiciones moldeadas de agarre multicolor hacen que el G10 parezca un caim\u00e1n. Pero la hoja no se caer\u00e1 ni te morder\u00e1 en la posici\u00f3n abierta gracias al bloqueo del marco.<\/p>\n<p>ESPECIFICACIONES<br \/>\nLongitud de la hoja 3,41&#8243; (86,61 mm)<br \/>\nHoja de hoja Lisa<br \/>\nHoja de acero 8Cr13MoV<br \/>\nTratamiento superficial de la hoja Satinado<br \/>\nGrosor de la hoja 0,11&#8243; (2,79 mm)<br \/>\nLongitud total 7,69&#8243; (195,33 mm)<br \/>\nLongitud cerrada 4,31&#8243; (109,47 mm)<br \/>\nPeso 4,10 oz (116,23 g)<br \/>\nMango de acero inoxidable con revestimiento G10.<br \/>\nEstilo Navaja plegable con bloqueo de marco.<\/p>\n<p><iframe title=\"CRKT Fossil Knife Overview | by Flavio Ikoma\" width=\"800\" height=\"450\" src=\"https:\/\/www.youtube.com\/embed\/jWzo_Ikvh0g?feature=oembed\" frameborder=\"0\" allow=\"accelerometer; autoplay; clipboard-write; encrypted-media; gyroscope; picture-in-picture; web-share\" referrerpolicy=\"strict-origin-when-cross-origin\" allowfullscreen><\/iframe><\/p>\n<p>&nbsp;<\/p>\n<p>&nbsp;<\/p>\n","protected":false},"excerpt":{"rendered":"<p>Dise\u00f1ado por Flavio Ikoma en Presidente Prudente, Brasil.<\/p>\n","protected":false},"featured_media":325741,"comment_status":"open","ping_status":"closed","template":"","meta":[],"pwb-brand":[3765],"product_brand":[],"product_cat":[3730,3726],"product_tag":[3756],"class_list":{"0":"post-325740","1":"product","2":"type-product","3":"status-publish","4":"has-post-thumbnail","6":"pwb-brand-crkt-es","7":"product_cat-cuchillas-de-cierre","8":"product_cat-cuchillos","9":"product_tag-b2b-es","11":"first","12":"instock","13":"taxable","14":"shipping-taxable","15":"purchasable","16":"product-type-simple"},"brands":[{"id":3765,"name":"CRKT","slug":"crkt-es"}],"_links":{"self":[{"href":"https:\/\/www.moskito.cz\/es\/wp-json\/wp\/v2\/product\/325740","targetHints":{"allow":["GET"]}}],"collection":[{"href":"https:\/\/www.moskito.cz\/es\/wp-json\/wp\/v2\/product"}],"about":[{"href":"https:\/\/www.moskito.cz\/es\/wp-json\/wp\/v2\/types\/product"}],"replies":[{"embeddable":true,"href":"https:\/\/www.moskito.cz\/es\/wp-json\/wp\/v2\/comments?post=325740"}],"wp:featuredmedia":[{"embeddable":true,"href":"https:\/\/www.moskito.cz\/es\/wp-json\/wp\/v2\/media\/325741"}],"wp:attachment":[{"href":"https:\/\/www.moskito.cz\/es\/wp-json\/wp\/v2\/media?parent=325740"}],"wp:term":[{"taxonomy":"pwb-brand","embeddable":true,"href":"https:\/\/www.moskito.cz\/es\/wp-json\/wp\/v2\/pwb-brand?post=325740"},{"taxonomy":"product_brand","embeddable":true,"href":"https:\/\/www.moskito.cz\/es\/wp-json\/wp\/v2\/product_brand?post=325740"},{"taxonomy":"product_cat","embeddable":true,"href":"https:\/\/www.moskito.cz\/es\/wp-json\/wp\/v2\/product_cat?post=325740"},{"taxonomy":"product_tag","embeddable":true,"href":"https:\/\/www.moskito.cz\/es\/wp-json\/wp\/v2\/product_tag?post=325740"}],"curies":[{"name":"wp","href":"https:\/\/api.w.org\/{rel}","templated":true}]}}