{"id":325895,"date":"2022-08-17T21:12:56","date_gmt":"2024-04-05T11:20:26","guid":{"rendered":"https:\/\/www.moskito.cz\/produkt\/cuchillo-de-cierre-crkt-m21-12g\/"},"modified":"2025-05-07T11:08:33","modified_gmt":"2025-05-07T10:08:33","slug":"cuchillo-de-cierre-crkt-m21-12g","status":"publish","type":"product","link":"https:\/\/www.moskito.cz\/es\/produkt\/cuchillo-de-cierre-crkt-m21-12g\/","title":{"rendered":"Cuchillo de cierre CRKT M21-12G"},"content":{"rendered":"<p>Cuchillo de cierre <strong>CRKT<\/strong> M21-12G.<\/p>\n<p>Comenz\u00f3 como una lista de deseos navide\u00f1os.<\/p>\n<p>\u00bfQu\u00e9 pasar\u00eda si pudi\u00e9ramos construir la serie M21\u2122 de Kit Carson exactamente como lo har\u00eda un fabricante de cuchillos personalizado: con una construcci\u00f3n de acero inoxidable G10 e InterFrame y una hoja de acero inoxidable recubierta de nitruro de titanio de primera calidad? \u00bfY si pudi\u00e9ramos ofrecerlo a un precio muy competitivo? Como un ni\u00f1o el d\u00eda de Navidad, obtuvimos todo lo que quer\u00edamos. Y t\u00fa tambi\u00e9n puedes.<br \/>\nSeguridad de inserci\u00f3n autom\u00e1tica<br \/>\nApertura de la aleta Carson<br \/>\nDentados Veff\u2122<\/p>\n<p>ESPECIFICACIONES<br \/>\nLongitud de la hoja 3,11&#8243; (79,10 mm)<br \/>\nFilo de hoja Veff Serrations\u2122<br \/>\nHoja de acero 1.4116<br \/>\nTratamiento de la superficie de la hoja Recubrimiento de tefl\u00f3n<br \/>\nGrosor de la hoja 0,12&#8243; (3,00 mm)<br \/>\nLongitud total 7,38&#8243; (187,33 mm)<br \/>\nLongitud cerrada 4,24&#8243; (107,67 mm)<br \/>\nPeso 3,70 oz (104,89 g)<br \/>\nmango G10<br \/>\nNavaja plegable estilo con bloqueo para revestimiento<\/p>\n","protected":false},"excerpt":{"rendered":"<p>Dise\u00f1ado por Kit Carson en Vine Grove, Kentucky.<\/p>\n","protected":false},"featured_media":325896,"comment_status":"open","ping_status":"closed","template":"","meta":[],"pwb-brand":[3765],"product_brand":[],"product_cat":[3730,3726],"product_tag":[3756],"class_list":{"0":"post-325895","1":"product","2":"type-product","3":"status-publish","4":"has-post-thumbnail","6":"pwb-brand-crkt-es","7":"product_cat-cuchillas-de-cierre","8":"product_cat-cuchillos","9":"product_tag-b2b-es","11":"first","12":"outofstock","13":"sale","14":"taxable","15":"shipping-taxable","16":"purchasable","17":"product-type-simple"},"brands":[{"id":3765,"name":"CRKT","slug":"crkt-es"}],"_links":{"self":[{"href":"https:\/\/www.moskito.cz\/es\/wp-json\/wp\/v2\/product\/325895","targetHints":{"allow":["GET"]}}],"collection":[{"href":"https:\/\/www.moskito.cz\/es\/wp-json\/wp\/v2\/product"}],"about":[{"href":"https:\/\/www.moskito.cz\/es\/wp-json\/wp\/v2\/types\/product"}],"replies":[{"embeddable":true,"href":"https:\/\/www.moskito.cz\/es\/wp-json\/wp\/v2\/comments?post=325895"}],"wp:featuredmedia":[{"embeddable":true,"href":"https:\/\/www.moskito.cz\/es\/wp-json\/wp\/v2\/media\/325896"}],"wp:attachment":[{"href":"https:\/\/www.moskito.cz\/es\/wp-json\/wp\/v2\/media?parent=325895"}],"wp:term":[{"taxonomy":"pwb-brand","embeddable":true,"href":"https:\/\/www.moskito.cz\/es\/wp-json\/wp\/v2\/pwb-brand?post=325895"},{"taxonomy":"product_brand","embeddable":true,"href":"https:\/\/www.moskito.cz\/es\/wp-json\/wp\/v2\/product_brand?post=325895"},{"taxonomy":"product_cat","embeddable":true,"href":"https:\/\/www.moskito.cz\/es\/wp-json\/wp\/v2\/product_cat?post=325895"},{"taxonomy":"product_tag","embeddable":true,"href":"https:\/\/www.moskito.cz\/es\/wp-json\/wp\/v2\/product_tag?post=325895"}],"curies":[{"name":"wp","href":"https:\/\/api.w.org\/{rel}","templated":true}]}}