{"id":325947,"date":"2021-07-29T19:01:25","date_gmt":"2024-04-05T11:28:18","guid":{"rendered":"https:\/\/www.moskito.cz\/produkt\/cuchillo-de-cierre-crkt-m16-01ks\/"},"modified":"2025-05-07T11:08:34","modified_gmt":"2025-05-07T10:08:34","slug":"cuchillo-de-cierre-crkt-m16-01ks","status":"publish","type":"product","link":"https:\/\/www.moskito.cz\/es\/produkt\/cuchillo-de-cierre-crkt-m16-01ks\/","title":{"rendered":"Cuchillo de cierre CRKT M16-01KS"},"content":{"rendered":"<p>Cuchillo de cierre <strong>CRKT<\/strong> M16-01KS.<\/p>\n<p>Dise\u00f1ado por Kit Carson en Vine Grove, Kentucky<br \/>\nLa serie M16 \u2013SS EDC: una plataforma de dise\u00f1o de cuchillo probado que es simple, duradera y asequible.<\/p>\n<p>Si eres fan\u00e1tico de las navajas t\u00e1cticas plegables M16 dise\u00f1adas por Kit Carson, querr\u00e1s ver estas variantes de acero inoxidable (SS).<br \/>\nBloqueo de marco<br \/>\nMangos de acero inoxidable<br \/>\nRecubrimiento EDP negro resistente a la corrosi\u00f3n<\/p>\n<p>ESPECIFICACIONES<br \/>\nLongitud de la hoja 3,06&#8243; (77,72 mm)<br \/>\nBorde de hoja simple<br \/>\nHoja de acero 8Cr14MoV<br \/>\nTerminando la hoja EDP<br \/>\nGrosor de la hoja 0,49&#8243; (2,49 mm)<br \/>\nLongitud total 7,13&#8243; (181,10 mm)<br \/>\nLongitud cerrada 4,00&#8243; (101,60 mm)<br \/>\nPeso 2,60 onzas. (73,71 gramos)<br \/>\nMango de acero inoxidable<br \/>\nEstilo Navaja plegable con bloqueo de marco.<\/p>\n<p><strong>CRKT\u00ae<\/strong> (Columbia River Knife and Tool\u00ae) fue fundada en 1994. Desde el primer d\u00eda, ha dado prioridad a la innovaci\u00f3n y la integridad. Est\u00e1 comprometido a fabricar cuchillos y herramientas que inspiren y duren. Trabaja con los mejores dise\u00f1adores del mundo y trabaja seg\u00fan un principio simple: que lo mejor que puede ofrecer a los clientes es confianza en sus manos.<\/p>\n<p><iframe title=\"M16-01KZ EDC Knife | by Kit Carson\" width=\"800\" height=\"450\" src=\"https:\/\/www.youtube.com\/embed\/LEYJQ9xC1IQ?feature=oembed\" frameborder=\"0\" allow=\"accelerometer; autoplay; clipboard-write; encrypted-media; gyroscope; picture-in-picture; web-share\" referrerpolicy=\"strict-origin-when-cross-origin\" allowfullscreen><\/iframe><\/p>\n<p>&nbsp;<\/p>\n","protected":false},"excerpt":{"rendered":"<p>Dise\u00f1ado por Kit Carson en Vine Grove, Kentucky.<\/p>\n","protected":false},"featured_media":325948,"comment_status":"open","ping_status":"closed","template":"","meta":[],"pwb-brand":[3765],"product_brand":[],"product_cat":[3730,3726],"product_tag":[3756],"class_list":{"0":"post-325947","1":"product","2":"type-product","3":"status-publish","4":"has-post-thumbnail","6":"pwb-brand-crkt-es","7":"product_cat-cuchillas-de-cierre","8":"product_cat-cuchillos","9":"product_tag-b2b-es","11":"first","12":"outofstock","13":"taxable","14":"shipping-taxable","15":"purchasable","16":"product-type-simple"},"brands":[{"id":3765,"name":"CRKT","slug":"crkt-es"}],"_links":{"self":[{"href":"https:\/\/www.moskito.cz\/es\/wp-json\/wp\/v2\/product\/325947","targetHints":{"allow":["GET"]}}],"collection":[{"href":"https:\/\/www.moskito.cz\/es\/wp-json\/wp\/v2\/product"}],"about":[{"href":"https:\/\/www.moskito.cz\/es\/wp-json\/wp\/v2\/types\/product"}],"replies":[{"embeddable":true,"href":"https:\/\/www.moskito.cz\/es\/wp-json\/wp\/v2\/comments?post=325947"}],"wp:featuredmedia":[{"embeddable":true,"href":"https:\/\/www.moskito.cz\/es\/wp-json\/wp\/v2\/media\/325948"}],"wp:attachment":[{"href":"https:\/\/www.moskito.cz\/es\/wp-json\/wp\/v2\/media?parent=325947"}],"wp:term":[{"taxonomy":"pwb-brand","embeddable":true,"href":"https:\/\/www.moskito.cz\/es\/wp-json\/wp\/v2\/pwb-brand?post=325947"},{"taxonomy":"product_brand","embeddable":true,"href":"https:\/\/www.moskito.cz\/es\/wp-json\/wp\/v2\/product_brand?post=325947"},{"taxonomy":"product_cat","embeddable":true,"href":"https:\/\/www.moskito.cz\/es\/wp-json\/wp\/v2\/product_cat?post=325947"},{"taxonomy":"product_tag","embeddable":true,"href":"https:\/\/www.moskito.cz\/es\/wp-json\/wp\/v2\/product_tag?post=325947"}],"curies":[{"name":"wp","href":"https:\/\/api.w.org\/{rel}","templated":true}]}}