{"id":325960,"date":"2021-07-31T19:49:52","date_gmt":"2021-07-31T18:49:52","guid":{"rendered":"https:\/\/www.moskito.cz\/produkt\/cuchillo-de-cierre-crkt-pilar\/"},"modified":"2025-05-07T11:08:34","modified_gmt":"2025-05-07T10:08:34","slug":"cuchillo-de-cierre-crkt-pilar","status":"publish","type":"product","link":"https:\/\/www.moskito.cz\/es\/produkt\/cuchillo-de-cierre-crkt-pilar\/","title":{"rendered":"Cuchillo de cierre CRKT PILAR"},"content":{"rendered":"<p>Cuchillo de cierre <strong>CRKT<\/strong> PILAR.<\/p>\n<p>Dise\u00f1ado por Jesper Voxnaes en Loegstrup, Dinamarca<br \/>\nDonde el dise\u00f1o m\u00ednimo se encuentra con la m\u00e1xima utilidad.<\/p>\n<p>Pilar\u00ae es una navaja s\u00faper compacta para uso diario con un llamativo dise\u00f1o minimalista y una historia \u00e9pica detr\u00e1s de su nombre. Es discreto y discreto cuando est\u00e1 metido, y est\u00e1 cuidadosamente dise\u00f1ado para superar su peso cuando se usa.<br \/>\nPoner la hoja en el pulgar.<br \/>\nAcabado de hoja satinada<br \/>\nTratamiento superficial del mango.<\/p>\n<p>ESPECIFICACIONES<br \/>\nLongitud de la hoja 2,40&#8243; (61,01 mm)<br \/>\nBorde de hoja simple<br \/>\nHoja de acero 8Cr13MoV<br \/>\nAcabado de hoja satinada<br \/>\nGrosor de la hoja 0,68 pulg. (3,68 mm)<br \/>\nLongitud total 5,94&#8243; (150,83 mm)<br \/>\nLongitud cerrada 3,53 pulg. (89,66 mm)<br \/>\nPeso 4,20 onzas. (119,07 g)<br \/>\nMango de acero inoxidable<br \/>\nEstilo Navaja plegable con bloqueo de marco.<\/p>\n<p><strong>CRKT\u00ae<\/strong> (Columbia River Knife and Tool\u00ae) fue fundada en 1994. Desde el primer d\u00eda, ha dado prioridad a la innovaci\u00f3n y la integridad. Est\u00e1 comprometido a fabricar cuchillos y herramientas que inspiren y duren. Trabaja con los mejores dise\u00f1adores del mundo y trabaja seg\u00fan un principio simple: que lo mejor que puede ofrecer a los clientes es confianza en sus manos.<\/p>\n","protected":false},"excerpt":{"rendered":"<p>Navaja con bloqueo con seguridad y clip para transporte.<\/p>\n","protected":false},"featured_media":325962,"comment_status":"open","ping_status":"closed","template":"","meta":[],"pwb-brand":[3765],"product_brand":[],"product_cat":[3730,3726],"product_tag":[3756],"class_list":{"0":"post-325960","1":"product","2":"type-product","3":"status-publish","4":"has-post-thumbnail","6":"pwb-brand-crkt-es","7":"product_cat-cuchillas-de-cierre","8":"product_cat-cuchillos","9":"product_tag-b2b-es","11":"first","12":"outofstock","13":"taxable","14":"shipping-taxable","15":"purchasable","16":"product-type-simple"},"brands":[{"id":3765,"name":"CRKT","slug":"crkt-es"}],"_links":{"self":[{"href":"https:\/\/www.moskito.cz\/es\/wp-json\/wp\/v2\/product\/325960","targetHints":{"allow":["GET"]}}],"collection":[{"href":"https:\/\/www.moskito.cz\/es\/wp-json\/wp\/v2\/product"}],"about":[{"href":"https:\/\/www.moskito.cz\/es\/wp-json\/wp\/v2\/types\/product"}],"replies":[{"embeddable":true,"href":"https:\/\/www.moskito.cz\/es\/wp-json\/wp\/v2\/comments?post=325960"}],"wp:featuredmedia":[{"embeddable":true,"href":"https:\/\/www.moskito.cz\/es\/wp-json\/wp\/v2\/media\/325962"}],"wp:attachment":[{"href":"https:\/\/www.moskito.cz\/es\/wp-json\/wp\/v2\/media?parent=325960"}],"wp:term":[{"taxonomy":"pwb-brand","embeddable":true,"href":"https:\/\/www.moskito.cz\/es\/wp-json\/wp\/v2\/pwb-brand?post=325960"},{"taxonomy":"product_brand","embeddable":true,"href":"https:\/\/www.moskito.cz\/es\/wp-json\/wp\/v2\/product_brand?post=325960"},{"taxonomy":"product_cat","embeddable":true,"href":"https:\/\/www.moskito.cz\/es\/wp-json\/wp\/v2\/product_cat?post=325960"},{"taxonomy":"product_tag","embeddable":true,"href":"https:\/\/www.moskito.cz\/es\/wp-json\/wp\/v2\/product_tag?post=325960"}],"curies":[{"name":"wp","href":"https:\/\/api.w.org\/{rel}","templated":true}]}}