{"id":325975,"date":"2022-08-15T20:19:10","date_gmt":"2024-04-05T11:32:18","guid":{"rendered":"https:\/\/www.moskito.cz\/produkt\/cuchillo-cerrador-crkt-calamar-negro-con-hoja-d2-acero-2490ks\/"},"modified":"2025-05-07T11:08:35","modified_gmt":"2025-05-07T10:08:35","slug":"cuchillo-cerrador-crkt-calamar-negro-con-hoja-d2-acero-2490ks","status":"publish","type":"product","link":"https:\/\/www.moskito.cz\/es\/produkt\/cuchillo-cerrador-crkt-calamar-negro-con-hoja-d2-acero-2490ks\/","title":{"rendered":"Cuchillo cerrador CRKT CALAMAR NEGRO CON HOJA D2 ACERO 2490KS"},"content":{"rendered":"<p>Cuchillo cerrador <strong>CRKT<\/strong> CALAMAR NEGRO CON HOJA D2 ACERO 2490KS<\/p>\n<p>Dise\u00f1ado por Burnley y disponible exclusivamente en CRKT.com, este cuchillo de uso diario es compacto en tama\u00f1o pero tiene un gran impacto en el departamento de caracter\u00edsticas.<\/p>\n<p>Este cuchillo viene con una hoja de acero D2 escalonada, mango negro Stonewash, bloqueo del marco para mayor seguridad y ranuras de fricci\u00f3n de la hoja con punto de ca\u00edda para un agarre seguro. Ten cuidado hacia donde lo apuntas.<br \/>\nExclusivo de CRKT.com<br \/>\nAcero D2 con acabado Black Stonewash<br \/>\nBloqueo de marco<br \/>\nMangos de acero inoxidable<br \/>\nClip de bolsillo de perfil bajo<br \/>\nOrificio para cord\u00f3n para llavero o colgante adicional<\/p>\n<p>ESPECIFICACIONES<br \/>\nLongitud de la hoja 2,16&#8243; (54,76 mm)<br \/>\nHoja de hoja Lisa<br \/>\nHoja de acero D2<br \/>\nAcabado de la hoja lavado a la piedra<br \/>\nGrosor de la hoja 0,11&#8243; (2,79 mm)<br \/>\nLongitud total 5,70&#8243; (144,81 mm)<br \/>\nLongitud cerrada 4,49&#8243; (114,05 mm)<br \/>\nPeso 3,50 oz (99,22 g)<br \/>\nMango de acero inoxidable<br \/>\nEstilo Navaja plegable con bloqueo de marco.<\/p>\n<p><iframe title=\"CRKT Squid Knife | by Lucas Burnley\" width=\"800\" height=\"450\" src=\"https:\/\/www.youtube.com\/embed\/sBalyySsT7c?feature=oembed\" frameborder=\"0\" allow=\"accelerometer; autoplay; clipboard-write; encrypted-media; gyroscope; picture-in-picture; web-share\" referrerpolicy=\"strict-origin-when-cross-origin\" allowfullscreen><\/iframe><\/p>\n<p>&nbsp;<\/p>\n<p>&nbsp;<\/p>\n","protected":false},"excerpt":{"rendered":"<p>Dise\u00f1ado por Lucas Burnley en Bend, Oreg\u00f3n<\/p>\n","protected":false},"featured_media":325976,"comment_status":"open","ping_status":"closed","template":"","meta":[],"pwb-brand":[3765],"product_brand":[],"product_cat":[3730,3726],"product_tag":[3756],"class_list":{"0":"post-325975","1":"product","2":"type-product","3":"status-publish","4":"has-post-thumbnail","6":"pwb-brand-crkt-es","7":"product_cat-cuchillas-de-cierre","8":"product_cat-cuchillos","9":"product_tag-b2b-es","11":"first","12":"instock","13":"taxable","14":"shipping-taxable","15":"purchasable","16":"product-type-simple"},"brands":[{"id":3765,"name":"CRKT","slug":"crkt-es"}],"_links":{"self":[{"href":"https:\/\/www.moskito.cz\/es\/wp-json\/wp\/v2\/product\/325975","targetHints":{"allow":["GET"]}}],"collection":[{"href":"https:\/\/www.moskito.cz\/es\/wp-json\/wp\/v2\/product"}],"about":[{"href":"https:\/\/www.moskito.cz\/es\/wp-json\/wp\/v2\/types\/product"}],"replies":[{"embeddable":true,"href":"https:\/\/www.moskito.cz\/es\/wp-json\/wp\/v2\/comments?post=325975"}],"wp:featuredmedia":[{"embeddable":true,"href":"https:\/\/www.moskito.cz\/es\/wp-json\/wp\/v2\/media\/325976"}],"wp:attachment":[{"href":"https:\/\/www.moskito.cz\/es\/wp-json\/wp\/v2\/media?parent=325975"}],"wp:term":[{"taxonomy":"pwb-brand","embeddable":true,"href":"https:\/\/www.moskito.cz\/es\/wp-json\/wp\/v2\/pwb-brand?post=325975"},{"taxonomy":"product_brand","embeddable":true,"href":"https:\/\/www.moskito.cz\/es\/wp-json\/wp\/v2\/product_brand?post=325975"},{"taxonomy":"product_cat","embeddable":true,"href":"https:\/\/www.moskito.cz\/es\/wp-json\/wp\/v2\/product_cat?post=325975"},{"taxonomy":"product_tag","embeddable":true,"href":"https:\/\/www.moskito.cz\/es\/wp-json\/wp\/v2\/product_tag?post=325975"}],"curies":[{"name":"wp","href":"https:\/\/api.w.org\/{rel}","templated":true}]}}