{"id":326045,"date":"2022-08-19T20:28:09","date_gmt":"2024-04-05T11:37:57","guid":{"rendered":"https:\/\/www.moskito.cz\/produkt\/cuchillo-de-cierre-crkt-m16-02ss\/"},"modified":"2025-05-07T11:08:36","modified_gmt":"2025-05-07T10:08:36","slug":"cuchillo-de-cierre-crkt-m16-02ss","status":"publish","type":"product","link":"https:\/\/www.moskito.cz\/es\/produkt\/cuchillo-de-cierre-crkt-m16-02ss\/","title":{"rendered":"Cuchillo de cierre CRKT M16-02SS"},"content":{"rendered":"<p>Cuchillo de cierre <strong>CRKT<\/strong> M16-02SS.<\/p>\n<p>Un regreso cl\u00e1sico. El popular dise\u00f1o M16\u00ae del difunto Kit Carson regresa con una serie de acero inoxidable. Estas tres versiones ofrecen a\u00fan m\u00e1s rendimiento y funcionalidad que antes y ofrecen una variedad de tama\u00f1os y dise\u00f1os de hojas, para que pueda elegir cu\u00e1l se adapta mejor a sus necesidades. El M16\u00ae-02SS conserva todas las caracter\u00edsticas populares de la gama de componentes t\u00e1cticos de Kit, que han sido redise\u00f1ados para el transporte diario, a\u00f1adiendo a\u00fan m\u00e1s potencia y rendimiento a la mezcla. Fabricada con tanto, una hoja Sandvik 12C27\u2122 de alta calidad para una retenci\u00f3n superior de los bordes, est\u00e1 acabada con un acabado perlado para reducir los brillos o reflejos no deseados. Proveniente de un verdadero cl\u00e1sico, el acero inoxidable M16\u00ae-02SS es un calibre de retorno completamente diferente.<\/p>\n<p>ESPECIFICACIONES<br \/>\nLongitud de la hoja 3,06&#8243; (77,83 mm)<br \/>\nHoja de hoja Lisa<br \/>\nHoja acero 12C27 Sandvik<br \/>\nAcabado de la superficie de la hoja Granallado<br \/>\nGrosor de la hoja 0,12&#8243; (2,92 mm)<br \/>\nLongitud total 7,38&#8243; (187,33 mm)<br \/>\nLongitud cerrada 4,25&#8243; (108,00 mm)<br \/>\nPeso 3,60 oz (102,06 g)<br \/>\nMango de acero inoxidable<br \/>\nEstilo Navaja plegable con bloqueo de marco.<\/p>\n<p><iframe title=\"CRKT M16\u00ae-02SS | Kit Carson Design\" width=\"800\" height=\"450\" src=\"https:\/\/www.youtube.com\/embed\/iekqTraZ52A?feature=oembed\" frameborder=\"0\" allow=\"accelerometer; autoplay; clipboard-write; encrypted-media; gyroscope; picture-in-picture; web-share\" referrerpolicy=\"strict-origin-when-cross-origin\" allowfullscreen><\/iframe><\/p>\n<p>&nbsp;<\/p>\n","protected":false},"excerpt":{"rendered":"<p>Dise\u00f1ado por Kit Carson en Vine Grove, Kentucky.<\/p>\n","protected":false},"featured_media":326046,"comment_status":"open","ping_status":"closed","template":"","meta":[],"pwb-brand":[3765],"product_brand":[],"product_cat":[3730,3726],"product_tag":[3756],"class_list":{"0":"post-326045","1":"product","2":"type-product","3":"status-publish","4":"has-post-thumbnail","6":"pwb-brand-crkt-es","7":"product_cat-cuchillas-de-cierre","8":"product_cat-cuchillos","9":"product_tag-b2b-es","11":"first","12":"outofstock","13":"taxable","14":"shipping-taxable","15":"purchasable","16":"product-type-simple"},"brands":[{"id":3765,"name":"CRKT","slug":"crkt-es"}],"_links":{"self":[{"href":"https:\/\/www.moskito.cz\/es\/wp-json\/wp\/v2\/product\/326045","targetHints":{"allow":["GET"]}}],"collection":[{"href":"https:\/\/www.moskito.cz\/es\/wp-json\/wp\/v2\/product"}],"about":[{"href":"https:\/\/www.moskito.cz\/es\/wp-json\/wp\/v2\/types\/product"}],"replies":[{"embeddable":true,"href":"https:\/\/www.moskito.cz\/es\/wp-json\/wp\/v2\/comments?post=326045"}],"wp:featuredmedia":[{"embeddable":true,"href":"https:\/\/www.moskito.cz\/es\/wp-json\/wp\/v2\/media\/326046"}],"wp:attachment":[{"href":"https:\/\/www.moskito.cz\/es\/wp-json\/wp\/v2\/media?parent=326045"}],"wp:term":[{"taxonomy":"pwb-brand","embeddable":true,"href":"https:\/\/www.moskito.cz\/es\/wp-json\/wp\/v2\/pwb-brand?post=326045"},{"taxonomy":"product_brand","embeddable":true,"href":"https:\/\/www.moskito.cz\/es\/wp-json\/wp\/v2\/product_brand?post=326045"},{"taxonomy":"product_cat","embeddable":true,"href":"https:\/\/www.moskito.cz\/es\/wp-json\/wp\/v2\/product_cat?post=326045"},{"taxonomy":"product_tag","embeddable":true,"href":"https:\/\/www.moskito.cz\/es\/wp-json\/wp\/v2\/product_tag?post=326045"}],"curies":[{"name":"wp","href":"https:\/\/api.w.org\/{rel}","templated":true}]}}