{"id":326087,"date":"2021-07-29T19:49:21","date_gmt":"2021-07-29T18:49:21","guid":{"rendered":"https:\/\/www.moskito.cz\/produkt\/cuchillo-de-cierre-crkt-m16-02ks\/"},"modified":"2025-05-07T11:08:37","modified_gmt":"2025-05-07T10:08:37","slug":"cuchillo-de-cierre-crkt-m16-02ks","status":"publish","type":"product","link":"https:\/\/www.moskito.cz\/es\/produkt\/cuchillo-de-cierre-crkt-m16-02ks\/","title":{"rendered":"Cuchillo de cierre CRKT M16-02KS"},"content":{"rendered":"<p>Cuchillo de cierre <strong>CRKT<\/strong> M16-02KS.<\/p>\n<p>Dise\u00f1ado por Kit Carson en Vine Grove, Kentucky<br \/>\nHomenaje: Pagado. El M16\u00ae es la l\u00ednea m\u00e1s popular que CRKT\u00ae haya visto jam\u00e1s. Gracias al venerado Kit Carson, nos sentimos honrados con esta nueva versi\u00f3n con bloqueo de marco de la legendaria navaja plegable de inspiraci\u00f3n t\u00e1ctica para uso diario. Esto es m\u00e1s que una simple versi\u00f3n de un cl\u00e1sico. Es un homenaje a uno de los grandes.<br \/>\nApertura de Carson Flipper<br \/>\nBloqueo de marco<br \/>\nMangos de acero inoxidable<\/p>\n<p>ESPECIFICACIONES<br \/>\nLongitud de la hoja 3,06&#8243; (77,65 mm)<br \/>\nBorde de hoja simple<br \/>\nHoja acero 12C27 Sandvik<br \/>\nCompletando la hoja de ox\u00edgeno<br \/>\nGrosor de la hoja 0,12&#8243; (2,97 mm)<br \/>\nLongitud total 7,31&#8243; (185,75 mm)<br \/>\nLongitud cerrada 4,30&#8243; (109,19 mm)<br \/>\nPeso 3,70 onzas. (104,89 g)<br \/>\nMango 2Cr13<br \/>\nEstilo Navaja plegable con bloqueo de marco.<\/p>\n<p><strong>CRKT\u00ae<\/strong> (Columbia River Knife and Tool\u00ae) fue fundada en 1994. Desde el primer d\u00eda, ha dado prioridad a la innovaci\u00f3n y la integridad. Est\u00e1 comprometido a fabricar cuchillos y herramientas que inspiren y duren. Trabaja con los mejores dise\u00f1adores del mundo y trabaja seg\u00fan un principio simple: que lo mejor que puede ofrecer a los clientes es confianza en sus manos.<\/p>\n","protected":false},"excerpt":{"rendered":"<p>Dise\u00f1ado por Kit Carson en Vine Grove, Kentucky.<\/p>\n","protected":false},"featured_media":326088,"comment_status":"open","ping_status":"closed","template":"","meta":[],"pwb-brand":[3765],"product_brand":[],"product_cat":[3730,3726],"product_tag":[3756],"class_list":{"0":"post-326087","1":"product","2":"type-product","3":"status-publish","4":"has-post-thumbnail","6":"pwb-brand-crkt-es","7":"product_cat-cuchillas-de-cierre","8":"product_cat-cuchillos","9":"product_tag-b2b-es","11":"first","12":"instock","13":"taxable","14":"shipping-taxable","15":"purchasable","16":"product-type-simple"},"brands":[{"id":3765,"name":"CRKT","slug":"crkt-es"}],"_links":{"self":[{"href":"https:\/\/www.moskito.cz\/es\/wp-json\/wp\/v2\/product\/326087","targetHints":{"allow":["GET"]}}],"collection":[{"href":"https:\/\/www.moskito.cz\/es\/wp-json\/wp\/v2\/product"}],"about":[{"href":"https:\/\/www.moskito.cz\/es\/wp-json\/wp\/v2\/types\/product"}],"replies":[{"embeddable":true,"href":"https:\/\/www.moskito.cz\/es\/wp-json\/wp\/v2\/comments?post=326087"}],"wp:featuredmedia":[{"embeddable":true,"href":"https:\/\/www.moskito.cz\/es\/wp-json\/wp\/v2\/media\/326088"}],"wp:attachment":[{"href":"https:\/\/www.moskito.cz\/es\/wp-json\/wp\/v2\/media?parent=326087"}],"wp:term":[{"taxonomy":"pwb-brand","embeddable":true,"href":"https:\/\/www.moskito.cz\/es\/wp-json\/wp\/v2\/pwb-brand?post=326087"},{"taxonomy":"product_brand","embeddable":true,"href":"https:\/\/www.moskito.cz\/es\/wp-json\/wp\/v2\/product_brand?post=326087"},{"taxonomy":"product_cat","embeddable":true,"href":"https:\/\/www.moskito.cz\/es\/wp-json\/wp\/v2\/product_cat?post=326087"},{"taxonomy":"product_tag","embeddable":true,"href":"https:\/\/www.moskito.cz\/es\/wp-json\/wp\/v2\/product_tag?post=326087"}],"curies":[{"name":"wp","href":"https:\/\/api.w.org\/{rel}","templated":true}]}}