{"id":326164,"date":"2022-03-01T20:51:39","date_gmt":"2024-04-05T12:11:33","guid":{"rendered":"https:\/\/www.moskito.cz\/produkt\/cuchillo-de-cierre-giantmouse-ace-sonoma-ti-pvd\/"},"modified":"2025-05-07T11:08:39","modified_gmt":"2025-05-07T10:08:39","slug":"cuchillo-de-cierre-giantmouse-ace-sonoma-ti-pvd","status":"publish","type":"product","link":"https:\/\/www.moskito.cz\/es\/produkt\/cuchillo-de-cierre-giantmouse-ace-sonoma-ti-pvd\/","title":{"rendered":"Cuchillo de cierre GiantMouse ACE SONOMA &#8211; TI PVD"},"content":{"rendered":"<p>Cuchillo de cierre <strong>GiantMouse<\/strong> ACE SONOMA &#8211; TI PVD.<\/p>\n<p>LOS CUCHILLOS ADECUADOS.\u00ae<\/p>\n<p>\u00abSonoma\u00bb es el \u00faltimo dise\u00f1o de nuestra serie ACE de cuchillos de producci\u00f3n ilimitada. Si ha visto fotos de Sonoma en Instagram o Facebook, no deber\u00eda sorprenderle que gran parte de nuestra inspiraci\u00f3n para este modelo proviniera del GiantMouse GM3, una elegante carpeta para hombres que fue muy bien recibida por nuestros clientes en 2017.<\/p>\n<p>Si bien Sonoma es parte de nuestra l\u00ednea ACE, decidimos hacer todo lo posible en este primer lanzamiento de nuestro fabricante m\u00e1s nuevo, Reate Knives. Lo dise\u00f1amos con un cierre esqueletizado de titanio fresado, en lugar del cierre de alambre est\u00e1ndar de la serie ACE, y manguitos giratorios y espaciadores de titanio anodizado similares a los que hicimos en los cuchillos de la serie GM de edici\u00f3n limitada. Dos versiones de Sonoma estar\u00e1n disponibles en el lanzamiento: una en titanio piedra con acabado satinado y otra en titanio PVD con una fina hoja de piedra.<\/p>\n<p>En mayo de 2021, lanzamos el clip de transporte de bolsillo profundo para Titanium Sonoma y, en el futuro, cada clip de Titanium Sonoma vendido incluir\u00e1 este clip como accesorio, por lo que puede cambiar el clip de titanio fresado por un clip de bolsillo profundo seg\u00fan sea necesario. Los clips de transporte de bolsillo profundo est\u00e1n hechos de titanio por Reate Knives.<\/p>\n<p>Nuestra decisi\u00f3n de nombrar esta carpeta es un gui\u00f1o al condado de Sonoma, que se encuentra al norte de la sede original de GiantMouse en el condado de Marin, California. Sonoma es conocida por su belleza esc\u00e9nica: colinas y valles, hect\u00e1reas y hect\u00e1reas de vi\u00f1edos y m\u00e1s de 250 bodegas. Con un paisaje atractivo, junto con una comida y un vino incre\u00edbles que nunca terminan, Sonoma es el lugar perfecto para que el equipo de GiantMouse haga fluir nuestra creatividad.<\/p>\n<p>ESPECIFICACIONES<\/p>\n<p>Materiales:<br \/>\nHoja Acero: Acero inoxidable B\u00f6hler M390 MICROCLEAN. Acabado lavado a la piedra.<br \/>\nMango: Titanio &#8211; PVD Stonewashed.<br \/>\nClip: Titanio fresado.<br \/>\nMecanismo de rotaci\u00f3n: Rodamientos de bolas.<br \/>\nMecanismo de bloqueo: Bloqueo del marco.<\/p>\n<p>Dimensiones:<br \/>\nLongitud de la hoja: 3,4&#8243; (87,3 mm) &#8211; medida desde la punta hasta el frente del marco<br \/>\nGrosor de la hoja: 0,138&#8243; (3,5 mm)<br \/>\nLongitud del mango: 4,5&#8243; (114,3 mm)<br \/>\nLongitud total: 8&#8243; (203,2 mm)<br \/>\nPeso: 3,7 onzas (105 g)<\/p>\n","protected":false},"excerpt":{"rendered":"<p>La idea de <strong>GiantMouse<\/strong> naci\u00f3 mientras tomaban unas copas una noche en el American Knife Show de 2015. Los dise\u00f1adores y cuchillos daneses Jens Ans\u00f8 y Jesper Voxnaes (Vox) decidieron, junto con su amigo empresario estadounidense Jim Wirth, que pod\u00edan construir una trampa para ratones mejor. hablar. Una marca de cuchillos que logra ofrecer dise\u00f1os de cuchillos incre\u00edbles, con la m\u00e1s alta calidad de construcci\u00f3n posible, a un precio justo, mientras se mantiene estrechamente involucrado con su comunidad de clientes.<\/p>\n<p><strong>Transporte gratuito.<\/strong><\/p>\n","protected":false},"featured_media":326165,"comment_status":"open","ping_status":"closed","template":"","meta":[],"pwb-brand":[3805],"product_brand":[],"product_cat":[3730,3726],"product_tag":[],"class_list":{"0":"post-326164","1":"product","2":"type-product","3":"status-publish","4":"has-post-thumbnail","6":"pwb-brand-raton-gigante","7":"product_cat-cuchillas-de-cierre","8":"product_cat-cuchillos","10":"first","11":"instock","12":"taxable","13":"shipping-taxable","14":"purchasable","15":"product-type-simple"},"brands":[{"id":3805,"name":"rat\u00f3n gigante","slug":"raton-gigante"}],"_links":{"self":[{"href":"https:\/\/www.moskito.cz\/es\/wp-json\/wp\/v2\/product\/326164","targetHints":{"allow":["GET"]}}],"collection":[{"href":"https:\/\/www.moskito.cz\/es\/wp-json\/wp\/v2\/product"}],"about":[{"href":"https:\/\/www.moskito.cz\/es\/wp-json\/wp\/v2\/types\/product"}],"replies":[{"embeddable":true,"href":"https:\/\/www.moskito.cz\/es\/wp-json\/wp\/v2\/comments?post=326164"}],"wp:featuredmedia":[{"embeddable":true,"href":"https:\/\/www.moskito.cz\/es\/wp-json\/wp\/v2\/media\/326165"}],"wp:attachment":[{"href":"https:\/\/www.moskito.cz\/es\/wp-json\/wp\/v2\/media?parent=326164"}],"wp:term":[{"taxonomy":"pwb-brand","embeddable":true,"href":"https:\/\/www.moskito.cz\/es\/wp-json\/wp\/v2\/pwb-brand?post=326164"},{"taxonomy":"product_brand","embeddable":true,"href":"https:\/\/www.moskito.cz\/es\/wp-json\/wp\/v2\/product_brand?post=326164"},{"taxonomy":"product_cat","embeddable":true,"href":"https:\/\/www.moskito.cz\/es\/wp-json\/wp\/v2\/product_cat?post=326164"},{"taxonomy":"product_tag","embeddable":true,"href":"https:\/\/www.moskito.cz\/es\/wp-json\/wp\/v2\/product_tag?post=326164"}],"curies":[{"name":"wp","href":"https:\/\/api.w.org\/{rel}","templated":true}]}}