{"id":326217,"date":"2022-09-03T10:32:32","date_gmt":"2024-04-05T12:20:47","guid":{"rendered":"https:\/\/www.moskito.cz\/produkt\/cuchillo-de-cierre-crkt-kith-6433\/"},"modified":"2025-05-07T11:08:40","modified_gmt":"2025-05-07T10:08:40","slug":"cuchillo-de-cierre-crkt-kith-6433","status":"publish","type":"product","link":"https:\/\/www.moskito.cz\/es\/produkt\/cuchillo-de-cierre-crkt-kith-6433\/","title":{"rendered":"Cuchillo de cierre CRKT KITH 6433"},"content":{"rendered":"<p>Cuchillo de cierre <strong>CRKT<\/strong> KITH 6433.<\/p>\n<p>Conocido. Como un viejo amigo. El Kith est\u00e1 dise\u00f1ado por el veterano fabricante de cuchillos Ken Steigerwalt, quien se inspir\u00f3 en los eslabones centrales y los pliegues traseros tradicionales para crear un enfoque completamente nuevo con el dise\u00f1o de bloqueo frontal. Construido de forma intuitiva, abrir la hoja parece secundario, lo que le da al nombre en ingl\u00e9s antiguo de este cuchillo \u00abamigo\u00bb un significado completamente diferente.<\/p>\n<p>El maestro cuchillero Ken Steigerwalt de Orangeville, Pensilvania, reinventa los mecanismos de bloqueo tradicionales con la funci\u00f3n de bloqueo frontal de Kith, que utiliza inserciones de cuchillo como resortes para crear m\u00e1s espacio para la hoja. Basado en estos dise\u00f1os de bloqueo probados y verdaderos, el pasador para el pulgar estrat\u00e9gicamente ubicado y el bloqueo de la hoja frontal permiten abrir y cerrar f\u00e1cilmente con su mano preferida, logrando una libertad ambidiestra completa.<\/p>\n<p>Con una hoja de 2,95\u201d con punta fina y robusta, el Kith se adapta para trabajar con mayor precisi\u00f3n. Inspirado en el aspecto cl\u00e1sico de micarta, el mango mantiene una est\u00e9tica simple y limpia que tambi\u00e9n permite m\u00faltiples opciones de agarre y transporte. Comprobando la durabilidad y ligereza de ambas cajas, esta navaja para hombre de perfil bajo tiene un mango de nailon reforzado con vidrio, lo que la convierte en una excelente herramienta para llevar a diario que no le pesar\u00e1 ni a usted ni a su bolsillo.<\/p>\n<p>Simple y llanamente: Kith es un favorito familiar y cotidiano.<\/p>\n<p>ESPECIFICACIONES<br \/>\nLongitud de la hoja 2,95&#8243; (74,96 mm)<br \/>\nHoja de hoja Lisa<br \/>\nHoja de acero 8Cr13MoV<br \/>\nTratamiento superficial de la hoja Satinado<br \/>\nGrosor de la hoja 0,11&#8243; (2,69 mm)<br \/>\nLongitud total 6,75&#8243; (171,45 mm)<br \/>\nLongitud cerrada 3,78&#8243; (95,91 mm)<br \/>\nPeso 2,30 oz (65,20 g)<br \/>\nMango Nylon reforzado con vidrio<br \/>\nEstilo Navaja plegable con cierre frontal<\/p>\n<p><iframe title=\"CRKT KITH | Ken Steigerwalt Design\" width=\"800\" height=\"450\" src=\"https:\/\/www.youtube.com\/embed\/739SVHTsvOk?feature=oembed\" frameborder=\"0\" allow=\"accelerometer; autoplay; clipboard-write; encrypted-media; gyroscope; picture-in-picture; web-share\" referrerpolicy=\"strict-origin-when-cross-origin\" allowfullscreen><\/iframe><\/p>\n<p>&nbsp;<\/p>\n","protected":false},"excerpt":{"rendered":"<p>Dise\u00f1ado por Ken Steigerwalt en Orangeville, Pensilvania.<\/p>\n","protected":false},"featured_media":326218,"comment_status":"open","ping_status":"closed","template":"","meta":[],"pwb-brand":[3765],"product_brand":[],"product_cat":[3730,3726],"product_tag":[3756],"class_list":{"0":"post-326217","1":"product","2":"type-product","3":"status-publish","4":"has-post-thumbnail","6":"pwb-brand-crkt-es","7":"product_cat-cuchillas-de-cierre","8":"product_cat-cuchillos","9":"product_tag-b2b-es","11":"first","12":"instock","13":"taxable","14":"shipping-taxable","15":"purchasable","16":"product-type-simple"},"brands":[{"id":3765,"name":"CRKT","slug":"crkt-es"}],"_links":{"self":[{"href":"https:\/\/www.moskito.cz\/es\/wp-json\/wp\/v2\/product\/326217","targetHints":{"allow":["GET"]}}],"collection":[{"href":"https:\/\/www.moskito.cz\/es\/wp-json\/wp\/v2\/product"}],"about":[{"href":"https:\/\/www.moskito.cz\/es\/wp-json\/wp\/v2\/types\/product"}],"replies":[{"embeddable":true,"href":"https:\/\/www.moskito.cz\/es\/wp-json\/wp\/v2\/comments?post=326217"}],"wp:featuredmedia":[{"embeddable":true,"href":"https:\/\/www.moskito.cz\/es\/wp-json\/wp\/v2\/media\/326218"}],"wp:attachment":[{"href":"https:\/\/www.moskito.cz\/es\/wp-json\/wp\/v2\/media?parent=326217"}],"wp:term":[{"taxonomy":"pwb-brand","embeddable":true,"href":"https:\/\/www.moskito.cz\/es\/wp-json\/wp\/v2\/pwb-brand?post=326217"},{"taxonomy":"product_brand","embeddable":true,"href":"https:\/\/www.moskito.cz\/es\/wp-json\/wp\/v2\/product_brand?post=326217"},{"taxonomy":"product_cat","embeddable":true,"href":"https:\/\/www.moskito.cz\/es\/wp-json\/wp\/v2\/product_cat?post=326217"},{"taxonomy":"product_tag","embeddable":true,"href":"https:\/\/www.moskito.cz\/es\/wp-json\/wp\/v2\/product_tag?post=326217"}],"curies":[{"name":"wp","href":"https:\/\/api.w.org\/{rel}","templated":true}]}}