{"id":326241,"date":"2021-08-02T19:26:58","date_gmt":"2024-04-05T13:21:36","guid":{"rendered":"https:\/\/www.moskito.cz\/produkt\/cuchillo-de-cierre-crkt-compano\/"},"modified":"2025-05-07T11:08:41","modified_gmt":"2025-05-07T10:08:41","slug":"cuchillo-de-cierre-crkt-compano","status":"publish","type":"product","link":"https:\/\/www.moskito.cz\/es\/produkt\/cuchillo-de-cierre-crkt-compano\/","title":{"rendered":"Cuchillo de cierre CRKT COMPANO"},"content":{"rendered":"<p><strong>La navaja plegable CRKT Compano<\/strong> es una herramienta muy pr\u00e1ctica y compacta dise\u00f1ada para el transporte diario, ideal para quienes necesitan tener siempre a mano una navaja peque\u00f1a pero eficaz. Con un dise\u00f1o centrado en la portabilidad y la funcionalidad, <strong>Compano\u2122<\/strong> es un gran compa\u00f1ero que se adhiere f\u00e1cilmente a su bolsillo, llavero o mochila. <\/p>\n<h3>Caracter\u00edsticas principales <strong>de CRKT Compano<\/strong> :<\/h3>\n<ol>\n<li><strong>Dise\u00f1o compacto y port\u00e1til<\/strong> :\n<ul>\n<li><strong>Longitud de la hoja:<\/strong> 1,42 pulgadas (36,17 mm): muy peque\u00f1a, lo que la convierte en una <strong>herramienta en miniatura ideal para el transporte diario (EDC)<\/strong> . Este cuchillo est\u00e1 dise\u00f1ado para caber f\u00e1cilmente en un bolsillo o sujetarlo a sus llaves o mochila. <\/li>\n<li><strong>Longitud total:<\/strong> 4,59 pulgadas (116,56 mm) y <strong>longitud cerrada:<\/strong> 3,23 pulgadas (82,04 mm): tama\u00f1o muy compacto para m\u00e1xima portabilidad.<\/li>\n<\/ul>\n<\/li>\n<li><strong>Hoja duradera<\/strong> :\n<ul>\n<li><strong>El acero 5Cr15MoV<\/strong> es <strong>un acero inoxidable con alto contenido de carbono<\/strong> , lo que significa que la hoja mantiene bien su filo y es resistente a la corrosi\u00f3n. Si bien no es el acero de mayor calidad, para un cuchillo EDC peque\u00f1o ofrece un rendimiento s\u00f3lido. <\/li>\n<li><strong>Acabado de la hoja<\/strong> : El acabado satinado proporciona una apariencia est\u00e9tica que tambi\u00e9n facilita el mantenimiento y el afilado.<\/li>\n<\/ul>\n<\/li>\n<li><strong>Uso pr\u00e1ctico<\/strong> :\n<ul>\n<li><strong>Articulaci\u00f3n deslizante:<\/strong> El mecanismo deslizante cl\u00e1sico permite abrir y cerrar f\u00e1cilmente el cuchillo, garantizando que quede bloqueado de forma segura en la posici\u00f3n cerrada. Este sistema garantiza que la hoja permanezca firmemente en su lugar cuando el cuchillo est\u00e1 cerrado, al tiempo que permite un uso c\u00f3modo cuando est\u00e1 abierto. <\/li>\n<li><strong>Mosquet\u00f3n para fijaci\u00f3n:<\/strong> La navaja est\u00e1 equipada <strong>con un mosquet\u00f3n<\/strong> que permite sujetarla f\u00e1cilmente a unas llaves, a un cintur\u00f3n o a una mochila, para que siempre puedas tenerla a mano. Esta es una caracter\u00edstica muy \u00fatil para el uso diario. <\/li>\n<\/ul>\n<\/li>\n<li><strong>Apariencia est\u00e9tica<\/strong> :\n<ul>\n<li><strong>Mango:<\/strong> El mango est\u00e1 hecho de <strong>2Cr13 SS<\/strong> y tiene <strong>un acabado lavado a piedra negra con detalles en bronce<\/strong> , lo que le da al cuchillo un aspecto elegante. Este mango no s\u00f3lo tiene un aspecto estupendo, sino que tambi\u00e9n proporciona un agarre c\u00f3modo. <\/li>\n<\/ul>\n<\/li>\n<\/ol>\n<h3>Especificaciones:<\/h3>\n<ul>\n<li><strong>Longitud de la hoja:<\/strong> 1,42 pulgadas (36,17 mm)<\/li>\n<li><strong>Filo de la hoja:<\/strong> liso<\/li>\n<li><strong>Acero de la hoja:<\/strong> 5Cr15MoV<\/li>\n<li><strong>Tratamiento superficial de la hoja:<\/strong> Satinado<\/li>\n<li><strong>Grosor de la hoja:<\/strong> 0,66 pulgadas (3,66 mm)<\/li>\n<li><strong>Longitud total:<\/strong> 4,59 pulgadas (116,56 mm)<\/li>\n<li><strong>Longitud cerrada:<\/strong> 3,23 pulgadas (82,04 mm)<\/li>\n<li><strong>Peso:<\/strong> 2,20 oz (62,37 g)<\/li>\n<li><strong>Mango:<\/strong> acero inoxidable 2Cr13<\/li>\n<li><strong>Estilo:<\/strong> Navaja plegable con articulaci\u00f3n antideslizante.<\/li>\n<\/ul>\n<h3>Conclusi\u00f3n:<\/h3>\n<p><strong>El CRKT Compano<\/strong> es una excelente opci\u00f3n para quienes buscan <strong>un cuchillo compacto, funcional y port\u00e1til<\/strong> para el uso diario. Aunque la hoja no es extremadamente grande, es lo suficientemente fuerte para tareas comunes como abrir paquetes, cajas o cortar cuerdas. <strong>El mosquet\u00f3n<\/strong> de fijaci\u00f3n y <strong>el mecanismo deslizante<\/strong> hacen que este cuchillo sea muy port\u00e1til y c\u00f3modo para llevar a diario. Gracias a su <strong>atractivo visual<\/strong> y <strong>a su fabricaci\u00f3n de calidad,<\/strong> <strong>Compano\u2122<\/strong> es la opci\u00f3n ideal para quienes buscan <strong>practicidad y estilo<\/strong> en un solo producto.  <\/p>\n<p><iframe title=\"CRKT COMPANO\u2122 | Mike Bond Design\" width=\"800\" height=\"450\" src=\"https:\/\/www.youtube.com\/embed\/aNM14OvTMNE?feature=oembed\" frameborder=\"0\" allow=\"accelerometer; autoplay; clipboard-write; encrypted-media; gyroscope; picture-in-picture; web-share\" referrerpolicy=\"strict-origin-when-cross-origin\" allowfullscreen><\/iframe><\/p>\n<p>&nbsp;<\/p>\n<p>&nbsp;<\/p>\n","protected":false},"excerpt":{"rendered":"<p><strong>El CRKT Compano es una excelente opci\u00f3n para quienes buscan un cuchillo compacto, funcional y port\u00e1til para el uso diario. Aunque la hoja no es extremadamente grande, es lo suficientemente fuerte para tareas comunes como abrir paquetes, cajas o cortar cuerdas. El mosquet\u00f3n de fijaci\u00f3n y el mecanismo deslizante hacen que este cuchillo sea muy port\u00e1til y c\u00f3modo para llevar a diario. Gracias a su atractivo visual y a su fabricaci\u00f3n de calidad, Compano\u2122 es la opci\u00f3n ideal para quienes buscan practicidad y estilo en un solo producto.   <\/strong><\/p>\n","protected":false},"featured_media":326242,"comment_status":"open","ping_status":"closed","template":"","meta":[],"pwb-brand":[3765],"product_brand":[],"product_cat":[3730,3726],"product_tag":[3756],"class_list":{"0":"post-326241","1":"product","2":"type-product","3":"status-publish","4":"has-post-thumbnail","6":"pwb-brand-crkt-es","7":"product_cat-cuchillas-de-cierre","8":"product_cat-cuchillos","9":"product_tag-b2b-es","11":"first","12":"instock","13":"taxable","14":"shipping-taxable","15":"purchasable","16":"product-type-simple"},"brands":[{"id":3765,"name":"CRKT","slug":"crkt-es"}],"_links":{"self":[{"href":"https:\/\/www.moskito.cz\/es\/wp-json\/wp\/v2\/product\/326241","targetHints":{"allow":["GET"]}}],"collection":[{"href":"https:\/\/www.moskito.cz\/es\/wp-json\/wp\/v2\/product"}],"about":[{"href":"https:\/\/www.moskito.cz\/es\/wp-json\/wp\/v2\/types\/product"}],"replies":[{"embeddable":true,"href":"https:\/\/www.moskito.cz\/es\/wp-json\/wp\/v2\/comments?post=326241"}],"wp:featuredmedia":[{"embeddable":true,"href":"https:\/\/www.moskito.cz\/es\/wp-json\/wp\/v2\/media\/326242"}],"wp:attachment":[{"href":"https:\/\/www.moskito.cz\/es\/wp-json\/wp\/v2\/media?parent=326241"}],"wp:term":[{"taxonomy":"pwb-brand","embeddable":true,"href":"https:\/\/www.moskito.cz\/es\/wp-json\/wp\/v2\/pwb-brand?post=326241"},{"taxonomy":"product_brand","embeddable":true,"href":"https:\/\/www.moskito.cz\/es\/wp-json\/wp\/v2\/product_brand?post=326241"},{"taxonomy":"product_cat","embeddable":true,"href":"https:\/\/www.moskito.cz\/es\/wp-json\/wp\/v2\/product_cat?post=326241"},{"taxonomy":"product_tag","embeddable":true,"href":"https:\/\/www.moskito.cz\/es\/wp-json\/wp\/v2\/product_tag?post=326241"}],"curies":[{"name":"wp","href":"https:\/\/api.w.org\/{rel}","templated":true}]}}