{"id":326401,"date":"2023-09-28T15:47:40","date_gmt":"2024-04-05T13:44:29","guid":{"rendered":"https:\/\/www.moskito.cz\/produkt\/cuchillo-cierre-crkt-atun-compact-2522\/"},"modified":"2026-02-17T05:24:58","modified_gmt":"2026-02-17T04:24:58","slug":"cuchillo-cierre-crkt-atun-compact-2522","status":"publish","type":"product","link":"https:\/\/www.moskito.cz\/es\/produkt\/cuchillo-cierre-crkt-atun-compact-2522\/","title":{"rendered":"Cuchillo Cierre CRKT At\u00fan Compact 2522"},"content":{"rendered":"<p>Cuchillo Cierre <strong>CRKT<\/strong> At\u00fan Compact 2522<\/p>\n<p>El pececito que gobierna todos los estanques.<\/p>\n<p>Aunque el Tuna\u2122 Compact es peque\u00f1o, evoca el poder de uno de los peces m\u00e1s grandes y r\u00e1pidos del mundo. Toma la sutil elegancia del dise\u00f1ador original de Tuna\u2122, Lucas Burnley, y la condensa en una navaja plegable ultracompacta. Con un perfil que sugiere un fuerte impulso hacia adelante y una forma de hoja que parece la de un carn\u00edvoro de aguas profundas, este corte cotidiano se transfiere a trav\u00e9s de fardos y cajas m\u00e1s r\u00e1pido que un corte de at\u00fan rojo a trav\u00e9s de una ola en una l\u00ednea estrecha.<\/p>\n<p>F\u00e1cil afilado: la hoja de acero inoxidable con alto contenido de carbono sujeta bien el borde<br \/>\nApertura suave: el pasador con rodamiento de bolas IKBS\u2122 despliega la hoja suavemente<br \/>\nF\u00e1cil de abrir: el pasador para el pulgar permite una apertura r\u00e1pida con una mano.<br \/>\nAgarre excepcional: el mango G10 proporciona un agarre excepcional en todas las condiciones.<br \/>\nFuerza bruta: el bloqueo del marco utiliza un perno fuerte para asegurar la hoja.<br \/>\nPerfil bajo: el clip de bolsillo garantiza un transporte seguro<\/p>\n<p>Detalles de la hoja<\/p>\n<p>Hoja de acero: 8Cr13MoV<br \/>\nBorde de la hoja liso<br \/>\nAcabado de la hoja lavado a la piedra<\/p>\n<p>Longitud de la hoja: 6,92 cm<br \/>\nGrosor de la hoja 0,36 cm.<br \/>\nLongitud total: 16,35 cm.<br \/>\nLargo cerrado: 9,67 cm<br \/>\nPeso: 79,38 gramos<\/p>\n<p>Material del mango G10 | Acero inoxidable<br \/>\nElegante navaja plegable con Frame Lock<\/p>\n<p>&nbsp;<\/p>\n","protected":false},"excerpt":{"rendered":"<p><strong>Dise\u00f1adorLucas BurnleyBend, Oreg\u00f3n.<\/strong><\/p>\n<p><strong>Cuando le preguntas a Lucas qu\u00e9 lo llev\u00f3 al mundo de los cuchillos cuando era adolescente, te dice que fueron historias de supervivencia, aventuras todoterreno con su padre y una buena dosis de pel\u00edculas de acci\u00f3n. A lo largo de los a\u00f1os, ha experimentado con una amplia gama de estilos para combinar ingeniosamente ejemplos cl\u00e1sicos con materiales y t\u00e9cnicas modernas, como el cuchillo Obake\u2122. Lucas cree que los cuchillos son una expresi\u00f3n personal de independencia. No podr\u00edamos estar m\u00e1s de acuerdo.<\/strong><\/p>\n<p>&nbsp;<\/p>\n","protected":false},"featured_media":326402,"comment_status":"open","ping_status":"closed","template":"","meta":[],"pwb-brand":[3765],"product_brand":[],"product_cat":[3730,3726],"product_tag":[3756],"class_list":{"0":"post-326401","1":"product","2":"type-product","3":"status-publish","4":"has-post-thumbnail","6":"pwb-brand-crkt-es","7":"product_cat-cuchillas-de-cierre","8":"product_cat-cuchillos","9":"product_tag-b2b-es","11":"first","12":"instock","13":"taxable","14":"shipping-taxable","15":"purchasable","16":"product-type-simple"},"brands":[{"id":3765,"name":"CRKT","slug":"crkt-es"}],"_links":{"self":[{"href":"https:\/\/www.moskito.cz\/es\/wp-json\/wp\/v2\/product\/326401","targetHints":{"allow":["GET"]}}],"collection":[{"href":"https:\/\/www.moskito.cz\/es\/wp-json\/wp\/v2\/product"}],"about":[{"href":"https:\/\/www.moskito.cz\/es\/wp-json\/wp\/v2\/types\/product"}],"replies":[{"embeddable":true,"href":"https:\/\/www.moskito.cz\/es\/wp-json\/wp\/v2\/comments?post=326401"}],"wp:featuredmedia":[{"embeddable":true,"href":"https:\/\/www.moskito.cz\/es\/wp-json\/wp\/v2\/media\/326402"}],"wp:attachment":[{"href":"https:\/\/www.moskito.cz\/es\/wp-json\/wp\/v2\/media?parent=326401"}],"wp:term":[{"taxonomy":"pwb-brand","embeddable":true,"href":"https:\/\/www.moskito.cz\/es\/wp-json\/wp\/v2\/pwb-brand?post=326401"},{"taxonomy":"product_brand","embeddable":true,"href":"https:\/\/www.moskito.cz\/es\/wp-json\/wp\/v2\/product_brand?post=326401"},{"taxonomy":"product_cat","embeddable":true,"href":"https:\/\/www.moskito.cz\/es\/wp-json\/wp\/v2\/product_cat?post=326401"},{"taxonomy":"product_tag","embeddable":true,"href":"https:\/\/www.moskito.cz\/es\/wp-json\/wp\/v2\/product_tag?post=326401"}],"curies":[{"name":"wp","href":"https:\/\/api.w.org\/{rel}","templated":true}]}}