{"id":326475,"date":"2022-08-18T20:26:30","date_gmt":"2024-04-05T13:54:07","guid":{"rendered":"https:\/\/www.moskito.cz\/produkt\/cuchillo-de-cierre-crkt-pazoda-2-6470\/"},"modified":"2025-05-07T11:08:46","modified_gmt":"2025-05-07T10:08:46","slug":"cuchillo-de-cierre-crkt-pazoda-2-6470","status":"publish","type":"product","link":"https:\/\/www.moskito.cz\/es\/produkt\/cuchillo-de-cierre-crkt-pazoda-2-6470\/","title":{"rendered":"Cuchillo de cierre CRKT PAZODA 2 6470"},"content":{"rendered":"<p>Cuchillo de cierre CRKT PAZODA 2 6470.<\/p>\n<p>\u00bfQu\u00e9 hace que un cuchillo con logo sea bueno? Debe ser asequible y tener grandes \u00e1reas planas en la hoja o marco adecuadas para la impresi\u00f3n de logotipos. Por eso, estamos muy contentos de presentarles la serie Pazoda\u2122. Son cuchillos de alta calidad, con precios lo suficientemente bajos como para comprarlos al por mayor, y todos tienen superficies planas perfectas para nuestra impresi\u00f3n l\u00e1ser o serigr\u00e1fica \u00abCompany Billboard\u00bb. O puede llevar a cualquiera a una casa de trofeos local para realizar un grabado personal.<br \/>\nAcabado de la hoja de nitruro de titanio gris oscuro.<br \/>\nMangos de acero inoxidable<br \/>\nDeslizamiento del pulgar sobre la hoja para un control de corte \u00f3ptimo.<\/p>\n<p>ESPECIFICACIONES<br \/>\nColor Gris y plata<br \/>\nLongitud de la hoja 2,14&#8243; (54,25 mm)<br \/>\nHoja de hoja Lisa<br \/>\nHoja de acero 8Cr13MoV<br \/>\nTratamiento superficial de la hoja Nitruro de titanio.<br \/>\nGrosor de la hoja 0,09&#8243; (2,21 mm)<br \/>\nLongitud total 5,15&#8243; (130,71 mm)<br \/>\nLongitud cerrada 2,98&#8243; (75,64 mm)<br \/>\nPeso 51,03 g (1,80 onzas)<br \/>\nMango de acero inoxidable<br \/>\nEstilo Navaja plegable con bloqueo de marco.<\/p>\n","protected":false},"excerpt":{"rendered":"<p>\u00bfQu\u00e9 hace que un cuchillo con logo sea bueno? Debe ser asequible y tener grandes \u00e1reas planas en la hoja o marco adecuadas para la impresi\u00f3n de logotipos.<\/p>\n","protected":false},"featured_media":326476,"comment_status":"open","ping_status":"closed","template":"","meta":[],"pwb-brand":[3765],"product_brand":[],"product_cat":[3730,3726],"product_tag":[3756],"class_list":{"0":"post-326475","1":"product","2":"type-product","3":"status-publish","4":"has-post-thumbnail","6":"pwb-brand-crkt-es","7":"product_cat-cuchillas-de-cierre","8":"product_cat-cuchillos","9":"product_tag-b2b-es","11":"first","12":"outofstock","13":"taxable","14":"shipping-taxable","15":"purchasable","16":"product-type-simple"},"brands":[{"id":3765,"name":"CRKT","slug":"crkt-es"}],"_links":{"self":[{"href":"https:\/\/www.moskito.cz\/es\/wp-json\/wp\/v2\/product\/326475","targetHints":{"allow":["GET"]}}],"collection":[{"href":"https:\/\/www.moskito.cz\/es\/wp-json\/wp\/v2\/product"}],"about":[{"href":"https:\/\/www.moskito.cz\/es\/wp-json\/wp\/v2\/types\/product"}],"replies":[{"embeddable":true,"href":"https:\/\/www.moskito.cz\/es\/wp-json\/wp\/v2\/comments?post=326475"}],"wp:featuredmedia":[{"embeddable":true,"href":"https:\/\/www.moskito.cz\/es\/wp-json\/wp\/v2\/media\/326476"}],"wp:attachment":[{"href":"https:\/\/www.moskito.cz\/es\/wp-json\/wp\/v2\/media?parent=326475"}],"wp:term":[{"taxonomy":"pwb-brand","embeddable":true,"href":"https:\/\/www.moskito.cz\/es\/wp-json\/wp\/v2\/pwb-brand?post=326475"},{"taxonomy":"product_brand","embeddable":true,"href":"https:\/\/www.moskito.cz\/es\/wp-json\/wp\/v2\/product_brand?post=326475"},{"taxonomy":"product_cat","embeddable":true,"href":"https:\/\/www.moskito.cz\/es\/wp-json\/wp\/v2\/product_cat?post=326475"},{"taxonomy":"product_tag","embeddable":true,"href":"https:\/\/www.moskito.cz\/es\/wp-json\/wp\/v2\/product_tag?post=326475"}],"curies":[{"name":"wp","href":"https:\/\/api.w.org\/{rel}","templated":true}]}}