{"id":326492,"date":"2021-07-31T20:12:49","date_gmt":"2024-04-05T13:57:16","guid":{"rendered":"https:\/\/www.moskito.cz\/produkt\/cuchilla-cerradora-crkt-pilar-grande-g10\/"},"modified":"2025-05-07T11:08:47","modified_gmt":"2025-05-07T10:08:47","slug":"cuchilla-cerradora-crkt-pilar-grande-g10","status":"publish","type":"product","link":"https:\/\/www.moskito.cz\/es\/produkt\/cuchilla-cerradora-crkt-pilar-grande-g10\/","title":{"rendered":"Cuchilla Cerradora CRKT PILAR GRANDE G10"},"content":{"rendered":"<p>Cuchilla Cerradora <strong>CRKT<\/strong> PILAR GRANDE G10.<\/p>\n<p>Dise\u00f1ado por Jesper Voxnaes en Loegstrup, Dinamarca<br \/>\nDonde el dise\u00f1o m\u00ednimo se encuentra con la m\u00e1xima utilidad. Pilar\u00ae es una navaja compacta para uso diario con un llamativo dise\u00f1o minimalista y una historia \u00e9pica detr\u00e1s de su nombre.<br \/>\nUna versi\u00f3n grande del superventas Pilar\u00ae<br \/>\nLa hoja de acero inoxidable con alto contenido de carbono sujeta bien el filo y es ideal para el uso diario.<br \/>\nApertura abatible para un despliegue r\u00e1pido de la hoja<br \/>\nLa empu\u00f1adura G10 proporciona un agarre excepcional en todas las condiciones clim\u00e1ticas.<br \/>\nClip de dos posiciones para opciones abatibles hacia arriba o hacia abajo<\/p>\n<p>ESPECIFICACIONES<br \/>\nLongitud de la hoja 2,67 pulg. (67,79 mm)<br \/>\nBorde de hoja simple<br \/>\nHoja de acero 8Cr14MoV<br \/>\nAcabado de hoja satinada<br \/>\nGrosor de la hoja 0,73 pulg. (3,73 mm)<br \/>\nLongitud total 6,69 pulgadas (169,88 mm)<br \/>\nLongitud cerrada 4,00&#8243; (101,55 mm)<br \/>\nPeso 3,80 onzas. (107,73 g)<br \/>\nmango G10<br \/>\nEstilo Navaja plegable con bloqueo de marco.<\/p>\n<p><strong>CRKT\u00ae<\/strong> (Columbia River Knife and Tool\u00ae) fue fundada en 1994. Desde el primer d\u00eda, ha dado prioridad a la innovaci\u00f3n y la integridad. Est\u00e1 comprometido a fabricar cuchillos y herramientas que inspiren y duren. Trabaja con los mejores dise\u00f1adores del mundo y trabaja seg\u00fan un principio simple: que lo mejor que puede ofrecer a los clientes es confianza en sus manos.<\/p>\n","protected":false},"excerpt":{"rendered":"<p>Navaja con bloqueo con seguridad y clip para transporte.<\/p>\n","protected":false},"featured_media":326493,"comment_status":"open","ping_status":"closed","template":"","meta":[],"pwb-brand":[3765],"product_brand":[],"product_cat":[3730,3726],"product_tag":[3756],"class_list":{"0":"post-326492","1":"product","2":"type-product","3":"status-publish","4":"has-post-thumbnail","6":"pwb-brand-crkt-es","7":"product_cat-cuchillas-de-cierre","8":"product_cat-cuchillos","9":"product_tag-b2b-es","11":"first","12":"instock","13":"sale","14":"taxable","15":"shipping-taxable","16":"purchasable","17":"product-type-simple"},"brands":[{"id":3765,"name":"CRKT","slug":"crkt-es"}],"_links":{"self":[{"href":"https:\/\/www.moskito.cz\/es\/wp-json\/wp\/v2\/product\/326492","targetHints":{"allow":["GET"]}}],"collection":[{"href":"https:\/\/www.moskito.cz\/es\/wp-json\/wp\/v2\/product"}],"about":[{"href":"https:\/\/www.moskito.cz\/es\/wp-json\/wp\/v2\/types\/product"}],"replies":[{"embeddable":true,"href":"https:\/\/www.moskito.cz\/es\/wp-json\/wp\/v2\/comments?post=326492"}],"wp:featuredmedia":[{"embeddable":true,"href":"https:\/\/www.moskito.cz\/es\/wp-json\/wp\/v2\/media\/326493"}],"wp:attachment":[{"href":"https:\/\/www.moskito.cz\/es\/wp-json\/wp\/v2\/media?parent=326492"}],"wp:term":[{"taxonomy":"pwb-brand","embeddable":true,"href":"https:\/\/www.moskito.cz\/es\/wp-json\/wp\/v2\/pwb-brand?post=326492"},{"taxonomy":"product_brand","embeddable":true,"href":"https:\/\/www.moskito.cz\/es\/wp-json\/wp\/v2\/product_brand?post=326492"},{"taxonomy":"product_cat","embeddable":true,"href":"https:\/\/www.moskito.cz\/es\/wp-json\/wp\/v2\/product_cat?post=326492"},{"taxonomy":"product_tag","embeddable":true,"href":"https:\/\/www.moskito.cz\/es\/wp-json\/wp\/v2\/product_tag?post=326492"}],"curies":[{"name":"wp","href":"https:\/\/api.w.org\/{rel}","templated":true}]}}