{"id":326545,"date":"2022-08-16T20:10:11","date_gmt":"2024-04-05T14:05:25","guid":{"rendered":"https:\/\/www.moskito.cz\/produkt\/cuchillo-de-cierre-crkt-lanny-6525\/"},"modified":"2025-05-07T11:08:48","modified_gmt":"2025-05-07T10:08:48","slug":"cuchillo-de-cierre-crkt-lanny-6525","status":"publish","type":"product","link":"https:\/\/www.moskito.cz\/es\/produkt\/cuchillo-de-cierre-crkt-lanny-6525\/","title":{"rendered":"Cuchillo de cierre CRKT LANNY 6525"},"content":{"rendered":"<p>Cuchillo de cierre <strong>CRKT<\/strong> LANNY 6525.<\/p>\n<p>Construido para la nostalgia. Inspirado en el legendario Lanny&#8217;s Clip de Tony Bose, el Lanny\u2122 Everyday Carry Knife toma el estilo cl\u00e1sico de junta deslizante y lo lleva al futuro con la innovaci\u00f3n de apertura asistida para velocidades de apertura incre\u00edblemente r\u00e1pidas. Ll\u00e1melo su transferencia m\u00e1s nost\u00e1lgica pero futurista.<\/p>\n<p>Liong Mah, con sede en Palm Bay, Florida, sabe c\u00f3mo hacerlo gracias a un favorito familiar. Cuando decidi\u00f3 llevar el cl\u00e1sico Lanny&#8217;s Clip al futuro, determin\u00f3 exactamente qu\u00e9 deb\u00eda conservarse y exactamente qu\u00e9 deb\u00eda actualizarse. Liong elimin\u00f3 el tama\u00f1o y fabric\u00f3 una hoja de clip modificada de poco m\u00e1s de 3 \u201dde acero inoxidable con alto contenido de carbono f\u00e1cil de moler. En la mano, el mango de aluminio se lleva perfectamente en el bolsillo.<\/p>\n<p>Para diferenciarlo definitivamente del resto, Liong cre\u00f3 Lanny\u2122 en torno a la innovaci\u00f3n de Apertura Asistida. Deslice la hoja para abrirla parcialmente y se activa la apertura asistida y se abre a muy alta velocidad. El sistema de pivote con rodamiento de bolas IKBS\u2122 garantiza una rotaci\u00f3n suave y el bloqueo del inserto lo mantiene firmemente en su lugar.<\/p>\n<p>Un leporelo futurista que se siente como si lo hubieras usado durante a\u00f1os.<\/p>\n<p>C\u00f3mo funciona la apertura asistida<br \/>\nSe mantiene firmemente cerrado en el bolsillo, pero comienza a desplegarse y la hoja se abre con una velocidad impresionante durante la rotaci\u00f3n para una apertura simple y potente con una sola mano.<\/p>\n<p>ESPECIFICACIONES<br \/>\nLongitud de la hoja 3,18&#8243; (80,65 mm)<br \/>\nHoja de hoja Lisa<br \/>\nHoja de acero 8Cr13MoV<br \/>\nTratamiento superficial de la hoja Satinado<br \/>\nGrosor de la hoja 0,15&#8243; (3,68 mm)<br \/>\nLongitud total 7,44&#8243; (188,93 mm)<br \/>\nLongitud cerrada 4,26&#8243; (108,25 mm)<br \/>\nPeso 4,10 oz (116,23 g)<br \/>\nMango de aluminio<br \/>\nNavaja asistida Style con Liner Lock<\/p>\n<p><iframe title=\"CRKT LANNY | Liong Mah Design\" width=\"800\" height=\"450\" src=\"https:\/\/www.youtube.com\/embed\/KIiQuTTB8Qk?feature=oembed\" frameborder=\"0\" allow=\"accelerometer; autoplay; clipboard-write; encrypted-media; gyroscope; picture-in-picture; web-share\" referrerpolicy=\"strict-origin-when-cross-origin\" allowfullscreen><\/iframe><\/p>\n<p>&nbsp;<\/p>\n","protected":false},"excerpt":{"rendered":"<p>Dise\u00f1ado por Liong Mah en Palm Bay, Florida.<\/p>\n","protected":false},"featured_media":326546,"comment_status":"open","ping_status":"closed","template":"","meta":[],"pwb-brand":[3765],"product_brand":[],"product_cat":[3730,3726],"product_tag":[3756],"class_list":{"0":"post-326545","1":"product","2":"type-product","3":"status-publish","4":"has-post-thumbnail","6":"pwb-brand-crkt-es","7":"product_cat-cuchillas-de-cierre","8":"product_cat-cuchillos","9":"product_tag-b2b-es","11":"first","12":"instock","13":"taxable","14":"shipping-taxable","15":"purchasable","16":"product-type-simple"},"brands":[{"id":3765,"name":"CRKT","slug":"crkt-es"}],"_links":{"self":[{"href":"https:\/\/www.moskito.cz\/es\/wp-json\/wp\/v2\/product\/326545","targetHints":{"allow":["GET"]}}],"collection":[{"href":"https:\/\/www.moskito.cz\/es\/wp-json\/wp\/v2\/product"}],"about":[{"href":"https:\/\/www.moskito.cz\/es\/wp-json\/wp\/v2\/types\/product"}],"replies":[{"embeddable":true,"href":"https:\/\/www.moskito.cz\/es\/wp-json\/wp\/v2\/comments?post=326545"}],"wp:featuredmedia":[{"embeddable":true,"href":"https:\/\/www.moskito.cz\/es\/wp-json\/wp\/v2\/media\/326546"}],"wp:attachment":[{"href":"https:\/\/www.moskito.cz\/es\/wp-json\/wp\/v2\/media?parent=326545"}],"wp:term":[{"taxonomy":"pwb-brand","embeddable":true,"href":"https:\/\/www.moskito.cz\/es\/wp-json\/wp\/v2\/pwb-brand?post=326545"},{"taxonomy":"product_brand","embeddable":true,"href":"https:\/\/www.moskito.cz\/es\/wp-json\/wp\/v2\/product_brand?post=326545"},{"taxonomy":"product_cat","embeddable":true,"href":"https:\/\/www.moskito.cz\/es\/wp-json\/wp\/v2\/product_cat?post=326545"},{"taxonomy":"product_tag","embeddable":true,"href":"https:\/\/www.moskito.cz\/es\/wp-json\/wp\/v2\/product_tag?post=326545"}],"curies":[{"name":"wp","href":"https:\/\/api.w.org\/{rel}","templated":true}]}}