{"id":326562,"date":"2023-10-03T16:02:44","date_gmt":"2024-04-05T14:08:31","guid":{"rendered":"https:\/\/www.moskito.cz\/produkt\/cuchillo-de-cierre-crkt-overland-compact-6277\/"},"modified":"2025-05-07T11:08:49","modified_gmt":"2025-05-07T10:08:49","slug":"cuchillo-de-cierre-crkt-overland-compact-6277","status":"publish","type":"product","link":"https:\/\/www.moskito.cz\/es\/produkt\/cuchillo-de-cierre-crkt-overland-compact-6277\/","title":{"rendered":"Cuchillo de cierre CRKT Overland Compact 6277"},"content":{"rendered":"<p>Cuchillo de cierre <strong>CRKT<\/strong> Overland Compact 6277<\/p>\n<p>Una navaja plegable compacta lista para conquistar cualquier terreno.<\/p>\n<p>Puede que sea peque\u00f1o, pero al igual que los remolques 4&#215;4 mejorados que inspiraron su nombre, el Overland\u2122 Compact est\u00e1 reconstruido y listo para afrontar las condiciones m\u00e1s duras. Toma los elementos de dise\u00f1o y materiales del Overland\u2122 de tama\u00f1o completo y los coloca en un factor de forma ultraport\u00e1til que pr\u00e1cticamente desaparece en su bolsillo. Cuando llega el momento de detener el convoy y establecer el campamento, este cuchillo facilita la preparaci\u00f3n de una comida ligera y corta la barra de malvavisco perfecta.<\/p>\n<p>Rendimiento superior: hoja de acero D2 para una retenci\u00f3n superior de la hoja<br \/>\nF\u00e1cil apertura: el pulgar permite una apertura r\u00e1pida con una mano<br \/>\nFuerte y duradero: G10 con mango de acero inoxidable combina durabilidad y resistencia.<br \/>\nFuerza bruta: el bloqueo del marco utiliza un perno fuerte para asegurar la hoja.<br \/>\nPerfil bajo: el clip de bolsillo garantiza un transporte seguro<br \/>\nAtractivo visual: anillo giratorio anodizado naranja y detalles en el espaciador<\/p>\n<p>Hoja de acero D2<br \/>\nBorde de la hoja liso<br \/>\nAcabado de la hoja lavado a la piedra<\/p>\n<p>Longitud de la hoja: 5,67 cm<br \/>\nGrosor de la hoja: 0,32 cm.<br \/>\nLongitud total: 13,74 cm<br \/>\nLargo cerrado: 8,10 cm<br \/>\nPeso: 87,88 gramos<\/p>\n<p>jMaterial del mango G10 | Acero inoxidable<br \/>\nElegante navaja plegable con Frame Lock<\/p>\n<p>&nbsp;<\/p>\n<p>&nbsp;<\/p>\n","protected":false},"excerpt":{"rendered":"<p><strong>Dise\u00f1adorT.J. Schwarzboise, Idaho<\/strong><\/p>\n<p><strong>TJ estaba destinado a convertirse en dise\u00f1ador de autom\u00f3viles. En la escuela secundaria, descubri\u00f3 su asombrosa habilidad para dibujar autos; de hecho, era tan bueno en eso que cuando estaba en la universidad, aceptaba encargos de propietarios de autos cl\u00e1sicos. Justo cuando su carrera en el mundo del autom\u00f3vil comenzaba, su buen amigo Bill Koenig de Koenig Knives intervino y todo cambi\u00f3. Una vez que prob\u00f3 el dise\u00f1o de los cuchillos, nunca mir\u00f3 hacia atr\u00e1s. Entonces, cuando dicen \u00abdise\u00f1ado para el rendimiento\u00bb, lo dicen en serio.<\/strong><\/p>\n<p>&nbsp;<\/p>\n","protected":false},"featured_media":326563,"comment_status":"open","ping_status":"closed","template":"","meta":[],"pwb-brand":[3765],"product_brand":[],"product_cat":[3730,3726],"product_tag":[3756],"class_list":{"0":"post-326562","1":"product","2":"type-product","3":"status-publish","4":"has-post-thumbnail","6":"pwb-brand-crkt-es","7":"product_cat-cuchillas-de-cierre","8":"product_cat-cuchillos","9":"product_tag-b2b-es","11":"first","12":"outofstock","13":"sale","14":"taxable","15":"shipping-taxable","16":"purchasable","17":"product-type-simple"},"brands":[{"id":3765,"name":"CRKT","slug":"crkt-es"}],"_links":{"self":[{"href":"https:\/\/www.moskito.cz\/es\/wp-json\/wp\/v2\/product\/326562","targetHints":{"allow":["GET"]}}],"collection":[{"href":"https:\/\/www.moskito.cz\/es\/wp-json\/wp\/v2\/product"}],"about":[{"href":"https:\/\/www.moskito.cz\/es\/wp-json\/wp\/v2\/types\/product"}],"replies":[{"embeddable":true,"href":"https:\/\/www.moskito.cz\/es\/wp-json\/wp\/v2\/comments?post=326562"}],"wp:featuredmedia":[{"embeddable":true,"href":"https:\/\/www.moskito.cz\/es\/wp-json\/wp\/v2\/media\/326563"}],"wp:attachment":[{"href":"https:\/\/www.moskito.cz\/es\/wp-json\/wp\/v2\/media?parent=326562"}],"wp:term":[{"taxonomy":"pwb-brand","embeddable":true,"href":"https:\/\/www.moskito.cz\/es\/wp-json\/wp\/v2\/pwb-brand?post=326562"},{"taxonomy":"product_brand","embeddable":true,"href":"https:\/\/www.moskito.cz\/es\/wp-json\/wp\/v2\/product_brand?post=326562"},{"taxonomy":"product_cat","embeddable":true,"href":"https:\/\/www.moskito.cz\/es\/wp-json\/wp\/v2\/product_cat?post=326562"},{"taxonomy":"product_tag","embeddable":true,"href":"https:\/\/www.moskito.cz\/es\/wp-json\/wp\/v2\/product_tag?post=326562"}],"curies":[{"name":"wp","href":"https:\/\/api.w.org\/{rel}","templated":true}]}}