{"id":326681,"date":"2022-08-16T19:50:31","date_gmt":"2024-04-05T14:16:34","guid":{"rendered":"https:\/\/www.moskito.cz\/produkt\/cuchillo-de-cierre-crkt-ceo-compact-7095\/"},"modified":"2025-10-23T00:09:02","modified_gmt":"2025-10-22T23:09:02","slug":"cuchillo-de-cierre-crkt-ceo-compact-7095","status":"publish","type":"product","link":"https:\/\/www.moskito.cz\/es\/produkt\/cuchillo-de-cierre-crkt-ceo-compact-7095\/","title":{"rendered":"Cuchillo de cierre CRKT CEO COMPACT 7095"},"content":{"rendered":"<p><strong style=\"font-family: -apple-system, BlinkMacSystemFont, 'Segoe UI', Roboto, 'Helvetica Neue', Arial, 'Noto Sans', sans-serif, 'Apple Color Emoji', 'Segoe UI Emoji', 'Segoe UI Symbol', 'Noto Color Emoji';\">El cuchillo plegable CRKT CEO COMPACT 7095<\/strong> <span style=\"font-family: -apple-system, BlinkMacSystemFont, 'Segoe UI', Roboto, 'Helvetica Neue', Arial, 'Noto Sans', sans-serif, 'Apple Color Emoji', 'Segoe UI Emoji', 'Segoe UI Symbol', 'Noto Color Emoji';\">es una excelente opci\u00f3n para quienes buscan<\/span> un cuchillo <strong style=\"font-family: -apple-system, BlinkMacSystemFont, 'Segoe UI', Roboto, 'Helvetica Neue', Arial, 'Noto Sans', sans-serif, 'Apple Color Emoji', 'Segoe UI Emoji', 'Segoe UI Symbol', 'Noto Color Emoji';\">elegante<\/strong> <span style=\"font-family: -apple-system, BlinkMacSystemFont, 'Segoe UI', Roboto, 'Helvetica Neue', Arial, 'Noto Sans', sans-serif, 'Apple Color Emoji', 'Segoe UI Emoji', 'Segoe UI Symbol', 'Noto Color Emoji';\">y<\/span> <strong style=\"font-family: -apple-system, BlinkMacSystemFont, 'Segoe UI', Roboto, 'Helvetica Neue', Arial, 'Noto Sans', sans-serif, 'Apple Color Emoji', 'Segoe UI Emoji', 'Segoe UI Symbol', 'Noto Color Emoji';\">compacto<\/strong> <span style=\"font-family: -apple-system, BlinkMacSystemFont, 'Segoe UI', Roboto, 'Helvetica Neue', Arial, 'Noto Sans', sans-serif, 'Apple Color Emoji', 'Segoe UI Emoji', 'Segoe UI Symbol', 'Noto Color Emoji';\">que sea ideal para<\/span> <strong style=\"font-family: -apple-system, BlinkMacSystemFont, 'Segoe UI', Roboto, 'Helvetica Neue', Arial, 'Noto Sans', sans-serif, 'Apple Color Emoji', 'Segoe UI Emoji', 'Segoe UI Symbol', 'Noto Color Emoji';\">llevar a diario.<\/strong><span style=\"font-family: -apple-system, BlinkMacSystemFont, 'Segoe UI', Roboto, 'Helvetica Neue', Arial, 'Noto Sans', sans-serif, 'Apple Color Emoji', 'Segoe UI Emoji', 'Segoe UI Symbol', 'Noto Color Emoji';\">  (EDC) y cabe f\u00e1cilmente en cualquier bolsillo o bolso. Este modelo es una versi\u00f3n del popular   <\/span><strong style=\"font-family: -apple-system, BlinkMacSystemFont, 'Segoe UI', Roboto, 'Helvetica Neue', Arial, 'Noto Sans', sans-serif, 'Apple Color Emoji', 'Segoe UI Emoji', 'Segoe UI Symbol', 'Noto Color Emoji';\">CEO<\/strong> <span style=\"font-family: -apple-system, BlinkMacSystemFont, 'Segoe UI', Roboto, 'Helvetica Neue', Arial, 'Noto Sans', sans-serif, 'Apple Color Emoji', 'Segoe UI Emoji', 'Segoe UI Symbol', 'Noto Color Emoji';\">, dise\u00f1ado por el dise\u00f1ador<\/span> <strong style=\"font-family: -apple-system, BlinkMacSystemFont, 'Segoe UI', Roboto, 'Helvetica Neue', Arial, 'Noto Sans', sans-serif, 'Apple Color Emoji', 'Segoe UI Emoji', 'Segoe UI Symbol', 'Noto Color Emoji';\">Richard Rogers<\/strong> <span style=\"font-family: -apple-system, BlinkMacSystemFont, 'Segoe UI', Roboto, 'Helvetica Neue', Arial, 'Noto Sans', sans-serif, 'Apple Color Emoji', 'Segoe UI Emoji', 'Segoe UI Symbol', 'Noto Color Emoji';\">, es<\/span> <strong style=\"font-family: -apple-system, BlinkMacSystemFont, 'Segoe UI', Roboto, 'Helvetica Neue', Arial, 'Noto Sans', sans-serif, 'Apple Color Emoji', 'Segoe UI Emoji', 'Segoe UI Symbol', 'Noto Color Emoji';\">m\u00e1s peque\u00f1o<\/strong> <span style=\"font-family: -apple-system, BlinkMacSystemFont, 'Segoe UI', Roboto, 'Helvetica Neue', Arial, 'Noto Sans', sans-serif, 'Apple Color Emoji', 'Segoe UI Emoji', 'Segoe UI Symbol', 'Noto Color Emoji';\">, lo que lo hace m\u00e1s f\u00e1cil de transportar y usar en la vida cotidiana, incluidos entornos profesionales y de oficina.<\/span><\/p>\n<div class=\"flex-1 overflow-hidden @container\/thread\">\n<div class=\"h-full\">\n<div class=\"react-scroll-to-bottom--css-vxybp-79elbk h-full\">\n<div class=\"react-scroll-to-bottom--css-vxybp-1n7m0yu\">\n<div class=\"flex flex-col text-sm\">\n<article class=\"w-full scroll-mb-[var(--thread-trailing-height,150px)] text-token-text-primary focus-visible:outline-2 focus-visible:outline-offset-[-4px]\" dir=\"auto\" data-testid=\"conversation-turn-381\" data-scroll-anchor=\"true\">\n<div class=\"m-auto text-base py-[18px] px-3 md:px-4 w-full md:px-5 lg:px-4 xl:px-5\">\n<div class=\"mx-auto flex flex-1 gap-4 text-base md:gap-5 lg:gap-6 md:max-w-3xl\">\n<div class=\"group\/conversation-turn relative flex w-full min-w-0 flex-col agent-turn\">\n<div class=\"flex-col gap-1 md:gap-3\">\n<div class=\"flex max-w-full flex-col flex-grow\">\n<div class=\"min-h-8 text-message flex w-full flex-col items-end gap-2 whitespace-normal break-words text-start [.text-message+&amp;]:mt-5\" dir=\"auto\" data-message-author-role=\"assistant\" data-message-id=\"2f61b6b7-ffbb-468f-a9e6-7637ac73046e\" data-message-model-slug=\"gpt-4o-mini\">\n<div class=\"flex w-full flex-col gap-1 empty:hidden first:pt-[3px]\">\n<div class=\"markdown prose w-full break-words dark:prose-invert light\">\n<h3>Caracter\u00edsticas principales <strong>del CRKT CEO COMPACT 7095<\/strong> :<\/h3>\n<h4>1. <strong>Dise\u00f1o compacto y discreto<\/strong><\/h4>\n<ul>\n<li><strong>C\u00f3modo de llevar:<\/strong> el cuchillo est\u00e1 dise\u00f1ado para <strong>parecer un bol\u00edgrafo<\/strong> , lo que lo hace ideal para <strong>caballeros<\/strong> o cualquier persona que necesite <strong>un excelente EDC<\/strong> para usar en la oficina o durante reuniones. Gracias a <strong>sus dimensiones compactas,<\/strong> es muy discreto y se puede ocultar f\u00e1cilmente en un bolsillo sin llamar la atenci\u00f3n. <\/li>\n<li><strong>Tama\u00f1o de bolsillo:<\/strong> con una longitud total de <strong>6,13&#8243;<\/strong> (155,58 mm) y una longitud de hoja de <strong>2,61&#8243;<\/strong> (66,27 mm), el cuchillo es lo suficientemente peque\u00f1o como para caber en <strong>cualquier bolsillo<\/strong> , lo que lo convierte en un compa\u00f1ero ideal para el transporte diario.<\/li>\n<\/ul>\n<h4>2. <strong>Apertura r\u00e1pida y suave<\/strong><\/h4>\n<ul>\n<li><strong>Aleta de apertura r\u00e1pida:<\/strong> El cuchillo est\u00e1 equipado con <strong>una aleta<\/strong> que permite una apertura f\u00e1cil y r\u00e1pida con una mano. Este mecanismo es ideal para acceder r\u00e1pidamente al cuchillo cuando sea necesario. <\/li>\n<li><strong>Sistema de cojinetes de bolas IKBS\u2122:<\/strong> <strong>Los cojinetes de bolas<\/strong> garantizan <strong>una rotaci\u00f3n suave y continua de la hoja<\/strong> , lo que significa que la hoja se abre con el m\u00ednimo esfuerzo y muy r\u00e1pidamente.<\/li>\n<\/ul>\n<h4>3. <strong>Hoja y materiales<\/strong><\/h4>\n<ul>\n<li><strong>Acero 1.4116:<\/strong> La hoja est\u00e1 hecha de <strong>acero 1.4116<\/strong> , que es <strong>un acero inoxidable con alto contenido de carbono<\/strong> conocido por su <strong>resistencia a la corrosi\u00f3n<\/strong> y <strong>buena capacidad para mantener el filo<\/strong> , lo que lo hace ideal para el uso diario.<\/li>\n<li><strong>Acabado Satinado:<\/strong> La hoja tiene <strong>un acabado satinado<\/strong> , lo que le da una apariencia elegante y aumenta su resistencia al desgaste.<\/li>\n<\/ul>\n<h4>4. <strong>Mango ergon\u00f3mico y resistente.<\/strong><\/h4>\n<ul>\n<li><strong>Mango de nailon reforzado con vidrio:<\/strong> El mango est\u00e1 hecho de <strong>nailon reforzado con vidrio<\/strong> , que es <strong>un material ligero pero duradero<\/strong> que proporciona un buen <strong>agarre<\/strong> incluso cuando se trabaja con el cuchillo.<\/li>\n<li><strong>Dise\u00f1o compacto y ergon\u00f3mico:<\/strong> Gracias a su tama\u00f1o y forma ergon\u00f3mica, el cuchillo es <strong>c\u00f3modo de sostener<\/strong> , garantizando un agarre seguro incluso durante trabajos prolongados.<\/li>\n<\/ul>\n<h4>5. <strong>Seguridad y comodidad<\/strong><\/h4>\n<ul>\n<li><strong>Liner Lock:<\/strong> el cuchillo est\u00e1 equipado con <strong>un Liner Lock<\/strong> , que garantiza que la hoja est\u00e9 bloqueada de forma segura en la posici\u00f3n abierta hasta que la cierre. Este bloqueo es <strong>f\u00e1cil de operar<\/strong> con una mano, lo que garantiza un cierre c\u00f3modo y r\u00e1pido del cuchillo. <\/li>\n<\/ul>\n<h4>6. <strong>Opciones de uso<\/strong><\/h4>\n<ul>\n<li><strong>Clip ajustable:<\/strong> el cuchillo cuenta con <strong>un clip ajustable<\/strong> para llevarlo en el bolsillo, lo que lo convierte en una excelente soluci\u00f3n <strong>tanto para usuarios diestros como zurdos<\/strong> . El clip se puede ajustar para que el cuchillo se lleve en <strong>el bolsillo izquierdo o derecho<\/strong> , seg\u00fan la preferencia del usuario. <\/li>\n<\/ul>\n<h4>7. <strong>Dise\u00f1o compacto y ligero.<\/strong><\/h4>\n<ul>\n<li><strong>Peso:<\/strong> Con <strong>1,60 oz<\/strong> (45,36 g), el cuchillo es <strong>liviano<\/strong> , lo que lo hace muy port\u00e1til y c\u00f3modo de llevar durante todo el d\u00eda sin sobrecargar su bolsillo o bolso.<\/li>\n<\/ul>\n<h3>Posibles usos <strong>del CRKT CEO COMPACT 7095<\/strong> :<\/h3>\n<ol>\n<li><strong>Porte diario (EDC):<\/strong>\n<ul>\n<li>Este cuchillo es ideal para <strong>tareas comunes<\/strong> como <strong>abrir sobres<\/strong> , <strong>cortar paquetes<\/strong> o <strong>manipular materiales<\/strong> . Gracias a <strong>sus dimensiones compactas,<\/strong> es lo suficientemente discreto para su uso en la oficina o durante reuniones de negocios. <\/li>\n<\/ul>\n<\/li>\n<li><strong>Uso de oficina:<\/strong>\n<ul>\n<li>El cuchillo es perfecto para <strong>un entorno de oficina<\/strong> donde se necesita una herramienta confiable para las tareas diarias sin ser demasiado visible. Su <strong>elegante dise\u00f1o<\/strong> lo hace ideal para una apariencia profesional. <\/li>\n<\/ul>\n<\/li>\n<li><strong>Viajes y vida cotidiana:<\/strong>\n<ul>\n<li>Si viaja con frecuencia o necesita un cuchillo para <strong>diversas tareas mientras est\u00e1 en movimiento<\/strong> , el CEO Compact es una excelente soluci\u00f3n que cabe en <strong>cualquier bolsillo<\/strong> y brinda la funcionalidad que necesita.<\/li>\n<\/ul>\n<\/li>\n<\/ol>\n<h3>Conclusi\u00f3n:<\/h3>\n<p><strong>El CRKT CEO COMPACT 7095<\/strong> es el <strong>cuchillo compacto<\/strong> ideal para el transporte diario, que combina <strong>un dise\u00f1o cl\u00e1sico y elegante<\/strong> con <strong>caracter\u00edsticas modernas<\/strong> como <strong>apertura asistida<\/strong> , <strong>movimiento suave de la hoja<\/strong> y <strong>materiales livianos<\/strong> . Es una excelente soluci\u00f3n para quienes buscan <strong>una herramienta confiable y discreta<\/strong> para las tareas diarias en la oficina o mientras viajan. <\/p>\n<\/div>\n<\/div>\n<\/div>\n<\/div>\n<div class=\"mb-2 flex gap-3 empty:hidden -ml-2\">\n<div class=\"items-center justify-start rounded-xl p-1 flex\">\n<div class=\"flex items-center\"><\/div>\n<\/div>\n<\/div>\n<div class=\"pr-2 lg:pr-0\"><\/div>\n<\/div>\n<\/div>\n<\/div>\n<\/div>\n<\/article>\n<\/div>\n<\/div>\n<\/div>\n<\/div>\n<\/div>\n<p><iframe title=\"CRKT CEO COMPACT | Richard Rogers Design\" width=\"800\" height=\"450\" src=\"https:\/\/www.youtube.com\/embed\/okQq-JghOqc?feature=oembed\" frameborder=\"0\" allow=\"accelerometer; autoplay; clipboard-write; encrypted-media; gyroscope; picture-in-picture; web-share\" referrerpolicy=\"strict-origin-when-cross-origin\" allowfullscreen><\/iframe><\/p>\n<p>&nbsp;<\/p>\n","protected":false},"excerpt":{"rendered":"<p><strong>El CRKT CEO COMPACT 7095 es el cuchillo compacto ideal para el transporte diario, que combina un dise\u00f1o cl\u00e1sico y elegante con caracter\u00edsticas modernas como apertura asistida, movimiento suave de la hoja y materiales livianos. Es una excelente soluci\u00f3n para quienes buscan una herramienta confiable y discreta para las tareas diarias en la oficina o mientras viajan. <\/strong><\/p>\n","protected":false},"featured_media":326682,"comment_status":"open","ping_status":"closed","template":"","meta":[],"pwb-brand":[3765],"product_brand":[],"product_cat":[3730,3726],"product_tag":[3756],"class_list":{"0":"post-326681","1":"product","2":"type-product","3":"status-publish","4":"has-post-thumbnail","6":"pwb-brand-crkt-es","7":"product_cat-cuchillas-de-cierre","8":"product_cat-cuchillos","9":"product_tag-b2b-es","11":"first","12":"outofstock","13":"sale","14":"taxable","15":"shipping-taxable","16":"purchasable","17":"product-type-simple"},"brands":[{"id":3765,"name":"CRKT","slug":"crkt-es"}],"_links":{"self":[{"href":"https:\/\/www.moskito.cz\/es\/wp-json\/wp\/v2\/product\/326681","targetHints":{"allow":["GET"]}}],"collection":[{"href":"https:\/\/www.moskito.cz\/es\/wp-json\/wp\/v2\/product"}],"about":[{"href":"https:\/\/www.moskito.cz\/es\/wp-json\/wp\/v2\/types\/product"}],"replies":[{"embeddable":true,"href":"https:\/\/www.moskito.cz\/es\/wp-json\/wp\/v2\/comments?post=326681"}],"wp:featuredmedia":[{"embeddable":true,"href":"https:\/\/www.moskito.cz\/es\/wp-json\/wp\/v2\/media\/326682"}],"wp:attachment":[{"href":"https:\/\/www.moskito.cz\/es\/wp-json\/wp\/v2\/media?parent=326681"}],"wp:term":[{"taxonomy":"pwb-brand","embeddable":true,"href":"https:\/\/www.moskito.cz\/es\/wp-json\/wp\/v2\/pwb-brand?post=326681"},{"taxonomy":"product_brand","embeddable":true,"href":"https:\/\/www.moskito.cz\/es\/wp-json\/wp\/v2\/product_brand?post=326681"},{"taxonomy":"product_cat","embeddable":true,"href":"https:\/\/www.moskito.cz\/es\/wp-json\/wp\/v2\/product_cat?post=326681"},{"taxonomy":"product_tag","embeddable":true,"href":"https:\/\/www.moskito.cz\/es\/wp-json\/wp\/v2\/product_tag?post=326681"}],"curies":[{"name":"wp","href":"https:\/\/api.w.org\/{rel}","templated":true}]}}